{"id":1581,"date":"2020-05-05T15:45:32","date_gmt":"2020-05-05T13:45:32","guid":{"rendered":"https:\/\/mastervape.fr\/?post_type=product&#038;p=1581"},"modified":"2023-10-12T17:16:00","modified_gmt":"2023-10-12T15:16:00","slug":"concentre-shinobi-30ml-ultimate","status":"publish","type":"product","link":"https:\/\/www.mastervape.fr\/index.php\/produit\/concentre-shinobi-30ml-ultimate\/","title":{"rendered":"CONCENTR\u00c9 SHINOBI 30ML &#8211; ULTIMATE"},"content":{"rendered":"<p>S\u2019il y a bien une lame de katana qui fait froid dans le dos rien qu\u2019\u00e0 l\u2019observer, c\u2019est celle de Shinobi, le ninja de la vape d\u2019Ultimate. Son effluve bleut\u00e9 envo\u00fbtant t\u00e9moigne de son mat\u00e9riau surpuissant :\u00a0des framboises bleues glac\u00e9es qui ne manquent pas de tranchant\u00a0! Pr\u00eats pour l\u2019affrontement ?<\/p>\n","protected":false},"excerpt":{"rendered":"<p>S\u2019il y a bien une lame de katana qui fait froid dans le dos rien qu\u2019\u00e0 l\u2019observer, c\u2019est celle de Shinobi, le ninja de la vape d\u2019Ultimate. Son effluve bleut\u00e9 envo\u00fbtant t\u00e9moigne de son mat\u00e9riau surpuissant :\u00a0des framboises bleues glac\u00e9es qui ne manquent pas de tranchant\u00a0! Pr\u00eats pour l\u2019affrontement ?<\/p>\n","protected":false},"featured_media":7079,"template":"","meta":{"_monsterinsights_skip_tracking":false,"_monsterinsights_sitenote_active":false,"_monsterinsights_sitenote_note":"","_monsterinsights_sitenote_category":0,"spay_email":""},"product_cat":[152,74,39,154,156],"product_tag":[],"class_list":["post-1581","product","type-product","status-publish","has-post-thumbnail","hentry","product_cat-30mldiy","product_cat-arome","product_cat-diy","product_cat-fruite","product_cat-menthol"],"yoast_head":"<!-- This site is optimized with the Yoast SEO plugin v18.2 - https:\/\/yoast.com\/wordpress\/plugins\/seo\/ -->\n<title>CONCENTR\u00c9 SHINOBI 30ML - ULTIMATE - Boutique de cigarettes \u00e9lectroniques<\/title>\n<meta name=\"robots\" content=\"index, follow, max-snippet:-1, max-image-preview:large, max-video-preview:-1\" \/>\n<link rel=\"canonical\" href=\"https:\/\/www.mastervape.fr\/index.php\/produit\/concentre-shinobi-30ml-ultimate\/\" \/>\n<meta property=\"og:locale\" content=\"fr_FR\" \/>\n<meta property=\"og:type\" content=\"article\" \/>\n<meta property=\"og:title\" content=\"CONCENTR\u00c9 SHINOBI 30ML - ULTIMATE - Boutique de cigarettes \u00e9lectroniques\" \/>\n<meta property=\"og:description\" content=\"S\u2019il y a bien une lame de katana qui fait froid dans le dos rien qu\u2019\u00e0 l\u2019observer, c\u2019est celle de Shinobi, le ninja de la vape d\u2019Ultimate. Son effluve bleut\u00e9 envo\u00fbtant t\u00e9moigne de son mat\u00e9riau surpuissant :\u00a0des framboises bleues glac\u00e9es qui ne manquent pas de tranchant\u00a0! Pr\u00eats pour l\u2019affrontement ?\" \/>\n<meta property=\"og:url\" content=\"https:\/\/www.mastervape.fr\/index.php\/produit\/concentre-shinobi-30ml-ultimate\/\" \/>\n<meta property=\"og:site_name\" content=\"Boutique de cigarettes \u00e9lectroniques\" \/>\n<meta property=\"article:publisher\" content=\"https:\/\/www.facebook.com\/mastervapeelbeuf\" \/>\n<meta property=\"article:modified_time\" content=\"2023-10-12T15:16:00+00:00\" \/>\n<meta property=\"og:image\" content=\"https:\/\/www.mastervape.fr\/wp-content\/uploads\/2020\/05\/shinobi.png\" \/>\n\t<meta property=\"og:image:width\" content=\"800\" \/>\n\t<meta property=\"og:image:height\" content=\"800\" \/>\n\t<meta property=\"og:image:type\" content=\"image\/png\" \/>\n<meta name=\"twitter:card\" content=\"summary_large_image\" \/>\n<script type=\"application\/ld+json\" class=\"yoast-schema-graph\">{\"@context\":\"https:\/\/schema.org\",\"@graph\":[{\"@type\":\"Organization\",\"@id\":\"https:\/\/www.mastervape.fr\/#organization\",\"name\":\"Master vape\",\"url\":\"https:\/\/www.mastervape.fr\/\",\"sameAs\":[\"https:\/\/www.facebook.com\/mastervapeelbeuf\"],\"logo\":{\"@type\":\"ImageObject\",\"@id\":\"https:\/\/www.mastervape.fr\/#logo\",\"inLanguage\":\"fr-FR\",\"url\":\"https:\/\/mastervape.fr\/wp-content\/uploads\/2020\/04\/logoSite-2.png\",\"contentUrl\":\"https:\/\/mastervape.fr\/wp-content\/uploads\/2020\/04\/logoSite-2.png\",\"width\":512,\"height\":512,\"caption\":\"Master vape\"},\"image\":{\"@id\":\"https:\/\/www.mastervape.fr\/#logo\"}},{\"@type\":\"WebSite\",\"@id\":\"https:\/\/www.mastervape.fr\/#website\",\"url\":\"https:\/\/www.mastervape.fr\/\",\"name\":\"Master vape Elbeuf\",\"description\":\"la vape chez les sp\u00e9cialistes\",\"publisher\":{\"@id\":\"https:\/\/www.mastervape.fr\/#organization\"},\"potentialAction\":[{\"@type\":\"SearchAction\",\"target\":{\"@type\":\"EntryPoint\",\"urlTemplate\":\"https:\/\/www.mastervape.fr\/?s={search_term_string}\"},\"query-input\":\"required name=search_term_string\"}],\"inLanguage\":\"fr-FR\"},{\"@type\":\"ImageObject\",\"@id\":\"https:\/\/www.mastervape.fr\/index.php\/produit\/concentre-shinobi-30ml-ultimate\/#primaryimage\",\"inLanguage\":\"fr-FR\",\"url\":\"https:\/\/www.mastervape.fr\/wp-content\/uploads\/2020\/05\/shinobi.png\",\"contentUrl\":\"https:\/\/www.mastervape.fr\/wp-content\/uploads\/2020\/05\/shinobi.png\",\"width\":800,\"height\":800},{\"@type\":\"WebPage\",\"@id\":\"https:\/\/www.mastervape.fr\/index.php\/produit\/concentre-shinobi-30ml-ultimate\/#webpage\",\"url\":\"https:\/\/www.mastervape.fr\/index.php\/produit\/concentre-shinobi-30ml-ultimate\/\",\"name\":\"CONCENTR\u00c9 SHINOBI 30ML - ULTIMATE - Boutique de cigarettes \u00e9lectroniques\",\"isPartOf\":{\"@id\":\"https:\/\/www.mastervape.fr\/#website\"},\"primaryImageOfPage\":{\"@id\":\"https:\/\/www.mastervape.fr\/index.php\/produit\/concentre-shinobi-30ml-ultimate\/#primaryimage\"},\"datePublished\":\"2020-05-05T13:45:32+00:00\",\"dateModified\":\"2023-10-12T15:16:00+00:00\",\"breadcrumb\":{\"@id\":\"https:\/\/www.mastervape.fr\/index.php\/produit\/concentre-shinobi-30ml-ultimate\/#breadcrumb\"},\"inLanguage\":\"fr-FR\",\"potentialAction\":[{\"@type\":\"ReadAction\",\"target\":[\"https:\/\/www.mastervape.fr\/index.php\/produit\/concentre-shinobi-30ml-ultimate\/\"]}]},{\"@type\":\"BreadcrumbList\",\"@id\":\"https:\/\/www.mastervape.fr\/index.php\/produit\/concentre-shinobi-30ml-ultimate\/#breadcrumb\",\"itemListElement\":[{\"@type\":\"ListItem\",\"position\":1,\"name\":\"Home\",\"item\":\"https:\/\/www.mastervape.fr\/\"},{\"@type\":\"ListItem\",\"position\":2,\"name\":\"Boutique\",\"item\":\"https:\/\/www.mastervape.fr\/index.php\/boutique-cigarette-electronique-elbeuf\/\"},{\"@type\":\"ListItem\",\"position\":3,\"name\":\"CONCENTR\u00c9 SHINOBI 30ML &#8211; ULTIMATE\"}]}]}<\/script>\n<!-- \/ Yoast SEO plugin. -->","yoast_head_json":{"title":"CONCENTR\u00c9 SHINOBI 30ML - ULTIMATE - Boutique de cigarettes \u00e9lectroniques","robots":{"index":"index","follow":"follow","max-snippet":"max-snippet:-1","max-image-preview":"max-image-preview:large","max-video-preview":"max-video-preview:-1"},"canonical":"https:\/\/www.mastervape.fr\/index.php\/produit\/concentre-shinobi-30ml-ultimate\/","og_locale":"fr_FR","og_type":"article","og_title":"CONCENTR\u00c9 SHINOBI 30ML - ULTIMATE - Boutique de cigarettes \u00e9lectroniques","og_description":"S\u2019il y a bien une lame de katana qui fait froid dans le dos rien qu\u2019\u00e0 l\u2019observer, c\u2019est celle de Shinobi, le ninja de la vape d\u2019Ultimate. Son effluve bleut\u00e9 envo\u00fbtant t\u00e9moigne de son mat\u00e9riau surpuissant :\u00a0des framboises bleues glac\u00e9es qui ne manquent pas de tranchant\u00a0! Pr\u00eats pour l\u2019affrontement ?","og_url":"https:\/\/www.mastervape.fr\/index.php\/produit\/concentre-shinobi-30ml-ultimate\/","og_site_name":"Boutique de cigarettes \u00e9lectroniques","article_publisher":"https:\/\/www.facebook.com\/mastervapeelbeuf","article_modified_time":"2023-10-12T15:16:00+00:00","og_image":[{"width":800,"height":800,"url":"https:\/\/www.mastervape.fr\/wp-content\/uploads\/2020\/05\/shinobi.png","type":"image\/png"}],"twitter_card":"summary_large_image","schema":{"@context":"https:\/\/schema.org","@graph":[{"@type":"Organization","@id":"https:\/\/www.mastervape.fr\/#organization","name":"Master vape","url":"https:\/\/www.mastervape.fr\/","sameAs":["https:\/\/www.facebook.com\/mastervapeelbeuf"],"logo":{"@type":"ImageObject","@id":"https:\/\/www.mastervape.fr\/#logo","inLanguage":"fr-FR","url":"https:\/\/mastervape.fr\/wp-content\/uploads\/2020\/04\/logoSite-2.png","contentUrl":"https:\/\/mastervape.fr\/wp-content\/uploads\/2020\/04\/logoSite-2.png","width":512,"height":512,"caption":"Master vape"},"image":{"@id":"https:\/\/www.mastervape.fr\/#logo"}},{"@type":"WebSite","@id":"https:\/\/www.mastervape.fr\/#website","url":"https:\/\/www.mastervape.fr\/","name":"Master vape Elbeuf","description":"la vape chez les sp\u00e9cialistes","publisher":{"@id":"https:\/\/www.mastervape.fr\/#organization"},"potentialAction":[{"@type":"SearchAction","target":{"@type":"EntryPoint","urlTemplate":"https:\/\/www.mastervape.fr\/?s={search_term_string}"},"query-input":"required name=search_term_string"}],"inLanguage":"fr-FR"},{"@type":"ImageObject","@id":"https:\/\/www.mastervape.fr\/index.php\/produit\/concentre-shinobi-30ml-ultimate\/#primaryimage","inLanguage":"fr-FR","url":"https:\/\/www.mastervape.fr\/wp-content\/uploads\/2020\/05\/shinobi.png","contentUrl":"https:\/\/www.mastervape.fr\/wp-content\/uploads\/2020\/05\/shinobi.png","width":800,"height":800},{"@type":"WebPage","@id":"https:\/\/www.mastervape.fr\/index.php\/produit\/concentre-shinobi-30ml-ultimate\/#webpage","url":"https:\/\/www.mastervape.fr\/index.php\/produit\/concentre-shinobi-30ml-ultimate\/","name":"CONCENTR\u00c9 SHINOBI 30ML - ULTIMATE - Boutique de cigarettes \u00e9lectroniques","isPartOf":{"@id":"https:\/\/www.mastervape.fr\/#website"},"primaryImageOfPage":{"@id":"https:\/\/www.mastervape.fr\/index.php\/produit\/concentre-shinobi-30ml-ultimate\/#primaryimage"},"datePublished":"2020-05-05T13:45:32+00:00","dateModified":"2023-10-12T15:16:00+00:00","breadcrumb":{"@id":"https:\/\/www.mastervape.fr\/index.php\/produit\/concentre-shinobi-30ml-ultimate\/#breadcrumb"},"inLanguage":"fr-FR","potentialAction":[{"@type":"ReadAction","target":["https:\/\/www.mastervape.fr\/index.php\/produit\/concentre-shinobi-30ml-ultimate\/"]}]},{"@type":"BreadcrumbList","@id":"https:\/\/www.mastervape.fr\/index.php\/produit\/concentre-shinobi-30ml-ultimate\/#breadcrumb","itemListElement":[{"@type":"ListItem","position":1,"name":"Home","item":"https:\/\/www.mastervape.fr\/"},{"@type":"ListItem","position":2,"name":"Boutique","item":"https:\/\/www.mastervape.fr\/index.php\/boutique-cigarette-electronique-elbeuf\/"},{"@type":"ListItem","position":3,"name":"CONCENTR\u00c9 SHINOBI 30ML &#8211; ULTIMATE"}]}]}},"_links":{"self":[{"href":"https:\/\/www.mastervape.fr\/index.php\/wp-json\/wp\/v2\/product\/1581"}],"collection":[{"href":"https:\/\/www.mastervape.fr\/index.php\/wp-json\/wp\/v2\/product"}],"about":[{"href":"https:\/\/www.mastervape.fr\/index.php\/wp-json\/wp\/v2\/types\/product"}],"wp:featuredmedia":[{"embeddable":true,"href":"https:\/\/www.mastervape.fr\/index.php\/wp-json\/wp\/v2\/media\/7079"}],"wp:attachment":[{"href":"https:\/\/www.mastervape.fr\/index.php\/wp-json\/wp\/v2\/media?parent=1581"}],"wp:term":[{"taxonomy":"product_cat","embeddable":true,"href":"https:\/\/www.mastervape.fr\/index.php\/wp-json\/wp\/v2\/product_cat?post=1581"},{"taxonomy":"product_tag","embeddable":true,"href":"https:\/\/www.mastervape.fr\/index.php\/wp-json\/wp\/v2\/product_tag?post=1581"}],"curies":[{"name":"wp","href":"https:\/\/api.w.org\/{rel}","templated":true}]}}