{"id":2066,"date":"2020-05-14T18:26:02","date_gmt":"2020-05-14T16:26:02","guid":{"rendered":"https:\/\/mastervape.fr\/?post_type=product&#038;p=2066"},"modified":"2023-07-21T12:48:15","modified_gmt":"2023-07-21T10:48:15","slug":"zeus-sub-ohm-mesh-z1-z2-coil","status":"publish","type":"product","link":"https:\/\/www.mastervape.fr\/index.php\/produit\/zeus-sub-ohm-mesh-z1-z2-coil\/","title":{"rendered":"R\u00c9SISTANCES Z SERIE \u2013 GEEKVAPE"},"content":{"rendered":"","protected":false},"excerpt":{"rendered":"<p>Les r\u00e9sistances Zeus de\u00a0<a>Geekvape<\/a>\u00a0fonctionnent avec les clearomiseurs\u00a0<a>Zeus<\/a>,\u00a0<a>P Sub Ohm<\/a>, mais \u00e9galement avec l&#8217;Obelisk et le\u00a0<a>kit Aegis Legend 2<\/a>\u00a0de Geekvape !Nous vous recommandons d&#8217;utiliser les r\u00e9sistances Z de Geekvape avec des e-liquides au taux de glyc\u00e9rine v\u00e9g\u00e9tale relativement \u00e9lev\u00e9. 30\/70<\/p>\n<ul>\n<li>R\u00e9sistance Z XM de 0.15 ohm \u00e0 utiliser entre 70 et 85 watts.<\/li>\n<li>R\u00e9sistance Z de 0.2 ohm \u00e0 utiliser entre 70 et 80 watts.<\/li>\n<li>R\u00e9sistance Z de 0.25 ohm \u00e0 utiliser entre 45 et 57 watts.<\/li>\n<li>R\u00e9sistance Z de 0.4 ohm \u00e0 utiliser entre 50 et 60 watts.<\/li>\n<\/ul>\n","protected":false},"featured_media":2100,"template":"","meta":{"_monsterinsights_skip_tracking":false,"_monsterinsights_sitenote_active":false,"_monsterinsights_sitenote_note":"","_monsterinsights_sitenote_category":0,"spay_email":""},"product_cat":[79],"product_tag":[],"class_list":["post-2066","product","type-product","status-publish","has-post-thumbnail","hentry","product_cat-resistance"],"yoast_head":"<!-- This site is optimized with the Yoast SEO plugin v18.2 - https:\/\/yoast.com\/wordpress\/plugins\/seo\/ -->\n<title>R\u00c9SISTANCES Z SERIE \u2013 GEEKVAPE - Boutique de cigarettes \u00e9lectroniques<\/title>\n<meta name=\"robots\" content=\"index, follow, max-snippet:-1, max-image-preview:large, max-video-preview:-1\" \/>\n<link rel=\"canonical\" href=\"https:\/\/www.mastervape.fr\/index.php\/produit\/zeus-sub-ohm-mesh-z1-z2-coil\/\" \/>\n<meta property=\"og:locale\" content=\"fr_FR\" \/>\n<meta property=\"og:type\" content=\"article\" \/>\n<meta property=\"og:title\" content=\"R\u00c9SISTANCES Z SERIE \u2013 GEEKVAPE - Boutique de cigarettes \u00e9lectroniques\" \/>\n<meta property=\"og:description\" content=\"Les r\u00e9sistances Zeus de\u00a0Geekvape\u00a0fonctionnent avec les clearomiseurs\u00a0Zeus,\u00a0P Sub Ohm, mais \u00e9galement avec l&#039;Obelisk et le\u00a0kit Aegis Legend 2\u00a0de Geekvape !Nous vous recommandons d&#039;utiliser les r\u00e9sistances Z de Geekvape avec des e-liquides au taux de glyc\u00e9rine v\u00e9g\u00e9tale relativement \u00e9lev\u00e9. 30\/70   R\u00e9sistance Z XM de 0.15 ohm \u00e0 utiliser entre 70 et 85 watts.  R\u00e9sistance Z de 0.2 ohm \u00e0 utiliser entre 70 et 80 watts.  R\u00e9sistance Z de 0.25 ohm \u00e0 utiliser entre 45 et 57 watts.  R\u00e9sistance Z de 0.4 ohm \u00e0 utiliser entre 50 et 60 watts.\" \/>\n<meta property=\"og:url\" content=\"https:\/\/www.mastervape.fr\/index.php\/produit\/zeus-sub-ohm-mesh-z1-z2-coil\/\" \/>\n<meta property=\"og:site_name\" content=\"Boutique de cigarettes \u00e9lectroniques\" \/>\n<meta property=\"article:publisher\" content=\"https:\/\/www.facebook.com\/mastervapeelbeuf\" \/>\n<meta property=\"article:modified_time\" content=\"2023-07-21T10:48:15+00:00\" \/>\n<meta property=\"og:image\" content=\"https:\/\/www.mastervape.fr\/wp-content\/uploads\/2020\/05\/zeus-1.jpg\" \/>\n\t<meta property=\"og:image:width\" content=\"603\" \/>\n\t<meta property=\"og:image:height\" content=\"592\" \/>\n\t<meta property=\"og:image:type\" content=\"image\/jpeg\" \/>\n<meta name=\"twitter:card\" content=\"summary_large_image\" \/>\n<script type=\"application\/ld+json\" class=\"yoast-schema-graph\">{\"@context\":\"https:\/\/schema.org\",\"@graph\":[{\"@type\":\"Organization\",\"@id\":\"https:\/\/www.mastervape.fr\/#organization\",\"name\":\"Master vape\",\"url\":\"https:\/\/www.mastervape.fr\/\",\"sameAs\":[\"https:\/\/www.facebook.com\/mastervapeelbeuf\"],\"logo\":{\"@type\":\"ImageObject\",\"@id\":\"https:\/\/www.mastervape.fr\/#logo\",\"inLanguage\":\"fr-FR\",\"url\":\"https:\/\/mastervape.fr\/wp-content\/uploads\/2020\/04\/logoSite-2.png\",\"contentUrl\":\"https:\/\/mastervape.fr\/wp-content\/uploads\/2020\/04\/logoSite-2.png\",\"width\":512,\"height\":512,\"caption\":\"Master vape\"},\"image\":{\"@id\":\"https:\/\/www.mastervape.fr\/#logo\"}},{\"@type\":\"WebSite\",\"@id\":\"https:\/\/www.mastervape.fr\/#website\",\"url\":\"https:\/\/www.mastervape.fr\/\",\"name\":\"Master vape Elbeuf\",\"description\":\"la vape chez les sp\u00e9cialistes\",\"publisher\":{\"@id\":\"https:\/\/www.mastervape.fr\/#organization\"},\"potentialAction\":[{\"@type\":\"SearchAction\",\"target\":{\"@type\":\"EntryPoint\",\"urlTemplate\":\"https:\/\/www.mastervape.fr\/?s={search_term_string}\"},\"query-input\":\"required name=search_term_string\"}],\"inLanguage\":\"fr-FR\"},{\"@type\":\"ImageObject\",\"@id\":\"https:\/\/www.mastervape.fr\/index.php\/produit\/zeus-sub-ohm-mesh-z1-z2-coil\/#primaryimage\",\"inLanguage\":\"fr-FR\",\"url\":\"https:\/\/www.mastervape.fr\/wp-content\/uploads\/2020\/05\/zeus-1.jpg\",\"contentUrl\":\"https:\/\/www.mastervape.fr\/wp-content\/uploads\/2020\/05\/zeus-1.jpg\",\"width\":603,\"height\":592},{\"@type\":\"WebPage\",\"@id\":\"https:\/\/www.mastervape.fr\/index.php\/produit\/zeus-sub-ohm-mesh-z1-z2-coil\/#webpage\",\"url\":\"https:\/\/www.mastervape.fr\/index.php\/produit\/zeus-sub-ohm-mesh-z1-z2-coil\/\",\"name\":\"R\u00c9SISTANCES Z SERIE \u2013 GEEKVAPE - Boutique de cigarettes \u00e9lectroniques\",\"isPartOf\":{\"@id\":\"https:\/\/www.mastervape.fr\/#website\"},\"primaryImageOfPage\":{\"@id\":\"https:\/\/www.mastervape.fr\/index.php\/produit\/zeus-sub-ohm-mesh-z1-z2-coil\/#primaryimage\"},\"datePublished\":\"2020-05-14T16:26:02+00:00\",\"dateModified\":\"2023-07-21T10:48:15+00:00\",\"breadcrumb\":{\"@id\":\"https:\/\/www.mastervape.fr\/index.php\/produit\/zeus-sub-ohm-mesh-z1-z2-coil\/#breadcrumb\"},\"inLanguage\":\"fr-FR\",\"potentialAction\":[{\"@type\":\"ReadAction\",\"target\":[\"https:\/\/www.mastervape.fr\/index.php\/produit\/zeus-sub-ohm-mesh-z1-z2-coil\/\"]}]},{\"@type\":\"BreadcrumbList\",\"@id\":\"https:\/\/www.mastervape.fr\/index.php\/produit\/zeus-sub-ohm-mesh-z1-z2-coil\/#breadcrumb\",\"itemListElement\":[{\"@type\":\"ListItem\",\"position\":1,\"name\":\"Home\",\"item\":\"https:\/\/www.mastervape.fr\/\"},{\"@type\":\"ListItem\",\"position\":2,\"name\":\"Boutique\",\"item\":\"https:\/\/www.mastervape.fr\/index.php\/boutique-cigarette-electronique-elbeuf\/\"},{\"@type\":\"ListItem\",\"position\":3,\"name\":\"R\u00c9SISTANCES Z SERIE \u2013 GEEKVAPE\"}]}]}<\/script>\n<!-- \/ Yoast SEO plugin. -->","yoast_head_json":{"title":"R\u00c9SISTANCES Z SERIE \u2013 GEEKVAPE - Boutique de cigarettes \u00e9lectroniques","robots":{"index":"index","follow":"follow","max-snippet":"max-snippet:-1","max-image-preview":"max-image-preview:large","max-video-preview":"max-video-preview:-1"},"canonical":"https:\/\/www.mastervape.fr\/index.php\/produit\/zeus-sub-ohm-mesh-z1-z2-coil\/","og_locale":"fr_FR","og_type":"article","og_title":"R\u00c9SISTANCES Z SERIE \u2013 GEEKVAPE - Boutique de cigarettes \u00e9lectroniques","og_description":"Les r\u00e9sistances Zeus de\u00a0Geekvape\u00a0fonctionnent avec les clearomiseurs\u00a0Zeus,\u00a0P Sub Ohm, mais \u00e9galement avec l'Obelisk et le\u00a0kit Aegis Legend 2\u00a0de Geekvape !Nous vous recommandons d'utiliser les r\u00e9sistances Z de Geekvape avec des e-liquides au taux de glyc\u00e9rine v\u00e9g\u00e9tale relativement \u00e9lev\u00e9. 30\/70   R\u00e9sistance Z XM de 0.15 ohm \u00e0 utiliser entre 70 et 85 watts.  R\u00e9sistance Z de 0.2 ohm \u00e0 utiliser entre 70 et 80 watts.  R\u00e9sistance Z de 0.25 ohm \u00e0 utiliser entre 45 et 57 watts.  R\u00e9sistance Z de 0.4 ohm \u00e0 utiliser entre 50 et 60 watts.","og_url":"https:\/\/www.mastervape.fr\/index.php\/produit\/zeus-sub-ohm-mesh-z1-z2-coil\/","og_site_name":"Boutique de cigarettes \u00e9lectroniques","article_publisher":"https:\/\/www.facebook.com\/mastervapeelbeuf","article_modified_time":"2023-07-21T10:48:15+00:00","og_image":[{"width":603,"height":592,"url":"https:\/\/www.mastervape.fr\/wp-content\/uploads\/2020\/05\/zeus-1.jpg","type":"image\/jpeg"}],"twitter_card":"summary_large_image","schema":{"@context":"https:\/\/schema.org","@graph":[{"@type":"Organization","@id":"https:\/\/www.mastervape.fr\/#organization","name":"Master vape","url":"https:\/\/www.mastervape.fr\/","sameAs":["https:\/\/www.facebook.com\/mastervapeelbeuf"],"logo":{"@type":"ImageObject","@id":"https:\/\/www.mastervape.fr\/#logo","inLanguage":"fr-FR","url":"https:\/\/mastervape.fr\/wp-content\/uploads\/2020\/04\/logoSite-2.png","contentUrl":"https:\/\/mastervape.fr\/wp-content\/uploads\/2020\/04\/logoSite-2.png","width":512,"height":512,"caption":"Master vape"},"image":{"@id":"https:\/\/www.mastervape.fr\/#logo"}},{"@type":"WebSite","@id":"https:\/\/www.mastervape.fr\/#website","url":"https:\/\/www.mastervape.fr\/","name":"Master vape Elbeuf","description":"la vape chez les sp\u00e9cialistes","publisher":{"@id":"https:\/\/www.mastervape.fr\/#organization"},"potentialAction":[{"@type":"SearchAction","target":{"@type":"EntryPoint","urlTemplate":"https:\/\/www.mastervape.fr\/?s={search_term_string}"},"query-input":"required name=search_term_string"}],"inLanguage":"fr-FR"},{"@type":"ImageObject","@id":"https:\/\/www.mastervape.fr\/index.php\/produit\/zeus-sub-ohm-mesh-z1-z2-coil\/#primaryimage","inLanguage":"fr-FR","url":"https:\/\/www.mastervape.fr\/wp-content\/uploads\/2020\/05\/zeus-1.jpg","contentUrl":"https:\/\/www.mastervape.fr\/wp-content\/uploads\/2020\/05\/zeus-1.jpg","width":603,"height":592},{"@type":"WebPage","@id":"https:\/\/www.mastervape.fr\/index.php\/produit\/zeus-sub-ohm-mesh-z1-z2-coil\/#webpage","url":"https:\/\/www.mastervape.fr\/index.php\/produit\/zeus-sub-ohm-mesh-z1-z2-coil\/","name":"R\u00c9SISTANCES Z SERIE \u2013 GEEKVAPE - Boutique de cigarettes \u00e9lectroniques","isPartOf":{"@id":"https:\/\/www.mastervape.fr\/#website"},"primaryImageOfPage":{"@id":"https:\/\/www.mastervape.fr\/index.php\/produit\/zeus-sub-ohm-mesh-z1-z2-coil\/#primaryimage"},"datePublished":"2020-05-14T16:26:02+00:00","dateModified":"2023-07-21T10:48:15+00:00","breadcrumb":{"@id":"https:\/\/www.mastervape.fr\/index.php\/produit\/zeus-sub-ohm-mesh-z1-z2-coil\/#breadcrumb"},"inLanguage":"fr-FR","potentialAction":[{"@type":"ReadAction","target":["https:\/\/www.mastervape.fr\/index.php\/produit\/zeus-sub-ohm-mesh-z1-z2-coil\/"]}]},{"@type":"BreadcrumbList","@id":"https:\/\/www.mastervape.fr\/index.php\/produit\/zeus-sub-ohm-mesh-z1-z2-coil\/#breadcrumb","itemListElement":[{"@type":"ListItem","position":1,"name":"Home","item":"https:\/\/www.mastervape.fr\/"},{"@type":"ListItem","position":2,"name":"Boutique","item":"https:\/\/www.mastervape.fr\/index.php\/boutique-cigarette-electronique-elbeuf\/"},{"@type":"ListItem","position":3,"name":"R\u00c9SISTANCES Z SERIE \u2013 GEEKVAPE"}]}]}},"_links":{"self":[{"href":"https:\/\/www.mastervape.fr\/index.php\/wp-json\/wp\/v2\/product\/2066"}],"collection":[{"href":"https:\/\/www.mastervape.fr\/index.php\/wp-json\/wp\/v2\/product"}],"about":[{"href":"https:\/\/www.mastervape.fr\/index.php\/wp-json\/wp\/v2\/types\/product"}],"wp:featuredmedia":[{"embeddable":true,"href":"https:\/\/www.mastervape.fr\/index.php\/wp-json\/wp\/v2\/media\/2100"}],"wp:attachment":[{"href":"https:\/\/www.mastervape.fr\/index.php\/wp-json\/wp\/v2\/media?parent=2066"}],"wp:term":[{"taxonomy":"product_cat","embeddable":true,"href":"https:\/\/www.mastervape.fr\/index.php\/wp-json\/wp\/v2\/product_cat?post=2066"},{"taxonomy":"product_tag","embeddable":true,"href":"https:\/\/www.mastervape.fr\/index.php\/wp-json\/wp\/v2\/product_tag?post=2066"}],"curies":[{"name":"wp","href":"https:\/\/api.w.org\/{rel}","templated":true}]}}