{"id":9157,"date":"2025-11-07T14:54:59","date_gmt":"2025-11-07T13:54:59","guid":{"rendered":"https:\/\/www.mastervape.fr\/?post_type=product&#038;p=9157"},"modified":"2025-11-07T14:56:51","modified_gmt":"2025-11-07T13:56:51","slug":"kit-armour-ultra-vaporesso","status":"publish","type":"product","link":"https:\/\/www.mastervape.fr\/index.php\/produit\/kit-armour-ultra-vaporesso\/","title":{"rendered":"Kit Armour Ultra Vaporesso"},"content":{"rendered":"<table>\n<tbody>\n<tr>\n<td>Origine<\/td>\n<td>Chine<\/td>\n<\/tr>\n<tr>\n<td>Inhalation<\/td>\n<td>Directe<\/td>\n<\/tr>\n<tr>\n<td>Type de r\u00e9servoir<\/td>\n<td>Clearo<\/td>\n<\/tr>\n<tr>\n<td>Type de cigarettes \u00e9lectroniques<\/td>\n<td>Box<\/td>\n<\/tr>\n<tr>\n<td>Electro &#8211; M\u00e9ca<\/td>\n<td>Electronique<\/td>\n<\/tr>\n<tr>\n<td>Batterie int\u00e9gr\u00e9e<\/td>\n<td>Oui<\/td>\n<\/tr>\n<tr>\n<td>Autonomie<\/td>\n<td>5500 mah<\/td>\n<\/tr>\n<tr>\n<td>Remplissage<\/td>\n<td>Par le haut<\/td>\n<\/tr>\n<tr>\n<td>Puissance<\/td>\n<td>100 Watts<\/td>\n<\/tr>\n<tr>\n<td>R\u00e9servoir<\/td>\n<td>6 ml<\/td>\n<\/tr>\n<tr>\n<td>Airflow<\/td>\n<td>R\u00e9glable<\/td>\n<\/tr>\n<tr>\n<td>Drip Tip<\/td>\n<td>810<\/td>\n<\/tr>\n<tr>\n<td>Pas de vis<\/td>\n<td>510<\/td>\n<\/tr>\n<tr>\n<td>Port USB<\/td>\n<td>Oui<\/td>\n<\/tr>\n<tr>\n<td>Longueur<\/td>\n<td>37.6 mm<\/td>\n<\/tr>\n<tr>\n<td>Largeur<\/td>\n<td>31 mm<\/td>\n<\/tr>\n<tr>\n<td>Hauteur<\/td>\n<td>144.5 mm<\/td>\n<\/tr>\n<\/tbody>\n<\/table>\n","protected":false},"excerpt":{"rendered":"<p>&nbsp;<\/p>\n<p>La c\u00e9l\u00e8bre marque Vaporesso\u00a0surprend une fois de plus avec un kit \u00e0 la fois robuste et g\u00e9n\u00e9reux : le Armour Ultra.<\/p>\n<p>Con\u00e7u pour r\u00e9sister aux conditions extr\u00eames, ce mod \u00e9lectronique est certifi\u00e9 IP68 et IP69K, le rendant \u00e9tanche, antichoc et r\u00e9sistant \u00e0 la poussi\u00e8re. V\u00e9ritable concentr\u00e9 de solidit\u00e9, il embarque une impressionnante batterie de 5500 mAh, rechargeable par USB-C, pour garantir de longues sessions de vape.<\/p>\n<p>Au c\u0153ur de la\u00a0box Armour Ultra, on retrouve le chipset Axon de Vaporesso, dot\u00e9 du tout nouveau mode Amplification. Ce dernier se r\u00e9v\u00e8le 25 % plus performant que le mode Pulse d\u00e9j\u00e0 pr\u00e9sent sur les mod\u00e8les pr\u00e9c\u00e9dents.<\/p>\n<p>Capable de d\u00e9livrer jusqu\u2019\u00e0 100 watts de puissance, la box s\u2019associe parfaitement au\u00a0clearomiseur iTank T Dual Mesh, fourni dans le kit. Ce r\u00e9servoir de 6 ml dispose d\u2019un remplissage par le haut et d\u2019un airflow r\u00e9glable pour un tirage sur mesure. Compatible avec les\u00a0r\u00e9sistances GTi Dual Mesh, il garantit une vape riche en saveurs et g\u00e9n\u00e9reuse en vapeur.<\/p>\n<p>&nbsp;<\/p>\n","protected":false},"featured_media":9163,"template":"","meta":{"_monsterinsights_skip_tracking":false,"_monsterinsights_sitenote_active":false,"_monsterinsights_sitenote_note":"","_monsterinsights_sitenote_category":0,"spay_email":""},"product_cat":[244,121,224,223,122,123,366],"product_tag":[],"class_list":["post-9157","product","type-product","status-publish","has-post-thumbnail","hentry","product_cat-baterrie-integree","product_cat-box-accu","product_cat-expert","product_cat-intermediaire","product_cat-kit-2","product_cat-nouveaute","product_cat-top-matos"],"yoast_head":"<!-- This site is optimized with the Yoast SEO plugin v18.2 - https:\/\/yoast.com\/wordpress\/plugins\/seo\/ -->\n<title>Kit Armour Ultra Vaporesso - Boutique de cigarettes \u00e9lectroniques<\/title>\n<meta name=\"robots\" content=\"index, follow, max-snippet:-1, max-image-preview:large, max-video-preview:-1\" \/>\n<link rel=\"canonical\" href=\"https:\/\/www.mastervape.fr\/index.php\/produit\/kit-armour-ultra-vaporesso\/\" \/>\n<meta property=\"og:locale\" content=\"fr_FR\" \/>\n<meta property=\"og:type\" content=\"article\" \/>\n<meta property=\"og:title\" content=\"Kit Armour Ultra Vaporesso - Boutique de cigarettes \u00e9lectroniques\" \/>\n<meta property=\"og:description\" content=\"&nbsp;  La c\u00e9l\u00e8bre marque Vaporesso\u00a0surprend une fois de plus avec un kit \u00e0 la fois robuste et g\u00e9n\u00e9reux : le Armour Ultra.  Con\u00e7u pour r\u00e9sister aux conditions extr\u00eames, ce mod \u00e9lectronique est certifi\u00e9 IP68 et IP69K, le rendant \u00e9tanche, antichoc et r\u00e9sistant \u00e0 la poussi\u00e8re. V\u00e9ritable concentr\u00e9 de solidit\u00e9, il embarque une impressionnante batterie de 5500 mAh, rechargeable par USB-C, pour garantir de longues sessions de vape.  Au c\u0153ur de la\u00a0box Armour Ultra, on retrouve le chipset Axon de Vaporesso, dot\u00e9 du tout nouveau mode Amplification. Ce dernier se r\u00e9v\u00e8le 25 % plus performant que le mode Pulse d\u00e9j\u00e0 pr\u00e9sent sur les mod\u00e8les pr\u00e9c\u00e9dents.  Capable de d\u00e9livrer jusqu\u2019\u00e0 100 watts de puissance, la box s\u2019associe parfaitement au\u00a0clearomiseur iTank T Dual Mesh, fourni dans le kit. Ce r\u00e9servoir de 6 ml dispose d\u2019un remplissage par le haut et d\u2019un airflow r\u00e9glable pour un tirage sur mesure. Compatible avec les\u00a0r\u00e9sistances GTi Dual Mesh, il garantit une vape riche en saveurs et g\u00e9n\u00e9reuse en vapeur.  &nbsp;\" \/>\n<meta property=\"og:url\" content=\"https:\/\/www.mastervape.fr\/index.php\/produit\/kit-armour-ultra-vaporesso\/\" \/>\n<meta property=\"og:site_name\" content=\"Boutique de cigarettes \u00e9lectroniques\" \/>\n<meta property=\"article:publisher\" content=\"https:\/\/www.facebook.com\/mastervapeelbeuf\" \/>\n<meta property=\"article:modified_time\" content=\"2025-11-07T13:56:51+00:00\" \/>\n<meta property=\"og:image\" content=\"https:\/\/www.mastervape.fr\/wp-content\/uploads\/2025\/11\/armour-ultra.jpg\" \/>\n\t<meta property=\"og:image:width\" content=\"794\" \/>\n\t<meta property=\"og:image:height\" content=\"793\" \/>\n\t<meta property=\"og:image:type\" content=\"image\/jpeg\" \/>\n<meta name=\"twitter:card\" content=\"summary_large_image\" \/>\n<script type=\"application\/ld+json\" class=\"yoast-schema-graph\">{\"@context\":\"https:\/\/schema.org\",\"@graph\":[{\"@type\":\"Organization\",\"@id\":\"https:\/\/www.mastervape.fr\/#organization\",\"name\":\"Master vape\",\"url\":\"https:\/\/www.mastervape.fr\/\",\"sameAs\":[\"https:\/\/www.facebook.com\/mastervapeelbeuf\"],\"logo\":{\"@type\":\"ImageObject\",\"@id\":\"https:\/\/www.mastervape.fr\/#logo\",\"inLanguage\":\"fr-FR\",\"url\":\"https:\/\/mastervape.fr\/wp-content\/uploads\/2020\/04\/logoSite-2.png\",\"contentUrl\":\"https:\/\/mastervape.fr\/wp-content\/uploads\/2020\/04\/logoSite-2.png\",\"width\":512,\"height\":512,\"caption\":\"Master vape\"},\"image\":{\"@id\":\"https:\/\/www.mastervape.fr\/#logo\"}},{\"@type\":\"WebSite\",\"@id\":\"https:\/\/www.mastervape.fr\/#website\",\"url\":\"https:\/\/www.mastervape.fr\/\",\"name\":\"Master vape Elbeuf\",\"description\":\"la vape chez les sp\u00e9cialistes\",\"publisher\":{\"@id\":\"https:\/\/www.mastervape.fr\/#organization\"},\"potentialAction\":[{\"@type\":\"SearchAction\",\"target\":{\"@type\":\"EntryPoint\",\"urlTemplate\":\"https:\/\/www.mastervape.fr\/?s={search_term_string}\"},\"query-input\":\"required name=search_term_string\"}],\"inLanguage\":\"fr-FR\"},{\"@type\":\"ImageObject\",\"@id\":\"https:\/\/www.mastervape.fr\/index.php\/produit\/kit-armour-ultra-vaporesso\/#primaryimage\",\"inLanguage\":\"fr-FR\",\"url\":\"https:\/\/www.mastervape.fr\/wp-content\/uploads\/2025\/11\/armour-ultra.jpg\",\"contentUrl\":\"https:\/\/www.mastervape.fr\/wp-content\/uploads\/2025\/11\/armour-ultra.jpg\",\"width\":794,\"height\":793},{\"@type\":\"WebPage\",\"@id\":\"https:\/\/www.mastervape.fr\/index.php\/produit\/kit-armour-ultra-vaporesso\/#webpage\",\"url\":\"https:\/\/www.mastervape.fr\/index.php\/produit\/kit-armour-ultra-vaporesso\/\",\"name\":\"Kit Armour Ultra Vaporesso - Boutique de cigarettes \u00e9lectroniques\",\"isPartOf\":{\"@id\":\"https:\/\/www.mastervape.fr\/#website\"},\"primaryImageOfPage\":{\"@id\":\"https:\/\/www.mastervape.fr\/index.php\/produit\/kit-armour-ultra-vaporesso\/#primaryimage\"},\"datePublished\":\"2025-11-07T13:54:59+00:00\",\"dateModified\":\"2025-11-07T13:56:51+00:00\",\"breadcrumb\":{\"@id\":\"https:\/\/www.mastervape.fr\/index.php\/produit\/kit-armour-ultra-vaporesso\/#breadcrumb\"},\"inLanguage\":\"fr-FR\",\"potentialAction\":[{\"@type\":\"ReadAction\",\"target\":[\"https:\/\/www.mastervape.fr\/index.php\/produit\/kit-armour-ultra-vaporesso\/\"]}]},{\"@type\":\"BreadcrumbList\",\"@id\":\"https:\/\/www.mastervape.fr\/index.php\/produit\/kit-armour-ultra-vaporesso\/#breadcrumb\",\"itemListElement\":[{\"@type\":\"ListItem\",\"position\":1,\"name\":\"Home\",\"item\":\"https:\/\/www.mastervape.fr\/\"},{\"@type\":\"ListItem\",\"position\":2,\"name\":\"Boutique\",\"item\":\"https:\/\/www.mastervape.fr\/index.php\/boutique-cigarette-electronique-elbeuf\/\"},{\"@type\":\"ListItem\",\"position\":3,\"name\":\"Kit Armour Ultra Vaporesso\"}]}]}<\/script>\n<!-- \/ Yoast SEO plugin. -->","yoast_head_json":{"title":"Kit Armour Ultra Vaporesso - Boutique de cigarettes \u00e9lectroniques","robots":{"index":"index","follow":"follow","max-snippet":"max-snippet:-1","max-image-preview":"max-image-preview:large","max-video-preview":"max-video-preview:-1"},"canonical":"https:\/\/www.mastervape.fr\/index.php\/produit\/kit-armour-ultra-vaporesso\/","og_locale":"fr_FR","og_type":"article","og_title":"Kit Armour Ultra Vaporesso - Boutique de cigarettes \u00e9lectroniques","og_description":"&nbsp;  La c\u00e9l\u00e8bre marque Vaporesso\u00a0surprend une fois de plus avec un kit \u00e0 la fois robuste et g\u00e9n\u00e9reux : le Armour Ultra.  Con\u00e7u pour r\u00e9sister aux conditions extr\u00eames, ce mod \u00e9lectronique est certifi\u00e9 IP68 et IP69K, le rendant \u00e9tanche, antichoc et r\u00e9sistant \u00e0 la poussi\u00e8re. V\u00e9ritable concentr\u00e9 de solidit\u00e9, il embarque une impressionnante batterie de 5500 mAh, rechargeable par USB-C, pour garantir de longues sessions de vape.  Au c\u0153ur de la\u00a0box Armour Ultra, on retrouve le chipset Axon de Vaporesso, dot\u00e9 du tout nouveau mode Amplification. Ce dernier se r\u00e9v\u00e8le 25 % plus performant que le mode Pulse d\u00e9j\u00e0 pr\u00e9sent sur les mod\u00e8les pr\u00e9c\u00e9dents.  Capable de d\u00e9livrer jusqu\u2019\u00e0 100 watts de puissance, la box s\u2019associe parfaitement au\u00a0clearomiseur iTank T Dual Mesh, fourni dans le kit. Ce r\u00e9servoir de 6 ml dispose d\u2019un remplissage par le haut et d\u2019un airflow r\u00e9glable pour un tirage sur mesure. Compatible avec les\u00a0r\u00e9sistances GTi Dual Mesh, il garantit une vape riche en saveurs et g\u00e9n\u00e9reuse en vapeur.  &nbsp;","og_url":"https:\/\/www.mastervape.fr\/index.php\/produit\/kit-armour-ultra-vaporesso\/","og_site_name":"Boutique de cigarettes \u00e9lectroniques","article_publisher":"https:\/\/www.facebook.com\/mastervapeelbeuf","article_modified_time":"2025-11-07T13:56:51+00:00","og_image":[{"width":794,"height":793,"url":"https:\/\/www.mastervape.fr\/wp-content\/uploads\/2025\/11\/armour-ultra.jpg","type":"image\/jpeg"}],"twitter_card":"summary_large_image","schema":{"@context":"https:\/\/schema.org","@graph":[{"@type":"Organization","@id":"https:\/\/www.mastervape.fr\/#organization","name":"Master vape","url":"https:\/\/www.mastervape.fr\/","sameAs":["https:\/\/www.facebook.com\/mastervapeelbeuf"],"logo":{"@type":"ImageObject","@id":"https:\/\/www.mastervape.fr\/#logo","inLanguage":"fr-FR","url":"https:\/\/mastervape.fr\/wp-content\/uploads\/2020\/04\/logoSite-2.png","contentUrl":"https:\/\/mastervape.fr\/wp-content\/uploads\/2020\/04\/logoSite-2.png","width":512,"height":512,"caption":"Master vape"},"image":{"@id":"https:\/\/www.mastervape.fr\/#logo"}},{"@type":"WebSite","@id":"https:\/\/www.mastervape.fr\/#website","url":"https:\/\/www.mastervape.fr\/","name":"Master vape Elbeuf","description":"la vape chez les sp\u00e9cialistes","publisher":{"@id":"https:\/\/www.mastervape.fr\/#organization"},"potentialAction":[{"@type":"SearchAction","target":{"@type":"EntryPoint","urlTemplate":"https:\/\/www.mastervape.fr\/?s={search_term_string}"},"query-input":"required name=search_term_string"}],"inLanguage":"fr-FR"},{"@type":"ImageObject","@id":"https:\/\/www.mastervape.fr\/index.php\/produit\/kit-armour-ultra-vaporesso\/#primaryimage","inLanguage":"fr-FR","url":"https:\/\/www.mastervape.fr\/wp-content\/uploads\/2025\/11\/armour-ultra.jpg","contentUrl":"https:\/\/www.mastervape.fr\/wp-content\/uploads\/2025\/11\/armour-ultra.jpg","width":794,"height":793},{"@type":"WebPage","@id":"https:\/\/www.mastervape.fr\/index.php\/produit\/kit-armour-ultra-vaporesso\/#webpage","url":"https:\/\/www.mastervape.fr\/index.php\/produit\/kit-armour-ultra-vaporesso\/","name":"Kit Armour Ultra Vaporesso - Boutique de cigarettes \u00e9lectroniques","isPartOf":{"@id":"https:\/\/www.mastervape.fr\/#website"},"primaryImageOfPage":{"@id":"https:\/\/www.mastervape.fr\/index.php\/produit\/kit-armour-ultra-vaporesso\/#primaryimage"},"datePublished":"2025-11-07T13:54:59+00:00","dateModified":"2025-11-07T13:56:51+00:00","breadcrumb":{"@id":"https:\/\/www.mastervape.fr\/index.php\/produit\/kit-armour-ultra-vaporesso\/#breadcrumb"},"inLanguage":"fr-FR","potentialAction":[{"@type":"ReadAction","target":["https:\/\/www.mastervape.fr\/index.php\/produit\/kit-armour-ultra-vaporesso\/"]}]},{"@type":"BreadcrumbList","@id":"https:\/\/www.mastervape.fr\/index.php\/produit\/kit-armour-ultra-vaporesso\/#breadcrumb","itemListElement":[{"@type":"ListItem","position":1,"name":"Home","item":"https:\/\/www.mastervape.fr\/"},{"@type":"ListItem","position":2,"name":"Boutique","item":"https:\/\/www.mastervape.fr\/index.php\/boutique-cigarette-electronique-elbeuf\/"},{"@type":"ListItem","position":3,"name":"Kit Armour Ultra Vaporesso"}]}]}},"_links":{"self":[{"href":"https:\/\/www.mastervape.fr\/index.php\/wp-json\/wp\/v2\/product\/9157"}],"collection":[{"href":"https:\/\/www.mastervape.fr\/index.php\/wp-json\/wp\/v2\/product"}],"about":[{"href":"https:\/\/www.mastervape.fr\/index.php\/wp-json\/wp\/v2\/types\/product"}],"wp:featuredmedia":[{"embeddable":true,"href":"https:\/\/www.mastervape.fr\/index.php\/wp-json\/wp\/v2\/media\/9163"}],"wp:attachment":[{"href":"https:\/\/www.mastervape.fr\/index.php\/wp-json\/wp\/v2\/media?parent=9157"}],"wp:term":[{"taxonomy":"product_cat","embeddable":true,"href":"https:\/\/www.mastervape.fr\/index.php\/wp-json\/wp\/v2\/product_cat?post=9157"},{"taxonomy":"product_tag","embeddable":true,"href":"https:\/\/www.mastervape.fr\/index.php\/wp-json\/wp\/v2\/product_tag?post=9157"}],"curies":[{"name":"wp","href":"https:\/\/api.w.org\/{rel}","templated":true}]}}