{"id":9259,"date":"2026-02-20T16:40:15","date_gmt":"2026-02-20T15:40:15","guid":{"rendered":"https:\/\/www.mastervape.fr\/?post_type=product&#038;p=9259"},"modified":"2026-02-20T16:40:15","modified_gmt":"2026-02-20T15:40:15","slug":"vape-of-legends-red-fury","status":"publish","type":"product","link":"https:\/\/www.mastervape.fr\/index.php\/produit\/vape-of-legends-red-fury\/","title":{"rendered":"VAPE OF LEGENDS RED FURY"},"content":{"rendered":"","protected":false},"excerpt":{"rendered":"<p>&nbsp;<\/p>\n<p>Le Red Fury vient compl\u00e9ter la gamme Vape Of Legends du fabricant fran\u00e7ais Levest.<\/p>\n<p>Sa recette m\u00eale une\u00a0<strong>saveur de fruit du dragon \u00e0 un go\u00fbt de fraise, avec une rendu frais<\/strong>.<\/p>\n<p>Ce e-liquide pour cigarette \u00e9lectronique est non nicotin\u00e9 de base.<\/p>\n<p>Livr\u00e9 dans une fiole de 70ml remplie \u00e0 hauteur de 50ml, il peut au besoin \u00eatre additionn\u00e9 de boosters de nicotine (non inclus).<\/p>\n<p>Le Red Fury se compose d&#8217;ar\u00f4mes, de propyl\u00e8ne glycol et de glyc\u00e9rine v\u00e9g\u00e9tale, avec un ratio 50PG\/50VG.<\/p>\n<p>Son flacon est \u00e9quip\u00e9 d&#8217;un bouchon avec s\u00e9curit\u00e9 enfant et d&#8217;un embout fin.<\/p>\n","protected":false},"featured_media":9263,"template":"","meta":{"_monsterinsights_skip_tracking":false,"_monsterinsights_sitenote_active":false,"_monsterinsights_sitenote_note":"","_monsterinsights_sitenote_category":0,"spay_email":""},"product_cat":[119,115,123,107],"product_tag":[],"class_list":["post-9259","product","type-product","status-publish","has-post-thumbnail","hentry","product_cat-fruitees-frais","product_cat-gout","product_cat-nouveaute","product_cat-50ml"],"yoast_head":"<!-- This site is optimized with the Yoast SEO plugin v18.2 - https:\/\/yoast.com\/wordpress\/plugins\/seo\/ -->\n<title>VAPE OF LEGENDS RED FURY - Boutique de cigarettes \u00e9lectroniques<\/title>\n<meta name=\"robots\" content=\"index, follow, max-snippet:-1, max-image-preview:large, max-video-preview:-1\" \/>\n<link rel=\"canonical\" href=\"https:\/\/www.mastervape.fr\/index.php\/produit\/vape-of-legends-red-fury\/\" \/>\n<meta property=\"og:locale\" content=\"fr_FR\" \/>\n<meta property=\"og:type\" content=\"article\" \/>\n<meta property=\"og:title\" content=\"VAPE OF LEGENDS RED FURY - Boutique de cigarettes \u00e9lectroniques\" \/>\n<meta property=\"og:description\" content=\"&nbsp;  Le Red Fury vient compl\u00e9ter la gamme Vape Of Legends du fabricant fran\u00e7ais Levest.  Sa recette m\u00eale une\u00a0saveur de fruit du dragon \u00e0 un go\u00fbt de fraise, avec une rendu frais.  Ce e-liquide pour cigarette \u00e9lectronique est non nicotin\u00e9 de base.  Livr\u00e9 dans une fiole de 70ml remplie \u00e0 hauteur de 50ml, il peut au besoin \u00eatre additionn\u00e9 de boosters de nicotine (non inclus).  Le Red Fury se compose d&#039;ar\u00f4mes, de propyl\u00e8ne glycol et de glyc\u00e9rine v\u00e9g\u00e9tale, avec un ratio 50PG\/50VG.  Son flacon est \u00e9quip\u00e9 d&#039;un bouchon avec s\u00e9curit\u00e9 enfant et d&#039;un embout fin.\" \/>\n<meta property=\"og:url\" content=\"https:\/\/www.mastervape.fr\/index.php\/produit\/vape-of-legends-red-fury\/\" \/>\n<meta property=\"og:site_name\" content=\"Boutique de cigarettes \u00e9lectroniques\" \/>\n<meta property=\"article:publisher\" content=\"https:\/\/www.facebook.com\/mastervapeelbeuf\" \/>\n<meta property=\"og:image\" content=\"https:\/\/www.mastervape.fr\/wp-content\/uploads\/2026\/02\/red-fury.png\" \/>\n\t<meta property=\"og:image:width\" content=\"800\" \/>\n\t<meta property=\"og:image:height\" content=\"800\" \/>\n\t<meta property=\"og:image:type\" content=\"image\/png\" \/>\n<meta name=\"twitter:card\" content=\"summary_large_image\" \/>\n<script type=\"application\/ld+json\" class=\"yoast-schema-graph\">{\"@context\":\"https:\/\/schema.org\",\"@graph\":[{\"@type\":\"Organization\",\"@id\":\"https:\/\/www.mastervape.fr\/#organization\",\"name\":\"Master vape\",\"url\":\"https:\/\/www.mastervape.fr\/\",\"sameAs\":[\"https:\/\/www.facebook.com\/mastervapeelbeuf\"],\"logo\":{\"@type\":\"ImageObject\",\"@id\":\"https:\/\/www.mastervape.fr\/#logo\",\"inLanguage\":\"fr-FR\",\"url\":\"https:\/\/mastervape.fr\/wp-content\/uploads\/2020\/04\/logoSite-2.png\",\"contentUrl\":\"https:\/\/mastervape.fr\/wp-content\/uploads\/2020\/04\/logoSite-2.png\",\"width\":512,\"height\":512,\"caption\":\"Master vape\"},\"image\":{\"@id\":\"https:\/\/www.mastervape.fr\/#logo\"}},{\"@type\":\"WebSite\",\"@id\":\"https:\/\/www.mastervape.fr\/#website\",\"url\":\"https:\/\/www.mastervape.fr\/\",\"name\":\"Master vape Elbeuf\",\"description\":\"la vape chez les sp\u00e9cialistes\",\"publisher\":{\"@id\":\"https:\/\/www.mastervape.fr\/#organization\"},\"potentialAction\":[{\"@type\":\"SearchAction\",\"target\":{\"@type\":\"EntryPoint\",\"urlTemplate\":\"https:\/\/www.mastervape.fr\/?s={search_term_string}\"},\"query-input\":\"required name=search_term_string\"}],\"inLanguage\":\"fr-FR\"},{\"@type\":\"ImageObject\",\"@id\":\"https:\/\/www.mastervape.fr\/index.php\/produit\/vape-of-legends-red-fury\/#primaryimage\",\"inLanguage\":\"fr-FR\",\"url\":\"https:\/\/www.mastervape.fr\/wp-content\/uploads\/2026\/02\/red-fury.png\",\"contentUrl\":\"https:\/\/www.mastervape.fr\/wp-content\/uploads\/2026\/02\/red-fury.png\",\"width\":800,\"height\":800},{\"@type\":\"WebPage\",\"@id\":\"https:\/\/www.mastervape.fr\/index.php\/produit\/vape-of-legends-red-fury\/#webpage\",\"url\":\"https:\/\/www.mastervape.fr\/index.php\/produit\/vape-of-legends-red-fury\/\",\"name\":\"VAPE OF LEGENDS RED FURY - Boutique de cigarettes \u00e9lectroniques\",\"isPartOf\":{\"@id\":\"https:\/\/www.mastervape.fr\/#website\"},\"primaryImageOfPage\":{\"@id\":\"https:\/\/www.mastervape.fr\/index.php\/produit\/vape-of-legends-red-fury\/#primaryimage\"},\"datePublished\":\"2026-02-20T15:40:15+00:00\",\"dateModified\":\"2026-02-20T15:40:15+00:00\",\"breadcrumb\":{\"@id\":\"https:\/\/www.mastervape.fr\/index.php\/produit\/vape-of-legends-red-fury\/#breadcrumb\"},\"inLanguage\":\"fr-FR\",\"potentialAction\":[{\"@type\":\"ReadAction\",\"target\":[\"https:\/\/www.mastervape.fr\/index.php\/produit\/vape-of-legends-red-fury\/\"]}]},{\"@type\":\"BreadcrumbList\",\"@id\":\"https:\/\/www.mastervape.fr\/index.php\/produit\/vape-of-legends-red-fury\/#breadcrumb\",\"itemListElement\":[{\"@type\":\"ListItem\",\"position\":1,\"name\":\"Home\",\"item\":\"https:\/\/www.mastervape.fr\/\"},{\"@type\":\"ListItem\",\"position\":2,\"name\":\"Boutique\",\"item\":\"https:\/\/www.mastervape.fr\/index.php\/boutique-cigarette-electronique-elbeuf\/\"},{\"@type\":\"ListItem\",\"position\":3,\"name\":\"VAPE OF LEGENDS RED FURY\"}]}]}<\/script>\n<!-- \/ Yoast SEO plugin. -->","yoast_head_json":{"title":"VAPE OF LEGENDS RED FURY - Boutique de cigarettes \u00e9lectroniques","robots":{"index":"index","follow":"follow","max-snippet":"max-snippet:-1","max-image-preview":"max-image-preview:large","max-video-preview":"max-video-preview:-1"},"canonical":"https:\/\/www.mastervape.fr\/index.php\/produit\/vape-of-legends-red-fury\/","og_locale":"fr_FR","og_type":"article","og_title":"VAPE OF LEGENDS RED FURY - Boutique de cigarettes \u00e9lectroniques","og_description":"&nbsp;  Le Red Fury vient compl\u00e9ter la gamme Vape Of Legends du fabricant fran\u00e7ais Levest.  Sa recette m\u00eale une\u00a0saveur de fruit du dragon \u00e0 un go\u00fbt de fraise, avec une rendu frais.  Ce e-liquide pour cigarette \u00e9lectronique est non nicotin\u00e9 de base.  Livr\u00e9 dans une fiole de 70ml remplie \u00e0 hauteur de 50ml, il peut au besoin \u00eatre additionn\u00e9 de boosters de nicotine (non inclus).  Le Red Fury se compose d'ar\u00f4mes, de propyl\u00e8ne glycol et de glyc\u00e9rine v\u00e9g\u00e9tale, avec un ratio 50PG\/50VG.  Son flacon est \u00e9quip\u00e9 d'un bouchon avec s\u00e9curit\u00e9 enfant et d'un embout fin.","og_url":"https:\/\/www.mastervape.fr\/index.php\/produit\/vape-of-legends-red-fury\/","og_site_name":"Boutique de cigarettes \u00e9lectroniques","article_publisher":"https:\/\/www.facebook.com\/mastervapeelbeuf","og_image":[{"width":800,"height":800,"url":"https:\/\/www.mastervape.fr\/wp-content\/uploads\/2026\/02\/red-fury.png","type":"image\/png"}],"twitter_card":"summary_large_image","schema":{"@context":"https:\/\/schema.org","@graph":[{"@type":"Organization","@id":"https:\/\/www.mastervape.fr\/#organization","name":"Master vape","url":"https:\/\/www.mastervape.fr\/","sameAs":["https:\/\/www.facebook.com\/mastervapeelbeuf"],"logo":{"@type":"ImageObject","@id":"https:\/\/www.mastervape.fr\/#logo","inLanguage":"fr-FR","url":"https:\/\/mastervape.fr\/wp-content\/uploads\/2020\/04\/logoSite-2.png","contentUrl":"https:\/\/mastervape.fr\/wp-content\/uploads\/2020\/04\/logoSite-2.png","width":512,"height":512,"caption":"Master vape"},"image":{"@id":"https:\/\/www.mastervape.fr\/#logo"}},{"@type":"WebSite","@id":"https:\/\/www.mastervape.fr\/#website","url":"https:\/\/www.mastervape.fr\/","name":"Master vape Elbeuf","description":"la vape chez les sp\u00e9cialistes","publisher":{"@id":"https:\/\/www.mastervape.fr\/#organization"},"potentialAction":[{"@type":"SearchAction","target":{"@type":"EntryPoint","urlTemplate":"https:\/\/www.mastervape.fr\/?s={search_term_string}"},"query-input":"required name=search_term_string"}],"inLanguage":"fr-FR"},{"@type":"ImageObject","@id":"https:\/\/www.mastervape.fr\/index.php\/produit\/vape-of-legends-red-fury\/#primaryimage","inLanguage":"fr-FR","url":"https:\/\/www.mastervape.fr\/wp-content\/uploads\/2026\/02\/red-fury.png","contentUrl":"https:\/\/www.mastervape.fr\/wp-content\/uploads\/2026\/02\/red-fury.png","width":800,"height":800},{"@type":"WebPage","@id":"https:\/\/www.mastervape.fr\/index.php\/produit\/vape-of-legends-red-fury\/#webpage","url":"https:\/\/www.mastervape.fr\/index.php\/produit\/vape-of-legends-red-fury\/","name":"VAPE OF LEGENDS RED FURY - Boutique de cigarettes \u00e9lectroniques","isPartOf":{"@id":"https:\/\/www.mastervape.fr\/#website"},"primaryImageOfPage":{"@id":"https:\/\/www.mastervape.fr\/index.php\/produit\/vape-of-legends-red-fury\/#primaryimage"},"datePublished":"2026-02-20T15:40:15+00:00","dateModified":"2026-02-20T15:40:15+00:00","breadcrumb":{"@id":"https:\/\/www.mastervape.fr\/index.php\/produit\/vape-of-legends-red-fury\/#breadcrumb"},"inLanguage":"fr-FR","potentialAction":[{"@type":"ReadAction","target":["https:\/\/www.mastervape.fr\/index.php\/produit\/vape-of-legends-red-fury\/"]}]},{"@type":"BreadcrumbList","@id":"https:\/\/www.mastervape.fr\/index.php\/produit\/vape-of-legends-red-fury\/#breadcrumb","itemListElement":[{"@type":"ListItem","position":1,"name":"Home","item":"https:\/\/www.mastervape.fr\/"},{"@type":"ListItem","position":2,"name":"Boutique","item":"https:\/\/www.mastervape.fr\/index.php\/boutique-cigarette-electronique-elbeuf\/"},{"@type":"ListItem","position":3,"name":"VAPE OF LEGENDS RED FURY"}]}]}},"_links":{"self":[{"href":"https:\/\/www.mastervape.fr\/index.php\/wp-json\/wp\/v2\/product\/9259"}],"collection":[{"href":"https:\/\/www.mastervape.fr\/index.php\/wp-json\/wp\/v2\/product"}],"about":[{"href":"https:\/\/www.mastervape.fr\/index.php\/wp-json\/wp\/v2\/types\/product"}],"wp:featuredmedia":[{"embeddable":true,"href":"https:\/\/www.mastervape.fr\/index.php\/wp-json\/wp\/v2\/media\/9263"}],"wp:attachment":[{"href":"https:\/\/www.mastervape.fr\/index.php\/wp-json\/wp\/v2\/media?parent=9259"}],"wp:term":[{"taxonomy":"product_cat","embeddable":true,"href":"https:\/\/www.mastervape.fr\/index.php\/wp-json\/wp\/v2\/product_cat?post=9259"},{"taxonomy":"product_tag","embeddable":true,"href":"https:\/\/www.mastervape.fr\/index.php\/wp-json\/wp\/v2\/product_tag?post=9259"}],"curies":[{"name":"wp","href":"https:\/\/api.w.org\/{rel}","templated":true}]}}