{"id":9269,"date":"2026-02-20T16:55:34","date_gmt":"2026-02-20T15:55:34","guid":{"rendered":"https:\/\/www.mastervape.fr\/?post_type=product&#038;p=9269"},"modified":"2026-02-20T16:55:35","modified_gmt":"2026-02-20T15:55:35","slug":"blue-coon-fu-50ml-vape-of-legends","status":"publish","type":"product","link":"https:\/\/www.mastervape.fr\/index.php\/produit\/blue-coon-fu-50ml-vape-of-legends\/","title":{"rendered":"Blue Coon-Fu 50ml Vape Of Legends"},"content":{"rendered":"","protected":false},"excerpt":{"rendered":"<p>&nbsp;<\/p>\n<p>Le Blue Coon-Fu est un e-liquide issu de la collection Vape Of Legends de chez Levest.<\/p>\n<p>Non nicotin\u00e9 de base, il reprend les saveurs de myrtilles, framboises et raisin avec un go\u00fbt frais.<\/p>\n<p>Sa fiole de 70ml contenant 50ml de e-liquide\u00a0<strong>peut au besoin \u00eatre compl\u00e9t\u00e9e avec des boosters<\/strong>\u00a0de nicotine (non fournis).<\/p>\n<p>Le Blue Coon-Fu est fabriqu\u00e9 en France \u00e0 partir d&#8217;ar\u00f4mes, de propyl\u00e8ne glycol et de glyc\u00e9rine v\u00e9g\u00e9tale (50PG\/50VG).<\/p>\n<p>Son flacon est dot\u00e9 d&#8217;un bouchon avec protection enfant et d&#8217;un embout fin facilitant le remplissage de votre r\u00e9servoir.<\/p>\n","protected":false},"featured_media":9273,"template":"","meta":{"_monsterinsights_skip_tracking":false,"_monsterinsights_sitenote_active":false,"_monsterinsights_sitenote_note":"","_monsterinsights_sitenote_category":0,"spay_email":""},"product_cat":[119,115,123,107],"product_tag":[],"class_list":["post-9269","product","type-product","status-publish","has-post-thumbnail","hentry","product_cat-fruitees-frais","product_cat-gout","product_cat-nouveaute","product_cat-50ml"],"yoast_head":"<!-- This site is optimized with the Yoast SEO plugin v18.2 - https:\/\/yoast.com\/wordpress\/plugins\/seo\/ -->\n<title>Blue Coon-Fu 50ml Vape Of Legends - Boutique de cigarettes \u00e9lectroniques<\/title>\n<meta name=\"robots\" content=\"index, follow, max-snippet:-1, max-image-preview:large, max-video-preview:-1\" \/>\n<link rel=\"canonical\" href=\"https:\/\/www.mastervape.fr\/index.php\/produit\/blue-coon-fu-50ml-vape-of-legends\/\" \/>\n<meta property=\"og:locale\" content=\"fr_FR\" \/>\n<meta property=\"og:type\" content=\"article\" \/>\n<meta property=\"og:title\" content=\"Blue Coon-Fu 50ml Vape Of Legends - Boutique de cigarettes \u00e9lectroniques\" \/>\n<meta property=\"og:description\" content=\"&nbsp;  Le Blue Coon-Fu est un e-liquide issu de la collection Vape Of Legends de chez Levest.  Non nicotin\u00e9 de base, il reprend les saveurs de myrtilles, framboises et raisin avec un go\u00fbt frais.  Sa fiole de 70ml contenant 50ml de e-liquide\u00a0peut au besoin \u00eatre compl\u00e9t\u00e9e avec des boosters\u00a0de nicotine (non fournis).  Le Blue Coon-Fu est fabriqu\u00e9 en France \u00e0 partir d&#039;ar\u00f4mes, de propyl\u00e8ne glycol et de glyc\u00e9rine v\u00e9g\u00e9tale (50PG\/50VG).  Son flacon est dot\u00e9 d&#039;un bouchon avec protection enfant et d&#039;un embout fin facilitant le remplissage de votre r\u00e9servoir.\" \/>\n<meta property=\"og:url\" content=\"https:\/\/www.mastervape.fr\/index.php\/produit\/blue-coon-fu-50ml-vape-of-legends\/\" \/>\n<meta property=\"og:site_name\" content=\"Boutique de cigarettes \u00e9lectroniques\" \/>\n<meta property=\"article:publisher\" content=\"https:\/\/www.facebook.com\/mastervapeelbeuf\" \/>\n<meta property=\"article:modified_time\" content=\"2026-02-20T15:55:35+00:00\" \/>\n<meta property=\"og:image\" content=\"https:\/\/www.mastervape.fr\/wp-content\/uploads\/2026\/02\/blue-coon-fu.png\" \/>\n\t<meta property=\"og:image:width\" content=\"800\" \/>\n\t<meta property=\"og:image:height\" content=\"800\" \/>\n\t<meta property=\"og:image:type\" content=\"image\/png\" \/>\n<meta name=\"twitter:card\" content=\"summary_large_image\" \/>\n<script type=\"application\/ld+json\" class=\"yoast-schema-graph\">{\"@context\":\"https:\/\/schema.org\",\"@graph\":[{\"@type\":\"Organization\",\"@id\":\"https:\/\/www.mastervape.fr\/#organization\",\"name\":\"Master vape\",\"url\":\"https:\/\/www.mastervape.fr\/\",\"sameAs\":[\"https:\/\/www.facebook.com\/mastervapeelbeuf\"],\"logo\":{\"@type\":\"ImageObject\",\"@id\":\"https:\/\/www.mastervape.fr\/#logo\",\"inLanguage\":\"fr-FR\",\"url\":\"https:\/\/mastervape.fr\/wp-content\/uploads\/2020\/04\/logoSite-2.png\",\"contentUrl\":\"https:\/\/mastervape.fr\/wp-content\/uploads\/2020\/04\/logoSite-2.png\",\"width\":512,\"height\":512,\"caption\":\"Master vape\"},\"image\":{\"@id\":\"https:\/\/www.mastervape.fr\/#logo\"}},{\"@type\":\"WebSite\",\"@id\":\"https:\/\/www.mastervape.fr\/#website\",\"url\":\"https:\/\/www.mastervape.fr\/\",\"name\":\"Master vape Elbeuf\",\"description\":\"la vape chez les sp\u00e9cialistes\",\"publisher\":{\"@id\":\"https:\/\/www.mastervape.fr\/#organization\"},\"potentialAction\":[{\"@type\":\"SearchAction\",\"target\":{\"@type\":\"EntryPoint\",\"urlTemplate\":\"https:\/\/www.mastervape.fr\/?s={search_term_string}\"},\"query-input\":\"required name=search_term_string\"}],\"inLanguage\":\"fr-FR\"},{\"@type\":\"ImageObject\",\"@id\":\"https:\/\/www.mastervape.fr\/index.php\/produit\/blue-coon-fu-50ml-vape-of-legends\/#primaryimage\",\"inLanguage\":\"fr-FR\",\"url\":\"https:\/\/www.mastervape.fr\/wp-content\/uploads\/2026\/02\/blue-coon-fu.png\",\"contentUrl\":\"https:\/\/www.mastervape.fr\/wp-content\/uploads\/2026\/02\/blue-coon-fu.png\",\"width\":800,\"height\":800},{\"@type\":\"WebPage\",\"@id\":\"https:\/\/www.mastervape.fr\/index.php\/produit\/blue-coon-fu-50ml-vape-of-legends\/#webpage\",\"url\":\"https:\/\/www.mastervape.fr\/index.php\/produit\/blue-coon-fu-50ml-vape-of-legends\/\",\"name\":\"Blue Coon-Fu 50ml Vape Of Legends - Boutique de cigarettes \u00e9lectroniques\",\"isPartOf\":{\"@id\":\"https:\/\/www.mastervape.fr\/#website\"},\"primaryImageOfPage\":{\"@id\":\"https:\/\/www.mastervape.fr\/index.php\/produit\/blue-coon-fu-50ml-vape-of-legends\/#primaryimage\"},\"datePublished\":\"2026-02-20T15:55:34+00:00\",\"dateModified\":\"2026-02-20T15:55:35+00:00\",\"breadcrumb\":{\"@id\":\"https:\/\/www.mastervape.fr\/index.php\/produit\/blue-coon-fu-50ml-vape-of-legends\/#breadcrumb\"},\"inLanguage\":\"fr-FR\",\"potentialAction\":[{\"@type\":\"ReadAction\",\"target\":[\"https:\/\/www.mastervape.fr\/index.php\/produit\/blue-coon-fu-50ml-vape-of-legends\/\"]}]},{\"@type\":\"BreadcrumbList\",\"@id\":\"https:\/\/www.mastervape.fr\/index.php\/produit\/blue-coon-fu-50ml-vape-of-legends\/#breadcrumb\",\"itemListElement\":[{\"@type\":\"ListItem\",\"position\":1,\"name\":\"Home\",\"item\":\"https:\/\/www.mastervape.fr\/\"},{\"@type\":\"ListItem\",\"position\":2,\"name\":\"Boutique\",\"item\":\"https:\/\/www.mastervape.fr\/index.php\/boutique-cigarette-electronique-elbeuf\/\"},{\"@type\":\"ListItem\",\"position\":3,\"name\":\"Blue Coon-Fu 50ml Vape Of Legends\"}]}]}<\/script>\n<!-- \/ Yoast SEO plugin. -->","yoast_head_json":{"title":"Blue Coon-Fu 50ml Vape Of Legends - Boutique de cigarettes \u00e9lectroniques","robots":{"index":"index","follow":"follow","max-snippet":"max-snippet:-1","max-image-preview":"max-image-preview:large","max-video-preview":"max-video-preview:-1"},"canonical":"https:\/\/www.mastervape.fr\/index.php\/produit\/blue-coon-fu-50ml-vape-of-legends\/","og_locale":"fr_FR","og_type":"article","og_title":"Blue Coon-Fu 50ml Vape Of Legends - Boutique de cigarettes \u00e9lectroniques","og_description":"&nbsp;  Le Blue Coon-Fu est un e-liquide issu de la collection Vape Of Legends de chez Levest.  Non nicotin\u00e9 de base, il reprend les saveurs de myrtilles, framboises et raisin avec un go\u00fbt frais.  Sa fiole de 70ml contenant 50ml de e-liquide\u00a0peut au besoin \u00eatre compl\u00e9t\u00e9e avec des boosters\u00a0de nicotine (non fournis).  Le Blue Coon-Fu est fabriqu\u00e9 en France \u00e0 partir d'ar\u00f4mes, de propyl\u00e8ne glycol et de glyc\u00e9rine v\u00e9g\u00e9tale (50PG\/50VG).  Son flacon est dot\u00e9 d'un bouchon avec protection enfant et d'un embout fin facilitant le remplissage de votre r\u00e9servoir.","og_url":"https:\/\/www.mastervape.fr\/index.php\/produit\/blue-coon-fu-50ml-vape-of-legends\/","og_site_name":"Boutique de cigarettes \u00e9lectroniques","article_publisher":"https:\/\/www.facebook.com\/mastervapeelbeuf","article_modified_time":"2026-02-20T15:55:35+00:00","og_image":[{"width":800,"height":800,"url":"https:\/\/www.mastervape.fr\/wp-content\/uploads\/2026\/02\/blue-coon-fu.png","type":"image\/png"}],"twitter_card":"summary_large_image","schema":{"@context":"https:\/\/schema.org","@graph":[{"@type":"Organization","@id":"https:\/\/www.mastervape.fr\/#organization","name":"Master vape","url":"https:\/\/www.mastervape.fr\/","sameAs":["https:\/\/www.facebook.com\/mastervapeelbeuf"],"logo":{"@type":"ImageObject","@id":"https:\/\/www.mastervape.fr\/#logo","inLanguage":"fr-FR","url":"https:\/\/mastervape.fr\/wp-content\/uploads\/2020\/04\/logoSite-2.png","contentUrl":"https:\/\/mastervape.fr\/wp-content\/uploads\/2020\/04\/logoSite-2.png","width":512,"height":512,"caption":"Master vape"},"image":{"@id":"https:\/\/www.mastervape.fr\/#logo"}},{"@type":"WebSite","@id":"https:\/\/www.mastervape.fr\/#website","url":"https:\/\/www.mastervape.fr\/","name":"Master vape Elbeuf","description":"la vape chez les sp\u00e9cialistes","publisher":{"@id":"https:\/\/www.mastervape.fr\/#organization"},"potentialAction":[{"@type":"SearchAction","target":{"@type":"EntryPoint","urlTemplate":"https:\/\/www.mastervape.fr\/?s={search_term_string}"},"query-input":"required name=search_term_string"}],"inLanguage":"fr-FR"},{"@type":"ImageObject","@id":"https:\/\/www.mastervape.fr\/index.php\/produit\/blue-coon-fu-50ml-vape-of-legends\/#primaryimage","inLanguage":"fr-FR","url":"https:\/\/www.mastervape.fr\/wp-content\/uploads\/2026\/02\/blue-coon-fu.png","contentUrl":"https:\/\/www.mastervape.fr\/wp-content\/uploads\/2026\/02\/blue-coon-fu.png","width":800,"height":800},{"@type":"WebPage","@id":"https:\/\/www.mastervape.fr\/index.php\/produit\/blue-coon-fu-50ml-vape-of-legends\/#webpage","url":"https:\/\/www.mastervape.fr\/index.php\/produit\/blue-coon-fu-50ml-vape-of-legends\/","name":"Blue Coon-Fu 50ml Vape Of Legends - Boutique de cigarettes \u00e9lectroniques","isPartOf":{"@id":"https:\/\/www.mastervape.fr\/#website"},"primaryImageOfPage":{"@id":"https:\/\/www.mastervape.fr\/index.php\/produit\/blue-coon-fu-50ml-vape-of-legends\/#primaryimage"},"datePublished":"2026-02-20T15:55:34+00:00","dateModified":"2026-02-20T15:55:35+00:00","breadcrumb":{"@id":"https:\/\/www.mastervape.fr\/index.php\/produit\/blue-coon-fu-50ml-vape-of-legends\/#breadcrumb"},"inLanguage":"fr-FR","potentialAction":[{"@type":"ReadAction","target":["https:\/\/www.mastervape.fr\/index.php\/produit\/blue-coon-fu-50ml-vape-of-legends\/"]}]},{"@type":"BreadcrumbList","@id":"https:\/\/www.mastervape.fr\/index.php\/produit\/blue-coon-fu-50ml-vape-of-legends\/#breadcrumb","itemListElement":[{"@type":"ListItem","position":1,"name":"Home","item":"https:\/\/www.mastervape.fr\/"},{"@type":"ListItem","position":2,"name":"Boutique","item":"https:\/\/www.mastervape.fr\/index.php\/boutique-cigarette-electronique-elbeuf\/"},{"@type":"ListItem","position":3,"name":"Blue Coon-Fu 50ml Vape Of Legends"}]}]}},"_links":{"self":[{"href":"https:\/\/www.mastervape.fr\/index.php\/wp-json\/wp\/v2\/product\/9269"}],"collection":[{"href":"https:\/\/www.mastervape.fr\/index.php\/wp-json\/wp\/v2\/product"}],"about":[{"href":"https:\/\/www.mastervape.fr\/index.php\/wp-json\/wp\/v2\/types\/product"}],"wp:featuredmedia":[{"embeddable":true,"href":"https:\/\/www.mastervape.fr\/index.php\/wp-json\/wp\/v2\/media\/9273"}],"wp:attachment":[{"href":"https:\/\/www.mastervape.fr\/index.php\/wp-json\/wp\/v2\/media?parent=9269"}],"wp:term":[{"taxonomy":"product_cat","embeddable":true,"href":"https:\/\/www.mastervape.fr\/index.php\/wp-json\/wp\/v2\/product_cat?post=9269"},{"taxonomy":"product_tag","embeddable":true,"href":"https:\/\/www.mastervape.fr\/index.php\/wp-json\/wp\/v2\/product_tag?post=9269"}],"curies":[{"name":"wp","href":"https:\/\/api.w.org\/{rel}","templated":true}]}}