{"id":9274,"date":"2026-02-20T17:34:06","date_gmt":"2026-02-20T16:34:06","guid":{"rendered":"https:\/\/www.mastervape.fr\/?post_type=product&#038;p=9274"},"modified":"2026-02-20T17:34:07","modified_gmt":"2026-02-20T16:34:07","slug":"amani-50ml-inspiration-by-e-tasty","status":"publish","type":"product","link":"https:\/\/www.mastervape.fr\/index.php\/produit\/amani-50ml-inspiration-by-e-tasty\/","title":{"rendered":"Amani 50ml &#8211; Inspiration by E.Tasty"},"content":{"rendered":"","protected":false},"excerpt":{"rendered":"<p>&nbsp;<\/p>\n<p>D\u00e9sireux d&#8217;offrir une vape gourmande comme jamais, la marque fran\u00e7aise E.Tasty ajoute une \u0153uvre \u00e0 sa gamme Inspiration. \u00c0 la fois d\u00e9licate et chaleureuse, vous allez fondre pour cette nouvelle cr\u00e9ation !<\/p>\n<p>L&#8217;<strong>e-liquide<\/strong><strong>\u00a0Amani 50ml Inspiration by ETasty<\/strong>\u00a0saura convaincre vos papilles expertes. Une\u00a0<u>vanille<\/u>\u00a0subtile, un\u00a0<u>cookie<\/u>\u00a0croustillant et des\u00a0<u>noisettes<\/u>\u00a0enrob\u00e9es de\u00a0<u>caramel<\/u>\u00a0forment un portrait dont on ne se lasse pas d&#8217;admirer.<\/p>\n<p>Cet e-liquide pour cigarette \u00e9lectronique ETasty est disponible \u00e0 l&#8217;achat chez votre grossiste dans un flacon de 75ml de capacit\u00e9, rempli de 50ml d&#8217;e-juice, sans nicotine.<\/p>\n<p>Votre fournisseur vous indique un taux de PG\/VG en 40\/60 pour une vape sublim\u00e9e par les e-cigarettes RDL \u00e0 DTL.<\/p>\n","protected":false},"featured_media":9278,"template":"","meta":{"_monsterinsights_skip_tracking":false,"_monsterinsights_sitenote_active":false,"_monsterinsights_sitenote_note":"","_monsterinsights_sitenote_category":0,"spay_email":""},"product_cat":[112,83,120,115,123,107],"product_tag":[],"class_list":["post-9274","product","type-product","status-publish","has-post-thumbnail","hentry","product_cat-50-ml-e-tasty","product_cat-e-tasty","product_cat-gourmands","product_cat-gout","product_cat-nouveaute","product_cat-50ml"],"yoast_head":"<!-- This site is optimized with the Yoast SEO plugin v18.2 - https:\/\/yoast.com\/wordpress\/plugins\/seo\/ -->\n<title>Amani 50ml - Inspiration by E.Tasty - Boutique de cigarettes \u00e9lectroniques<\/title>\n<meta name=\"robots\" content=\"index, follow, max-snippet:-1, max-image-preview:large, max-video-preview:-1\" \/>\n<link rel=\"canonical\" href=\"https:\/\/www.mastervape.fr\/index.php\/produit\/amani-50ml-inspiration-by-e-tasty\/\" \/>\n<meta property=\"og:locale\" content=\"fr_FR\" \/>\n<meta property=\"og:type\" content=\"article\" \/>\n<meta property=\"og:title\" content=\"Amani 50ml - Inspiration by E.Tasty - Boutique de cigarettes \u00e9lectroniques\" \/>\n<meta property=\"og:description\" content=\"&nbsp;  D\u00e9sireux d&#039;offrir une vape gourmande comme jamais, la marque fran\u00e7aise E.Tasty ajoute une \u0153uvre \u00e0 sa gamme Inspiration. \u00c0 la fois d\u00e9licate et chaleureuse, vous allez fondre pour cette nouvelle cr\u00e9ation !  L&#039;e-liquide\u00a0Amani 50ml Inspiration by ETasty\u00a0saura convaincre vos papilles expertes. Une\u00a0vanille\u00a0subtile, un\u00a0cookie\u00a0croustillant et des\u00a0noisettes\u00a0enrob\u00e9es de\u00a0caramel\u00a0forment un portrait dont on ne se lasse pas d&#039;admirer.  Cet e-liquide pour cigarette \u00e9lectronique ETasty est disponible \u00e0 l&#039;achat chez votre grossiste dans un flacon de 75ml de capacit\u00e9, rempli de 50ml d&#039;e-juice, sans nicotine.  Votre fournisseur vous indique un taux de PG\/VG en 40\/60 pour une vape sublim\u00e9e par les e-cigarettes RDL \u00e0 DTL.\" \/>\n<meta property=\"og:url\" content=\"https:\/\/www.mastervape.fr\/index.php\/produit\/amani-50ml-inspiration-by-e-tasty\/\" \/>\n<meta property=\"og:site_name\" content=\"Boutique de cigarettes \u00e9lectroniques\" \/>\n<meta property=\"article:publisher\" content=\"https:\/\/www.facebook.com\/mastervapeelbeuf\" \/>\n<meta property=\"article:modified_time\" content=\"2026-02-20T16:34:07+00:00\" \/>\n<meta property=\"og:image\" content=\"https:\/\/www.mastervape.fr\/wp-content\/uploads\/2026\/02\/amani.png\" \/>\n\t<meta property=\"og:image:width\" content=\"800\" \/>\n\t<meta property=\"og:image:height\" content=\"800\" \/>\n\t<meta property=\"og:image:type\" content=\"image\/png\" \/>\n<meta name=\"twitter:card\" content=\"summary_large_image\" \/>\n<script type=\"application\/ld+json\" class=\"yoast-schema-graph\">{\"@context\":\"https:\/\/schema.org\",\"@graph\":[{\"@type\":\"Organization\",\"@id\":\"https:\/\/www.mastervape.fr\/#organization\",\"name\":\"Master vape\",\"url\":\"https:\/\/www.mastervape.fr\/\",\"sameAs\":[\"https:\/\/www.facebook.com\/mastervapeelbeuf\"],\"logo\":{\"@type\":\"ImageObject\",\"@id\":\"https:\/\/www.mastervape.fr\/#logo\",\"inLanguage\":\"fr-FR\",\"url\":\"https:\/\/mastervape.fr\/wp-content\/uploads\/2020\/04\/logoSite-2.png\",\"contentUrl\":\"https:\/\/mastervape.fr\/wp-content\/uploads\/2020\/04\/logoSite-2.png\",\"width\":512,\"height\":512,\"caption\":\"Master vape\"},\"image\":{\"@id\":\"https:\/\/www.mastervape.fr\/#logo\"}},{\"@type\":\"WebSite\",\"@id\":\"https:\/\/www.mastervape.fr\/#website\",\"url\":\"https:\/\/www.mastervape.fr\/\",\"name\":\"Master vape Elbeuf\",\"description\":\"la vape chez les sp\u00e9cialistes\",\"publisher\":{\"@id\":\"https:\/\/www.mastervape.fr\/#organization\"},\"potentialAction\":[{\"@type\":\"SearchAction\",\"target\":{\"@type\":\"EntryPoint\",\"urlTemplate\":\"https:\/\/www.mastervape.fr\/?s={search_term_string}\"},\"query-input\":\"required name=search_term_string\"}],\"inLanguage\":\"fr-FR\"},{\"@type\":\"ImageObject\",\"@id\":\"https:\/\/www.mastervape.fr\/index.php\/produit\/amani-50ml-inspiration-by-e-tasty\/#primaryimage\",\"inLanguage\":\"fr-FR\",\"url\":\"https:\/\/www.mastervape.fr\/wp-content\/uploads\/2026\/02\/amani.png\",\"contentUrl\":\"https:\/\/www.mastervape.fr\/wp-content\/uploads\/2026\/02\/amani.png\",\"width\":800,\"height\":800},{\"@type\":\"WebPage\",\"@id\":\"https:\/\/www.mastervape.fr\/index.php\/produit\/amani-50ml-inspiration-by-e-tasty\/#webpage\",\"url\":\"https:\/\/www.mastervape.fr\/index.php\/produit\/amani-50ml-inspiration-by-e-tasty\/\",\"name\":\"Amani 50ml - Inspiration by E.Tasty - Boutique de cigarettes \u00e9lectroniques\",\"isPartOf\":{\"@id\":\"https:\/\/www.mastervape.fr\/#website\"},\"primaryImageOfPage\":{\"@id\":\"https:\/\/www.mastervape.fr\/index.php\/produit\/amani-50ml-inspiration-by-e-tasty\/#primaryimage\"},\"datePublished\":\"2026-02-20T16:34:06+00:00\",\"dateModified\":\"2026-02-20T16:34:07+00:00\",\"breadcrumb\":{\"@id\":\"https:\/\/www.mastervape.fr\/index.php\/produit\/amani-50ml-inspiration-by-e-tasty\/#breadcrumb\"},\"inLanguage\":\"fr-FR\",\"potentialAction\":[{\"@type\":\"ReadAction\",\"target\":[\"https:\/\/www.mastervape.fr\/index.php\/produit\/amani-50ml-inspiration-by-e-tasty\/\"]}]},{\"@type\":\"BreadcrumbList\",\"@id\":\"https:\/\/www.mastervape.fr\/index.php\/produit\/amani-50ml-inspiration-by-e-tasty\/#breadcrumb\",\"itemListElement\":[{\"@type\":\"ListItem\",\"position\":1,\"name\":\"Home\",\"item\":\"https:\/\/www.mastervape.fr\/\"},{\"@type\":\"ListItem\",\"position\":2,\"name\":\"Boutique\",\"item\":\"https:\/\/www.mastervape.fr\/index.php\/boutique-cigarette-electronique-elbeuf\/\"},{\"@type\":\"ListItem\",\"position\":3,\"name\":\"Amani 50ml &#8211; Inspiration by E.Tasty\"}]}]}<\/script>\n<!-- \/ Yoast SEO plugin. -->","yoast_head_json":{"title":"Amani 50ml - Inspiration by E.Tasty - Boutique de cigarettes \u00e9lectroniques","robots":{"index":"index","follow":"follow","max-snippet":"max-snippet:-1","max-image-preview":"max-image-preview:large","max-video-preview":"max-video-preview:-1"},"canonical":"https:\/\/www.mastervape.fr\/index.php\/produit\/amani-50ml-inspiration-by-e-tasty\/","og_locale":"fr_FR","og_type":"article","og_title":"Amani 50ml - Inspiration by E.Tasty - Boutique de cigarettes \u00e9lectroniques","og_description":"&nbsp;  D\u00e9sireux d'offrir une vape gourmande comme jamais, la marque fran\u00e7aise E.Tasty ajoute une \u0153uvre \u00e0 sa gamme Inspiration. \u00c0 la fois d\u00e9licate et chaleureuse, vous allez fondre pour cette nouvelle cr\u00e9ation !  L'e-liquide\u00a0Amani 50ml Inspiration by ETasty\u00a0saura convaincre vos papilles expertes. Une\u00a0vanille\u00a0subtile, un\u00a0cookie\u00a0croustillant et des\u00a0noisettes\u00a0enrob\u00e9es de\u00a0caramel\u00a0forment un portrait dont on ne se lasse pas d'admirer.  Cet e-liquide pour cigarette \u00e9lectronique ETasty est disponible \u00e0 l'achat chez votre grossiste dans un flacon de 75ml de capacit\u00e9, rempli de 50ml d'e-juice, sans nicotine.  Votre fournisseur vous indique un taux de PG\/VG en 40\/60 pour une vape sublim\u00e9e par les e-cigarettes RDL \u00e0 DTL.","og_url":"https:\/\/www.mastervape.fr\/index.php\/produit\/amani-50ml-inspiration-by-e-tasty\/","og_site_name":"Boutique de cigarettes \u00e9lectroniques","article_publisher":"https:\/\/www.facebook.com\/mastervapeelbeuf","article_modified_time":"2026-02-20T16:34:07+00:00","og_image":[{"width":800,"height":800,"url":"https:\/\/www.mastervape.fr\/wp-content\/uploads\/2026\/02\/amani.png","type":"image\/png"}],"twitter_card":"summary_large_image","schema":{"@context":"https:\/\/schema.org","@graph":[{"@type":"Organization","@id":"https:\/\/www.mastervape.fr\/#organization","name":"Master vape","url":"https:\/\/www.mastervape.fr\/","sameAs":["https:\/\/www.facebook.com\/mastervapeelbeuf"],"logo":{"@type":"ImageObject","@id":"https:\/\/www.mastervape.fr\/#logo","inLanguage":"fr-FR","url":"https:\/\/mastervape.fr\/wp-content\/uploads\/2020\/04\/logoSite-2.png","contentUrl":"https:\/\/mastervape.fr\/wp-content\/uploads\/2020\/04\/logoSite-2.png","width":512,"height":512,"caption":"Master vape"},"image":{"@id":"https:\/\/www.mastervape.fr\/#logo"}},{"@type":"WebSite","@id":"https:\/\/www.mastervape.fr\/#website","url":"https:\/\/www.mastervape.fr\/","name":"Master vape Elbeuf","description":"la vape chez les sp\u00e9cialistes","publisher":{"@id":"https:\/\/www.mastervape.fr\/#organization"},"potentialAction":[{"@type":"SearchAction","target":{"@type":"EntryPoint","urlTemplate":"https:\/\/www.mastervape.fr\/?s={search_term_string}"},"query-input":"required name=search_term_string"}],"inLanguage":"fr-FR"},{"@type":"ImageObject","@id":"https:\/\/www.mastervape.fr\/index.php\/produit\/amani-50ml-inspiration-by-e-tasty\/#primaryimage","inLanguage":"fr-FR","url":"https:\/\/www.mastervape.fr\/wp-content\/uploads\/2026\/02\/amani.png","contentUrl":"https:\/\/www.mastervape.fr\/wp-content\/uploads\/2026\/02\/amani.png","width":800,"height":800},{"@type":"WebPage","@id":"https:\/\/www.mastervape.fr\/index.php\/produit\/amani-50ml-inspiration-by-e-tasty\/#webpage","url":"https:\/\/www.mastervape.fr\/index.php\/produit\/amani-50ml-inspiration-by-e-tasty\/","name":"Amani 50ml - Inspiration by E.Tasty - Boutique de cigarettes \u00e9lectroniques","isPartOf":{"@id":"https:\/\/www.mastervape.fr\/#website"},"primaryImageOfPage":{"@id":"https:\/\/www.mastervape.fr\/index.php\/produit\/amani-50ml-inspiration-by-e-tasty\/#primaryimage"},"datePublished":"2026-02-20T16:34:06+00:00","dateModified":"2026-02-20T16:34:07+00:00","breadcrumb":{"@id":"https:\/\/www.mastervape.fr\/index.php\/produit\/amani-50ml-inspiration-by-e-tasty\/#breadcrumb"},"inLanguage":"fr-FR","potentialAction":[{"@type":"ReadAction","target":["https:\/\/www.mastervape.fr\/index.php\/produit\/amani-50ml-inspiration-by-e-tasty\/"]}]},{"@type":"BreadcrumbList","@id":"https:\/\/www.mastervape.fr\/index.php\/produit\/amani-50ml-inspiration-by-e-tasty\/#breadcrumb","itemListElement":[{"@type":"ListItem","position":1,"name":"Home","item":"https:\/\/www.mastervape.fr\/"},{"@type":"ListItem","position":2,"name":"Boutique","item":"https:\/\/www.mastervape.fr\/index.php\/boutique-cigarette-electronique-elbeuf\/"},{"@type":"ListItem","position":3,"name":"Amani 50ml &#8211; Inspiration by E.Tasty"}]}]}},"_links":{"self":[{"href":"https:\/\/www.mastervape.fr\/index.php\/wp-json\/wp\/v2\/product\/9274"}],"collection":[{"href":"https:\/\/www.mastervape.fr\/index.php\/wp-json\/wp\/v2\/product"}],"about":[{"href":"https:\/\/www.mastervape.fr\/index.php\/wp-json\/wp\/v2\/types\/product"}],"wp:featuredmedia":[{"embeddable":true,"href":"https:\/\/www.mastervape.fr\/index.php\/wp-json\/wp\/v2\/media\/9278"}],"wp:attachment":[{"href":"https:\/\/www.mastervape.fr\/index.php\/wp-json\/wp\/v2\/media?parent=9274"}],"wp:term":[{"taxonomy":"product_cat","embeddable":true,"href":"https:\/\/www.mastervape.fr\/index.php\/wp-json\/wp\/v2\/product_cat?post=9274"},{"taxonomy":"product_tag","embeddable":true,"href":"https:\/\/www.mastervape.fr\/index.php\/wp-json\/wp\/v2\/product_tag?post=9274"}],"curies":[{"name":"wp","href":"https:\/\/api.w.org\/{rel}","templated":true}]}}