{"id":9286,"date":"2026-02-20T17:57:21","date_gmt":"2026-02-20T16:57:21","guid":{"rendered":"https:\/\/www.mastervape.fr\/?post_type=product&#038;p=9286"},"modified":"2026-02-20T17:58:10","modified_gmt":"2026-02-20T16:58:10","slug":"lady-daisy-100ml-tjuice-new-collection-589-e-490-e-099-e-colisage-de-6-favorite_border","status":"publish","type":"product","link":"https:\/\/www.mastervape.fr\/index.php\/produit\/lady-daisy-100ml-tjuice-new-collection-589-e-490-e-099-e-colisage-de-6-favorite_border\/","title":{"rendered":"Lady Daisy 100ml &#8211; TJuice New collection"},"content":{"rendered":"","protected":false},"excerpt":{"rendered":"<p>&nbsp;<\/p>\n<p>Plongez au c\u0153ur du jardin en fleurs de Lady Daisy, o\u00f9 l&#8217;envo\u00fbtante\u00a0<u>grenadine<\/u>\u00a0danse en une m\u00e9lodie exquise, une fusion enchanteresse de grenades, d&#8217;une\u00a0<u>l\u00e9g\u00e8re fraicheur<\/u>\u00a0et de\u00a0<u>cranberries<\/u>, sublim\u00e9e par une d\u00e9licate caresse de\u00a0<u>vanille<\/u>.<\/p>\n<p>Cet e-liquide\u00a0<strong>Lady Daisy 100ml TJuice New Collection<\/strong>\u00a0est disponible chez votre grossiste en 100ml avec un format de fiole de 120ml et en version Sweet et Light.<\/p>\n<p>Votre fournisseur officiel vous indique un taux de PG\/VG en 50\/50 pour \u00eatre compatible avec une majorit\u00e9 de cigarettes \u00e9lectroniques.<\/p>\n","protected":false},"featured_media":9289,"template":"","meta":{"_monsterinsights_skip_tracking":false,"_monsterinsights_sitenote_active":false,"_monsterinsights_sitenote_note":"","_monsterinsights_sitenote_category":0,"spay_email":""},"product_cat":[118,115,123,176],"product_tag":[],"class_list":["post-9286","product","type-product","status-publish","has-post-thumbnail","hentry","product_cat-fruitees","product_cat-gout","product_cat-nouveaute","product_cat-tous-les-100ml"],"yoast_head":"<!-- This site is optimized with the Yoast SEO plugin v18.2 - https:\/\/yoast.com\/wordpress\/plugins\/seo\/ -->\n<title>Lady Daisy 100ml - TJuice New collection - Boutique de cigarettes \u00e9lectroniques<\/title>\n<meta name=\"robots\" content=\"index, follow, max-snippet:-1, max-image-preview:large, max-video-preview:-1\" \/>\n<link rel=\"canonical\" href=\"https:\/\/www.mastervape.fr\/index.php\/produit\/lady-daisy-100ml-tjuice-new-collection-589-e-490-e-099-e-colisage-de-6-favorite_border\/\" \/>\n<meta property=\"og:locale\" content=\"fr_FR\" \/>\n<meta property=\"og:type\" content=\"article\" \/>\n<meta property=\"og:title\" content=\"Lady Daisy 100ml - TJuice New collection - Boutique de cigarettes \u00e9lectroniques\" \/>\n<meta property=\"og:description\" content=\"&nbsp;  Plongez au c\u0153ur du jardin en fleurs de Lady Daisy, o\u00f9 l&#039;envo\u00fbtante\u00a0grenadine\u00a0danse en une m\u00e9lodie exquise, une fusion enchanteresse de grenades, d&#039;une\u00a0l\u00e9g\u00e8re fraicheur\u00a0et de\u00a0cranberries, sublim\u00e9e par une d\u00e9licate caresse de\u00a0vanille.  Cet e-liquide\u00a0Lady Daisy 100ml TJuice New Collection\u00a0est disponible chez votre grossiste en 100ml avec un format de fiole de 120ml et en version Sweet et Light.  Votre fournisseur officiel vous indique un taux de PG\/VG en 50\/50 pour \u00eatre compatible avec une majorit\u00e9 de cigarettes \u00e9lectroniques.\" \/>\n<meta property=\"og:url\" content=\"https:\/\/www.mastervape.fr\/index.php\/produit\/lady-daisy-100ml-tjuice-new-collection-589-e-490-e-099-e-colisage-de-6-favorite_border\/\" \/>\n<meta property=\"og:site_name\" content=\"Boutique de cigarettes \u00e9lectroniques\" \/>\n<meta property=\"article:publisher\" content=\"https:\/\/www.facebook.com\/mastervapeelbeuf\" \/>\n<meta property=\"article:modified_time\" content=\"2026-02-20T16:58:10+00:00\" \/>\n<meta property=\"og:image\" content=\"https:\/\/www.mastervape.fr\/wp-content\/uploads\/2026\/02\/lady-daisy.png\" \/>\n\t<meta property=\"og:image:width\" content=\"800\" \/>\n\t<meta property=\"og:image:height\" content=\"800\" \/>\n\t<meta property=\"og:image:type\" content=\"image\/png\" \/>\n<meta name=\"twitter:card\" content=\"summary_large_image\" \/>\n<script type=\"application\/ld+json\" class=\"yoast-schema-graph\">{\"@context\":\"https:\/\/schema.org\",\"@graph\":[{\"@type\":\"Organization\",\"@id\":\"https:\/\/www.mastervape.fr\/#organization\",\"name\":\"Master vape\",\"url\":\"https:\/\/www.mastervape.fr\/\",\"sameAs\":[\"https:\/\/www.facebook.com\/mastervapeelbeuf\"],\"logo\":{\"@type\":\"ImageObject\",\"@id\":\"https:\/\/www.mastervape.fr\/#logo\",\"inLanguage\":\"fr-FR\",\"url\":\"https:\/\/mastervape.fr\/wp-content\/uploads\/2020\/04\/logoSite-2.png\",\"contentUrl\":\"https:\/\/mastervape.fr\/wp-content\/uploads\/2020\/04\/logoSite-2.png\",\"width\":512,\"height\":512,\"caption\":\"Master vape\"},\"image\":{\"@id\":\"https:\/\/www.mastervape.fr\/#logo\"}},{\"@type\":\"WebSite\",\"@id\":\"https:\/\/www.mastervape.fr\/#website\",\"url\":\"https:\/\/www.mastervape.fr\/\",\"name\":\"Master vape Elbeuf\",\"description\":\"la vape chez les sp\u00e9cialistes\",\"publisher\":{\"@id\":\"https:\/\/www.mastervape.fr\/#organization\"},\"potentialAction\":[{\"@type\":\"SearchAction\",\"target\":{\"@type\":\"EntryPoint\",\"urlTemplate\":\"https:\/\/www.mastervape.fr\/?s={search_term_string}\"},\"query-input\":\"required name=search_term_string\"}],\"inLanguage\":\"fr-FR\"},{\"@type\":\"ImageObject\",\"@id\":\"https:\/\/www.mastervape.fr\/index.php\/produit\/lady-daisy-100ml-tjuice-new-collection-589-e-490-e-099-e-colisage-de-6-favorite_border\/#primaryimage\",\"inLanguage\":\"fr-FR\",\"url\":\"https:\/\/www.mastervape.fr\/wp-content\/uploads\/2026\/02\/lady-daisy.png\",\"contentUrl\":\"https:\/\/www.mastervape.fr\/wp-content\/uploads\/2026\/02\/lady-daisy.png\",\"width\":800,\"height\":800},{\"@type\":\"WebPage\",\"@id\":\"https:\/\/www.mastervape.fr\/index.php\/produit\/lady-daisy-100ml-tjuice-new-collection-589-e-490-e-099-e-colisage-de-6-favorite_border\/#webpage\",\"url\":\"https:\/\/www.mastervape.fr\/index.php\/produit\/lady-daisy-100ml-tjuice-new-collection-589-e-490-e-099-e-colisage-de-6-favorite_border\/\",\"name\":\"Lady Daisy 100ml - TJuice New collection - Boutique de cigarettes \u00e9lectroniques\",\"isPartOf\":{\"@id\":\"https:\/\/www.mastervape.fr\/#website\"},\"primaryImageOfPage\":{\"@id\":\"https:\/\/www.mastervape.fr\/index.php\/produit\/lady-daisy-100ml-tjuice-new-collection-589-e-490-e-099-e-colisage-de-6-favorite_border\/#primaryimage\"},\"datePublished\":\"2026-02-20T16:57:21+00:00\",\"dateModified\":\"2026-02-20T16:58:10+00:00\",\"breadcrumb\":{\"@id\":\"https:\/\/www.mastervape.fr\/index.php\/produit\/lady-daisy-100ml-tjuice-new-collection-589-e-490-e-099-e-colisage-de-6-favorite_border\/#breadcrumb\"},\"inLanguage\":\"fr-FR\",\"potentialAction\":[{\"@type\":\"ReadAction\",\"target\":[\"https:\/\/www.mastervape.fr\/index.php\/produit\/lady-daisy-100ml-tjuice-new-collection-589-e-490-e-099-e-colisage-de-6-favorite_border\/\"]}]},{\"@type\":\"BreadcrumbList\",\"@id\":\"https:\/\/www.mastervape.fr\/index.php\/produit\/lady-daisy-100ml-tjuice-new-collection-589-e-490-e-099-e-colisage-de-6-favorite_border\/#breadcrumb\",\"itemListElement\":[{\"@type\":\"ListItem\",\"position\":1,\"name\":\"Home\",\"item\":\"https:\/\/www.mastervape.fr\/\"},{\"@type\":\"ListItem\",\"position\":2,\"name\":\"Boutique\",\"item\":\"https:\/\/www.mastervape.fr\/index.php\/boutique-cigarette-electronique-elbeuf\/\"},{\"@type\":\"ListItem\",\"position\":3,\"name\":\"Lady Daisy 100ml &#8211; TJuice New collection\"}]}]}<\/script>\n<!-- \/ Yoast SEO plugin. -->","yoast_head_json":{"title":"Lady Daisy 100ml - TJuice New collection - Boutique de cigarettes \u00e9lectroniques","robots":{"index":"index","follow":"follow","max-snippet":"max-snippet:-1","max-image-preview":"max-image-preview:large","max-video-preview":"max-video-preview:-1"},"canonical":"https:\/\/www.mastervape.fr\/index.php\/produit\/lady-daisy-100ml-tjuice-new-collection-589-e-490-e-099-e-colisage-de-6-favorite_border\/","og_locale":"fr_FR","og_type":"article","og_title":"Lady Daisy 100ml - TJuice New collection - Boutique de cigarettes \u00e9lectroniques","og_description":"&nbsp;  Plongez au c\u0153ur du jardin en fleurs de Lady Daisy, o\u00f9 l'envo\u00fbtante\u00a0grenadine\u00a0danse en une m\u00e9lodie exquise, une fusion enchanteresse de grenades, d'une\u00a0l\u00e9g\u00e8re fraicheur\u00a0et de\u00a0cranberries, sublim\u00e9e par une d\u00e9licate caresse de\u00a0vanille.  Cet e-liquide\u00a0Lady Daisy 100ml TJuice New Collection\u00a0est disponible chez votre grossiste en 100ml avec un format de fiole de 120ml et en version Sweet et Light.  Votre fournisseur officiel vous indique un taux de PG\/VG en 50\/50 pour \u00eatre compatible avec une majorit\u00e9 de cigarettes \u00e9lectroniques.","og_url":"https:\/\/www.mastervape.fr\/index.php\/produit\/lady-daisy-100ml-tjuice-new-collection-589-e-490-e-099-e-colisage-de-6-favorite_border\/","og_site_name":"Boutique de cigarettes \u00e9lectroniques","article_publisher":"https:\/\/www.facebook.com\/mastervapeelbeuf","article_modified_time":"2026-02-20T16:58:10+00:00","og_image":[{"width":800,"height":800,"url":"https:\/\/www.mastervape.fr\/wp-content\/uploads\/2026\/02\/lady-daisy.png","type":"image\/png"}],"twitter_card":"summary_large_image","schema":{"@context":"https:\/\/schema.org","@graph":[{"@type":"Organization","@id":"https:\/\/www.mastervape.fr\/#organization","name":"Master vape","url":"https:\/\/www.mastervape.fr\/","sameAs":["https:\/\/www.facebook.com\/mastervapeelbeuf"],"logo":{"@type":"ImageObject","@id":"https:\/\/www.mastervape.fr\/#logo","inLanguage":"fr-FR","url":"https:\/\/mastervape.fr\/wp-content\/uploads\/2020\/04\/logoSite-2.png","contentUrl":"https:\/\/mastervape.fr\/wp-content\/uploads\/2020\/04\/logoSite-2.png","width":512,"height":512,"caption":"Master vape"},"image":{"@id":"https:\/\/www.mastervape.fr\/#logo"}},{"@type":"WebSite","@id":"https:\/\/www.mastervape.fr\/#website","url":"https:\/\/www.mastervape.fr\/","name":"Master vape Elbeuf","description":"la vape chez les sp\u00e9cialistes","publisher":{"@id":"https:\/\/www.mastervape.fr\/#organization"},"potentialAction":[{"@type":"SearchAction","target":{"@type":"EntryPoint","urlTemplate":"https:\/\/www.mastervape.fr\/?s={search_term_string}"},"query-input":"required name=search_term_string"}],"inLanguage":"fr-FR"},{"@type":"ImageObject","@id":"https:\/\/www.mastervape.fr\/index.php\/produit\/lady-daisy-100ml-tjuice-new-collection-589-e-490-e-099-e-colisage-de-6-favorite_border\/#primaryimage","inLanguage":"fr-FR","url":"https:\/\/www.mastervape.fr\/wp-content\/uploads\/2026\/02\/lady-daisy.png","contentUrl":"https:\/\/www.mastervape.fr\/wp-content\/uploads\/2026\/02\/lady-daisy.png","width":800,"height":800},{"@type":"WebPage","@id":"https:\/\/www.mastervape.fr\/index.php\/produit\/lady-daisy-100ml-tjuice-new-collection-589-e-490-e-099-e-colisage-de-6-favorite_border\/#webpage","url":"https:\/\/www.mastervape.fr\/index.php\/produit\/lady-daisy-100ml-tjuice-new-collection-589-e-490-e-099-e-colisage-de-6-favorite_border\/","name":"Lady Daisy 100ml - TJuice New collection - Boutique de cigarettes \u00e9lectroniques","isPartOf":{"@id":"https:\/\/www.mastervape.fr\/#website"},"primaryImageOfPage":{"@id":"https:\/\/www.mastervape.fr\/index.php\/produit\/lady-daisy-100ml-tjuice-new-collection-589-e-490-e-099-e-colisage-de-6-favorite_border\/#primaryimage"},"datePublished":"2026-02-20T16:57:21+00:00","dateModified":"2026-02-20T16:58:10+00:00","breadcrumb":{"@id":"https:\/\/www.mastervape.fr\/index.php\/produit\/lady-daisy-100ml-tjuice-new-collection-589-e-490-e-099-e-colisage-de-6-favorite_border\/#breadcrumb"},"inLanguage":"fr-FR","potentialAction":[{"@type":"ReadAction","target":["https:\/\/www.mastervape.fr\/index.php\/produit\/lady-daisy-100ml-tjuice-new-collection-589-e-490-e-099-e-colisage-de-6-favorite_border\/"]}]},{"@type":"BreadcrumbList","@id":"https:\/\/www.mastervape.fr\/index.php\/produit\/lady-daisy-100ml-tjuice-new-collection-589-e-490-e-099-e-colisage-de-6-favorite_border\/#breadcrumb","itemListElement":[{"@type":"ListItem","position":1,"name":"Home","item":"https:\/\/www.mastervape.fr\/"},{"@type":"ListItem","position":2,"name":"Boutique","item":"https:\/\/www.mastervape.fr\/index.php\/boutique-cigarette-electronique-elbeuf\/"},{"@type":"ListItem","position":3,"name":"Lady Daisy 100ml &#8211; TJuice New collection"}]}]}},"_links":{"self":[{"href":"https:\/\/www.mastervape.fr\/index.php\/wp-json\/wp\/v2\/product\/9286"}],"collection":[{"href":"https:\/\/www.mastervape.fr\/index.php\/wp-json\/wp\/v2\/product"}],"about":[{"href":"https:\/\/www.mastervape.fr\/index.php\/wp-json\/wp\/v2\/types\/product"}],"wp:featuredmedia":[{"embeddable":true,"href":"https:\/\/www.mastervape.fr\/index.php\/wp-json\/wp\/v2\/media\/9289"}],"wp:attachment":[{"href":"https:\/\/www.mastervape.fr\/index.php\/wp-json\/wp\/v2\/media?parent=9286"}],"wp:term":[{"taxonomy":"product_cat","embeddable":true,"href":"https:\/\/www.mastervape.fr\/index.php\/wp-json\/wp\/v2\/product_cat?post=9286"},{"taxonomy":"product_tag","embeddable":true,"href":"https:\/\/www.mastervape.fr\/index.php\/wp-json\/wp\/v2\/product_tag?post=9286"}],"curies":[{"name":"wp","href":"https:\/\/api.w.org\/{rel}","templated":true}]}}