{"id":9294,"date":"2026-03-03T12:34:44","date_gmt":"2026-03-03T11:34:44","guid":{"rendered":"https:\/\/www.mastervape.fr\/?post_type=product&#038;p=9294"},"modified":"2026-03-03T12:34:44","modified_gmt":"2026-03-03T11:34:44","slug":"pack-pod-luxe-x3-5ml-2600mah-vaporesso","status":"publish","type":"product","link":"https:\/\/www.mastervape.fr\/index.php\/produit\/pack-pod-luxe-x3-5ml-2600mah-vaporesso\/","title":{"rendered":"Pack Pod Luxe X3 5ml 2600mAh &#8211; Vaporesso"},"content":{"rendered":"","protected":false},"excerpt":{"rendered":"<ul>\n<li>Chipset apparent, autonomie cons\u00e9quente, cette version\u00a0<strong>X3<\/strong>\u00a0du pod<strong>\u00a0Luxe<\/strong>\u00a0de\u00a0<strong>Vaporesso<\/strong>\u00a0est aboutie en tout point.<\/li>\n<li><strong>Batterie int\u00e9gr\u00e9e de\u00a02600mAh<\/strong>\u00a0se rechargeant rapidement \u00e0\u00a0<strong>2A<\/strong>\u00a0via\u00a0<strong>USB-C<\/strong>.<\/li>\n<li>Puissance r\u00e9glable\u00a0jusqu&#8217;\u00e0\u00a0<strong>45 watts<\/strong>.<\/li>\n<li><strong>Capacit\u00e9 de 5ml<\/strong>\u00a0et\u00a0<strong>remplissage par le c\u00f4t\u00e9<\/strong>.<\/li>\n<li>R\u00e9sistance int\u00e9gr\u00e9e\u00a0<strong>Dual\u00a0Mesh<\/strong>\u00a0d&#8217;une valeur de\u00a0<strong>0.4 ou 0.6ohm<\/strong>.<\/li>\n<li>Compatible avec les<strong>\u00a0cartouches Luxe X series<\/strong>.<\/li>\n<li><strong>Airflow r\u00e9glable<\/strong>\u00a0parfait pour un\u00a0<strong>tirage MTL \u00e0 DL<\/strong>.<\/li>\n<li><strong>Ecran digital 0.8&#8243;<\/strong>\u00a0clair et lisible avec\u00a0<strong>LED RGB<\/strong>.<\/li>\n<li><strong>Activation par bouton ou automatique par inhalation<\/strong>.<\/li>\n<\/ul>\n","protected":false},"featured_media":9301,"template":"","meta":{"_monsterinsights_skip_tracking":false,"_monsterinsights_sitenote_active":false,"_monsterinsights_sitenote_note":"","_monsterinsights_sitenote_category":0,"spay_email":""},"product_cat":[244,222,223,122,123,366],"product_tag":[],"class_list":["post-9294","product","type-product","status-publish","has-post-thumbnail","hentry","product_cat-baterrie-integree","product_cat-debutant","product_cat-intermediaire","product_cat-kit-2","product_cat-nouveaute","product_cat-top-matos"],"yoast_head":"<!-- This site is optimized with the Yoast SEO plugin v18.2 - https:\/\/yoast.com\/wordpress\/plugins\/seo\/ -->\n<title>Pack Pod Luxe X3 5ml 2600mAh - Vaporesso - Boutique de cigarettes \u00e9lectroniques<\/title>\n<meta name=\"robots\" content=\"index, follow, max-snippet:-1, max-image-preview:large, max-video-preview:-1\" \/>\n<link rel=\"canonical\" href=\"https:\/\/www.mastervape.fr\/index.php\/produit\/pack-pod-luxe-x3-5ml-2600mah-vaporesso\/\" \/>\n<meta property=\"og:locale\" content=\"fr_FR\" \/>\n<meta property=\"og:type\" content=\"article\" \/>\n<meta property=\"og:title\" content=\"Pack Pod Luxe X3 5ml 2600mAh - Vaporesso - Boutique de cigarettes \u00e9lectroniques\" \/>\n<meta property=\"og:description\" content=\"Chipset apparent, autonomie cons\u00e9quente, cette version\u00a0X3\u00a0du pod\u00a0Luxe\u00a0de\u00a0Vaporesso\u00a0est aboutie en tout point.  Batterie int\u00e9gr\u00e9e de\u00a02600mAh\u00a0se rechargeant rapidement \u00e0\u00a02A\u00a0via\u00a0USB-C.  Puissance r\u00e9glable\u00a0jusqu&#039;\u00e0\u00a045 watts.  Capacit\u00e9 de 5ml\u00a0et\u00a0remplissage par le c\u00f4t\u00e9.  R\u00e9sistance int\u00e9gr\u00e9e\u00a0Dual\u00a0Mesh\u00a0d&#039;une valeur de\u00a00.4 ou 0.6ohm.  Compatible avec les\u00a0cartouches Luxe X series.  Airflow r\u00e9glable\u00a0parfait pour un\u00a0tirage MTL \u00e0 DL.  Ecran digital 0.8&quot;\u00a0clair et lisible avec\u00a0LED RGB.  Activation par bouton ou automatique par inhalation.\" \/>\n<meta property=\"og:url\" content=\"https:\/\/www.mastervape.fr\/index.php\/produit\/pack-pod-luxe-x3-5ml-2600mah-vaporesso\/\" \/>\n<meta property=\"og:site_name\" content=\"Boutique de cigarettes \u00e9lectroniques\" \/>\n<meta property=\"article:publisher\" content=\"https:\/\/www.facebook.com\/mastervapeelbeuf\" \/>\n<meta property=\"og:image\" content=\"https:\/\/www.mastervape.fr\/wp-content\/uploads\/2026\/03\/luxe-x3.jpg\" \/>\n\t<meta property=\"og:image:width\" content=\"794\" \/>\n\t<meta property=\"og:image:height\" content=\"794\" \/>\n\t<meta property=\"og:image:type\" content=\"image\/jpeg\" \/>\n<meta name=\"twitter:card\" content=\"summary_large_image\" \/>\n<script type=\"application\/ld+json\" class=\"yoast-schema-graph\">{\"@context\":\"https:\/\/schema.org\",\"@graph\":[{\"@type\":\"Organization\",\"@id\":\"https:\/\/www.mastervape.fr\/#organization\",\"name\":\"Master vape\",\"url\":\"https:\/\/www.mastervape.fr\/\",\"sameAs\":[\"https:\/\/www.facebook.com\/mastervapeelbeuf\"],\"logo\":{\"@type\":\"ImageObject\",\"@id\":\"https:\/\/www.mastervape.fr\/#logo\",\"inLanguage\":\"fr-FR\",\"url\":\"https:\/\/mastervape.fr\/wp-content\/uploads\/2020\/04\/logoSite-2.png\",\"contentUrl\":\"https:\/\/mastervape.fr\/wp-content\/uploads\/2020\/04\/logoSite-2.png\",\"width\":512,\"height\":512,\"caption\":\"Master vape\"},\"image\":{\"@id\":\"https:\/\/www.mastervape.fr\/#logo\"}},{\"@type\":\"WebSite\",\"@id\":\"https:\/\/www.mastervape.fr\/#website\",\"url\":\"https:\/\/www.mastervape.fr\/\",\"name\":\"Master vape Elbeuf\",\"description\":\"la vape chez les sp\u00e9cialistes\",\"publisher\":{\"@id\":\"https:\/\/www.mastervape.fr\/#organization\"},\"potentialAction\":[{\"@type\":\"SearchAction\",\"target\":{\"@type\":\"EntryPoint\",\"urlTemplate\":\"https:\/\/www.mastervape.fr\/?s={search_term_string}\"},\"query-input\":\"required name=search_term_string\"}],\"inLanguage\":\"fr-FR\"},{\"@type\":\"ImageObject\",\"@id\":\"https:\/\/www.mastervape.fr\/index.php\/produit\/pack-pod-luxe-x3-5ml-2600mah-vaporesso\/#primaryimage\",\"inLanguage\":\"fr-FR\",\"url\":\"https:\/\/www.mastervape.fr\/wp-content\/uploads\/2026\/03\/luxe-x3.jpg\",\"contentUrl\":\"https:\/\/www.mastervape.fr\/wp-content\/uploads\/2026\/03\/luxe-x3.jpg\",\"width\":794,\"height\":794},{\"@type\":\"WebPage\",\"@id\":\"https:\/\/www.mastervape.fr\/index.php\/produit\/pack-pod-luxe-x3-5ml-2600mah-vaporesso\/#webpage\",\"url\":\"https:\/\/www.mastervape.fr\/index.php\/produit\/pack-pod-luxe-x3-5ml-2600mah-vaporesso\/\",\"name\":\"Pack Pod Luxe X3 5ml 2600mAh - Vaporesso - Boutique de cigarettes \u00e9lectroniques\",\"isPartOf\":{\"@id\":\"https:\/\/www.mastervape.fr\/#website\"},\"primaryImageOfPage\":{\"@id\":\"https:\/\/www.mastervape.fr\/index.php\/produit\/pack-pod-luxe-x3-5ml-2600mah-vaporesso\/#primaryimage\"},\"datePublished\":\"2026-03-03T11:34:44+00:00\",\"dateModified\":\"2026-03-03T11:34:44+00:00\",\"breadcrumb\":{\"@id\":\"https:\/\/www.mastervape.fr\/index.php\/produit\/pack-pod-luxe-x3-5ml-2600mah-vaporesso\/#breadcrumb\"},\"inLanguage\":\"fr-FR\",\"potentialAction\":[{\"@type\":\"ReadAction\",\"target\":[\"https:\/\/www.mastervape.fr\/index.php\/produit\/pack-pod-luxe-x3-5ml-2600mah-vaporesso\/\"]}]},{\"@type\":\"BreadcrumbList\",\"@id\":\"https:\/\/www.mastervape.fr\/index.php\/produit\/pack-pod-luxe-x3-5ml-2600mah-vaporesso\/#breadcrumb\",\"itemListElement\":[{\"@type\":\"ListItem\",\"position\":1,\"name\":\"Home\",\"item\":\"https:\/\/www.mastervape.fr\/\"},{\"@type\":\"ListItem\",\"position\":2,\"name\":\"Boutique\",\"item\":\"https:\/\/www.mastervape.fr\/index.php\/boutique-cigarette-electronique-elbeuf\/\"},{\"@type\":\"ListItem\",\"position\":3,\"name\":\"Pack Pod Luxe X3 5ml 2600mAh &#8211; Vaporesso\"}]}]}<\/script>\n<!-- \/ Yoast SEO plugin. -->","yoast_head_json":{"title":"Pack Pod Luxe X3 5ml 2600mAh - Vaporesso - Boutique de cigarettes \u00e9lectroniques","robots":{"index":"index","follow":"follow","max-snippet":"max-snippet:-1","max-image-preview":"max-image-preview:large","max-video-preview":"max-video-preview:-1"},"canonical":"https:\/\/www.mastervape.fr\/index.php\/produit\/pack-pod-luxe-x3-5ml-2600mah-vaporesso\/","og_locale":"fr_FR","og_type":"article","og_title":"Pack Pod Luxe X3 5ml 2600mAh - Vaporesso - Boutique de cigarettes \u00e9lectroniques","og_description":"Chipset apparent, autonomie cons\u00e9quente, cette version\u00a0X3\u00a0du pod\u00a0Luxe\u00a0de\u00a0Vaporesso\u00a0est aboutie en tout point.  Batterie int\u00e9gr\u00e9e de\u00a02600mAh\u00a0se rechargeant rapidement \u00e0\u00a02A\u00a0via\u00a0USB-C.  Puissance r\u00e9glable\u00a0jusqu'\u00e0\u00a045 watts.  Capacit\u00e9 de 5ml\u00a0et\u00a0remplissage par le c\u00f4t\u00e9.  R\u00e9sistance int\u00e9gr\u00e9e\u00a0Dual\u00a0Mesh\u00a0d'une valeur de\u00a00.4 ou 0.6ohm.  Compatible avec les\u00a0cartouches Luxe X series.  Airflow r\u00e9glable\u00a0parfait pour un\u00a0tirage MTL \u00e0 DL.  Ecran digital 0.8\"\u00a0clair et lisible avec\u00a0LED RGB.  Activation par bouton ou automatique par inhalation.","og_url":"https:\/\/www.mastervape.fr\/index.php\/produit\/pack-pod-luxe-x3-5ml-2600mah-vaporesso\/","og_site_name":"Boutique de cigarettes \u00e9lectroniques","article_publisher":"https:\/\/www.facebook.com\/mastervapeelbeuf","og_image":[{"width":794,"height":794,"url":"https:\/\/www.mastervape.fr\/wp-content\/uploads\/2026\/03\/luxe-x3.jpg","type":"image\/jpeg"}],"twitter_card":"summary_large_image","schema":{"@context":"https:\/\/schema.org","@graph":[{"@type":"Organization","@id":"https:\/\/www.mastervape.fr\/#organization","name":"Master vape","url":"https:\/\/www.mastervape.fr\/","sameAs":["https:\/\/www.facebook.com\/mastervapeelbeuf"],"logo":{"@type":"ImageObject","@id":"https:\/\/www.mastervape.fr\/#logo","inLanguage":"fr-FR","url":"https:\/\/mastervape.fr\/wp-content\/uploads\/2020\/04\/logoSite-2.png","contentUrl":"https:\/\/mastervape.fr\/wp-content\/uploads\/2020\/04\/logoSite-2.png","width":512,"height":512,"caption":"Master vape"},"image":{"@id":"https:\/\/www.mastervape.fr\/#logo"}},{"@type":"WebSite","@id":"https:\/\/www.mastervape.fr\/#website","url":"https:\/\/www.mastervape.fr\/","name":"Master vape Elbeuf","description":"la vape chez les sp\u00e9cialistes","publisher":{"@id":"https:\/\/www.mastervape.fr\/#organization"},"potentialAction":[{"@type":"SearchAction","target":{"@type":"EntryPoint","urlTemplate":"https:\/\/www.mastervape.fr\/?s={search_term_string}"},"query-input":"required name=search_term_string"}],"inLanguage":"fr-FR"},{"@type":"ImageObject","@id":"https:\/\/www.mastervape.fr\/index.php\/produit\/pack-pod-luxe-x3-5ml-2600mah-vaporesso\/#primaryimage","inLanguage":"fr-FR","url":"https:\/\/www.mastervape.fr\/wp-content\/uploads\/2026\/03\/luxe-x3.jpg","contentUrl":"https:\/\/www.mastervape.fr\/wp-content\/uploads\/2026\/03\/luxe-x3.jpg","width":794,"height":794},{"@type":"WebPage","@id":"https:\/\/www.mastervape.fr\/index.php\/produit\/pack-pod-luxe-x3-5ml-2600mah-vaporesso\/#webpage","url":"https:\/\/www.mastervape.fr\/index.php\/produit\/pack-pod-luxe-x3-5ml-2600mah-vaporesso\/","name":"Pack Pod Luxe X3 5ml 2600mAh - Vaporesso - Boutique de cigarettes \u00e9lectroniques","isPartOf":{"@id":"https:\/\/www.mastervape.fr\/#website"},"primaryImageOfPage":{"@id":"https:\/\/www.mastervape.fr\/index.php\/produit\/pack-pod-luxe-x3-5ml-2600mah-vaporesso\/#primaryimage"},"datePublished":"2026-03-03T11:34:44+00:00","dateModified":"2026-03-03T11:34:44+00:00","breadcrumb":{"@id":"https:\/\/www.mastervape.fr\/index.php\/produit\/pack-pod-luxe-x3-5ml-2600mah-vaporesso\/#breadcrumb"},"inLanguage":"fr-FR","potentialAction":[{"@type":"ReadAction","target":["https:\/\/www.mastervape.fr\/index.php\/produit\/pack-pod-luxe-x3-5ml-2600mah-vaporesso\/"]}]},{"@type":"BreadcrumbList","@id":"https:\/\/www.mastervape.fr\/index.php\/produit\/pack-pod-luxe-x3-5ml-2600mah-vaporesso\/#breadcrumb","itemListElement":[{"@type":"ListItem","position":1,"name":"Home","item":"https:\/\/www.mastervape.fr\/"},{"@type":"ListItem","position":2,"name":"Boutique","item":"https:\/\/www.mastervape.fr\/index.php\/boutique-cigarette-electronique-elbeuf\/"},{"@type":"ListItem","position":3,"name":"Pack Pod Luxe X3 5ml 2600mAh &#8211; Vaporesso"}]}]}},"_links":{"self":[{"href":"https:\/\/www.mastervape.fr\/index.php\/wp-json\/wp\/v2\/product\/9294"}],"collection":[{"href":"https:\/\/www.mastervape.fr\/index.php\/wp-json\/wp\/v2\/product"}],"about":[{"href":"https:\/\/www.mastervape.fr\/index.php\/wp-json\/wp\/v2\/types\/product"}],"wp:featuredmedia":[{"embeddable":true,"href":"https:\/\/www.mastervape.fr\/index.php\/wp-json\/wp\/v2\/media\/9301"}],"wp:attachment":[{"href":"https:\/\/www.mastervape.fr\/index.php\/wp-json\/wp\/v2\/media?parent=9294"}],"wp:term":[{"taxonomy":"product_cat","embeddable":true,"href":"https:\/\/www.mastervape.fr\/index.php\/wp-json\/wp\/v2\/product_cat?post=9294"},{"taxonomy":"product_tag","embeddable":true,"href":"https:\/\/www.mastervape.fr\/index.php\/wp-json\/wp\/v2\/product_tag?post=9294"}],"curies":[{"name":"wp","href":"https:\/\/api.w.org\/{rel}","templated":true}]}}