{"id":9311,"date":"2026-03-13T11:11:35","date_gmt":"2026-03-13T10:11:35","guid":{"rendered":"https:\/\/www.mastervape.fr\/?post_type=product&#038;p=9311"},"modified":"2026-03-13T11:11:35","modified_gmt":"2026-03-13T10:11:35","slug":"letters-c-100ml-letters-by-e-tasty","status":"publish","type":"product","link":"https:\/\/www.mastervape.fr\/index.php\/produit\/letters-c-100ml-letters-by-e-tasty\/","title":{"rendered":"Letters C 100ml &#8211; Letters by E.tasty"},"content":{"rendered":"","protected":false},"excerpt":{"rendered":"<p>&nbsp;<\/p>\n<p>Vous h\u00e9sitez entre un e-liquide boisson, fruit\u00e9 ou gourmand ? L&#8217;imagination de la marque ETasty n&#8217;a pas de limites et vous propose un nouveau flacon qui va vous permettre de faire un unique choix !<\/p>\n<p>L&#8217;<strong>e-liquide<\/strong><strong>\u00a0Letters C 100ml E.Tasty<\/strong>\u00a0combine plusieurs ar\u00f4mes pour vous proposer une recette parfaitement maitris\u00e9e. Une\u00a0<u>barbe \u00e0 papa<\/u>\u00a0fondante, une\u00a0<u>fraise<\/u>\u00a0g\u00e9n\u00e9reuse et une\u00a0<u>grenadine<\/u>\u00a0sirupeuse envelopperont votre palais de douceurs.<\/p>\n<p>Cet e-liquide de vape ETasty est disponible \u00e0 l&#8217;achat chez votre grossiste dans un flacon de 120ml de capacit\u00e9, rempli \u00e0 hauteur de 100ml d&#8217;e-juice, sans nicotine.<\/p>\n<p>Votre fournisseur d&#8217;e-liquides pour cigarette \u00e9lectronique vous indique un taux de PG\/VG en 40\/60 pour une vape RDL \u00e0 DTL de qualit\u00e9.<\/p>\n<p>&nbsp;<\/p>\n","protected":false},"featured_media":9314,"template":"","meta":{"_monsterinsights_skip_tracking":false,"_monsterinsights_sitenote_active":false,"_monsterinsights_sitenote_note":"","_monsterinsights_sitenote_category":0,"spay_email":""},"product_cat":[125,83,118,120,115,123,176],"product_tag":[],"class_list":["post-9311","product","type-product","status-publish","has-post-thumbnail","hentry","product_cat-boisson","product_cat-e-tasty","product_cat-fruitees","product_cat-gourmands","product_cat-gout","product_cat-nouveaute","product_cat-tous-les-100ml"],"yoast_head":"<!-- This site is optimized with the Yoast SEO plugin v18.2 - https:\/\/yoast.com\/wordpress\/plugins\/seo\/ -->\n<title>Letters C 100ml - Letters by E.tasty - Boutique de cigarettes \u00e9lectroniques<\/title>\n<meta name=\"robots\" content=\"index, follow, max-snippet:-1, max-image-preview:large, max-video-preview:-1\" \/>\n<link rel=\"canonical\" href=\"https:\/\/www.mastervape.fr\/index.php\/produit\/letters-c-100ml-letters-by-e-tasty\/\" \/>\n<meta property=\"og:locale\" content=\"fr_FR\" \/>\n<meta property=\"og:type\" content=\"article\" \/>\n<meta property=\"og:title\" content=\"Letters C 100ml - Letters by E.tasty - Boutique de cigarettes \u00e9lectroniques\" \/>\n<meta property=\"og:description\" content=\"&nbsp;  Vous h\u00e9sitez entre un e-liquide boisson, fruit\u00e9 ou gourmand ? L&#039;imagination de la marque ETasty n&#039;a pas de limites et vous propose un nouveau flacon qui va vous permettre de faire un unique choix !  L&#039;e-liquide\u00a0Letters C 100ml E.Tasty\u00a0combine plusieurs ar\u00f4mes pour vous proposer une recette parfaitement maitris\u00e9e. Une\u00a0barbe \u00e0 papa\u00a0fondante, une\u00a0fraise\u00a0g\u00e9n\u00e9reuse et une\u00a0grenadine\u00a0sirupeuse envelopperont votre palais de douceurs.  Cet e-liquide de vape ETasty est disponible \u00e0 l&#039;achat chez votre grossiste dans un flacon de 120ml de capacit\u00e9, rempli \u00e0 hauteur de 100ml d&#039;e-juice, sans nicotine.  Votre fournisseur d&#039;e-liquides pour cigarette \u00e9lectronique vous indique un taux de PG\/VG en 40\/60 pour une vape RDL \u00e0 DTL de qualit\u00e9.  &nbsp;\" \/>\n<meta property=\"og:url\" content=\"https:\/\/www.mastervape.fr\/index.php\/produit\/letters-c-100ml-letters-by-e-tasty\/\" \/>\n<meta property=\"og:site_name\" content=\"Boutique de cigarettes \u00e9lectroniques\" \/>\n<meta property=\"article:publisher\" content=\"https:\/\/www.facebook.com\/mastervapeelbeuf\" \/>\n<meta property=\"og:image\" content=\"https:\/\/www.mastervape.fr\/wp-content\/uploads\/2026\/03\/letters-c.png\" \/>\n\t<meta property=\"og:image:width\" content=\"800\" \/>\n\t<meta property=\"og:image:height\" content=\"800\" \/>\n\t<meta property=\"og:image:type\" content=\"image\/png\" \/>\n<meta name=\"twitter:card\" content=\"summary_large_image\" \/>\n<script type=\"application\/ld+json\" class=\"yoast-schema-graph\">{\"@context\":\"https:\/\/schema.org\",\"@graph\":[{\"@type\":\"Organization\",\"@id\":\"https:\/\/www.mastervape.fr\/#organization\",\"name\":\"Master vape\",\"url\":\"https:\/\/www.mastervape.fr\/\",\"sameAs\":[\"https:\/\/www.facebook.com\/mastervapeelbeuf\"],\"logo\":{\"@type\":\"ImageObject\",\"@id\":\"https:\/\/www.mastervape.fr\/#logo\",\"inLanguage\":\"fr-FR\",\"url\":\"https:\/\/mastervape.fr\/wp-content\/uploads\/2020\/04\/logoSite-2.png\",\"contentUrl\":\"https:\/\/mastervape.fr\/wp-content\/uploads\/2020\/04\/logoSite-2.png\",\"width\":512,\"height\":512,\"caption\":\"Master vape\"},\"image\":{\"@id\":\"https:\/\/www.mastervape.fr\/#logo\"}},{\"@type\":\"WebSite\",\"@id\":\"https:\/\/www.mastervape.fr\/#website\",\"url\":\"https:\/\/www.mastervape.fr\/\",\"name\":\"Master vape Elbeuf\",\"description\":\"la vape chez les sp\u00e9cialistes\",\"publisher\":{\"@id\":\"https:\/\/www.mastervape.fr\/#organization\"},\"potentialAction\":[{\"@type\":\"SearchAction\",\"target\":{\"@type\":\"EntryPoint\",\"urlTemplate\":\"https:\/\/www.mastervape.fr\/?s={search_term_string}\"},\"query-input\":\"required name=search_term_string\"}],\"inLanguage\":\"fr-FR\"},{\"@type\":\"ImageObject\",\"@id\":\"https:\/\/www.mastervape.fr\/index.php\/produit\/letters-c-100ml-letters-by-e-tasty\/#primaryimage\",\"inLanguage\":\"fr-FR\",\"url\":\"https:\/\/www.mastervape.fr\/wp-content\/uploads\/2026\/03\/letters-c.png\",\"contentUrl\":\"https:\/\/www.mastervape.fr\/wp-content\/uploads\/2026\/03\/letters-c.png\",\"width\":800,\"height\":800},{\"@type\":\"WebPage\",\"@id\":\"https:\/\/www.mastervape.fr\/index.php\/produit\/letters-c-100ml-letters-by-e-tasty\/#webpage\",\"url\":\"https:\/\/www.mastervape.fr\/index.php\/produit\/letters-c-100ml-letters-by-e-tasty\/\",\"name\":\"Letters C 100ml - Letters by E.tasty - Boutique de cigarettes \u00e9lectroniques\",\"isPartOf\":{\"@id\":\"https:\/\/www.mastervape.fr\/#website\"},\"primaryImageOfPage\":{\"@id\":\"https:\/\/www.mastervape.fr\/index.php\/produit\/letters-c-100ml-letters-by-e-tasty\/#primaryimage\"},\"datePublished\":\"2026-03-13T10:11:35+00:00\",\"dateModified\":\"2026-03-13T10:11:35+00:00\",\"breadcrumb\":{\"@id\":\"https:\/\/www.mastervape.fr\/index.php\/produit\/letters-c-100ml-letters-by-e-tasty\/#breadcrumb\"},\"inLanguage\":\"fr-FR\",\"potentialAction\":[{\"@type\":\"ReadAction\",\"target\":[\"https:\/\/www.mastervape.fr\/index.php\/produit\/letters-c-100ml-letters-by-e-tasty\/\"]}]},{\"@type\":\"BreadcrumbList\",\"@id\":\"https:\/\/www.mastervape.fr\/index.php\/produit\/letters-c-100ml-letters-by-e-tasty\/#breadcrumb\",\"itemListElement\":[{\"@type\":\"ListItem\",\"position\":1,\"name\":\"Home\",\"item\":\"https:\/\/www.mastervape.fr\/\"},{\"@type\":\"ListItem\",\"position\":2,\"name\":\"Boutique\",\"item\":\"https:\/\/www.mastervape.fr\/index.php\/boutique-cigarette-electronique-elbeuf\/\"},{\"@type\":\"ListItem\",\"position\":3,\"name\":\"Letters C 100ml &#8211; Letters by E.tasty\"}]}]}<\/script>\n<!-- \/ Yoast SEO plugin. -->","yoast_head_json":{"title":"Letters C 100ml - Letters by E.tasty - Boutique de cigarettes \u00e9lectroniques","robots":{"index":"index","follow":"follow","max-snippet":"max-snippet:-1","max-image-preview":"max-image-preview:large","max-video-preview":"max-video-preview:-1"},"canonical":"https:\/\/www.mastervape.fr\/index.php\/produit\/letters-c-100ml-letters-by-e-tasty\/","og_locale":"fr_FR","og_type":"article","og_title":"Letters C 100ml - Letters by E.tasty - Boutique de cigarettes \u00e9lectroniques","og_description":"&nbsp;  Vous h\u00e9sitez entre un e-liquide boisson, fruit\u00e9 ou gourmand ? L'imagination de la marque ETasty n'a pas de limites et vous propose un nouveau flacon qui va vous permettre de faire un unique choix !  L'e-liquide\u00a0Letters C 100ml E.Tasty\u00a0combine plusieurs ar\u00f4mes pour vous proposer une recette parfaitement maitris\u00e9e. Une\u00a0barbe \u00e0 papa\u00a0fondante, une\u00a0fraise\u00a0g\u00e9n\u00e9reuse et une\u00a0grenadine\u00a0sirupeuse envelopperont votre palais de douceurs.  Cet e-liquide de vape ETasty est disponible \u00e0 l'achat chez votre grossiste dans un flacon de 120ml de capacit\u00e9, rempli \u00e0 hauteur de 100ml d'e-juice, sans nicotine.  Votre fournisseur d'e-liquides pour cigarette \u00e9lectronique vous indique un taux de PG\/VG en 40\/60 pour une vape RDL \u00e0 DTL de qualit\u00e9.  &nbsp;","og_url":"https:\/\/www.mastervape.fr\/index.php\/produit\/letters-c-100ml-letters-by-e-tasty\/","og_site_name":"Boutique de cigarettes \u00e9lectroniques","article_publisher":"https:\/\/www.facebook.com\/mastervapeelbeuf","og_image":[{"width":800,"height":800,"url":"https:\/\/www.mastervape.fr\/wp-content\/uploads\/2026\/03\/letters-c.png","type":"image\/png"}],"twitter_card":"summary_large_image","schema":{"@context":"https:\/\/schema.org","@graph":[{"@type":"Organization","@id":"https:\/\/www.mastervape.fr\/#organization","name":"Master vape","url":"https:\/\/www.mastervape.fr\/","sameAs":["https:\/\/www.facebook.com\/mastervapeelbeuf"],"logo":{"@type":"ImageObject","@id":"https:\/\/www.mastervape.fr\/#logo","inLanguage":"fr-FR","url":"https:\/\/mastervape.fr\/wp-content\/uploads\/2020\/04\/logoSite-2.png","contentUrl":"https:\/\/mastervape.fr\/wp-content\/uploads\/2020\/04\/logoSite-2.png","width":512,"height":512,"caption":"Master vape"},"image":{"@id":"https:\/\/www.mastervape.fr\/#logo"}},{"@type":"WebSite","@id":"https:\/\/www.mastervape.fr\/#website","url":"https:\/\/www.mastervape.fr\/","name":"Master vape Elbeuf","description":"la vape chez les sp\u00e9cialistes","publisher":{"@id":"https:\/\/www.mastervape.fr\/#organization"},"potentialAction":[{"@type":"SearchAction","target":{"@type":"EntryPoint","urlTemplate":"https:\/\/www.mastervape.fr\/?s={search_term_string}"},"query-input":"required name=search_term_string"}],"inLanguage":"fr-FR"},{"@type":"ImageObject","@id":"https:\/\/www.mastervape.fr\/index.php\/produit\/letters-c-100ml-letters-by-e-tasty\/#primaryimage","inLanguage":"fr-FR","url":"https:\/\/www.mastervape.fr\/wp-content\/uploads\/2026\/03\/letters-c.png","contentUrl":"https:\/\/www.mastervape.fr\/wp-content\/uploads\/2026\/03\/letters-c.png","width":800,"height":800},{"@type":"WebPage","@id":"https:\/\/www.mastervape.fr\/index.php\/produit\/letters-c-100ml-letters-by-e-tasty\/#webpage","url":"https:\/\/www.mastervape.fr\/index.php\/produit\/letters-c-100ml-letters-by-e-tasty\/","name":"Letters C 100ml - Letters by E.tasty - Boutique de cigarettes \u00e9lectroniques","isPartOf":{"@id":"https:\/\/www.mastervape.fr\/#website"},"primaryImageOfPage":{"@id":"https:\/\/www.mastervape.fr\/index.php\/produit\/letters-c-100ml-letters-by-e-tasty\/#primaryimage"},"datePublished":"2026-03-13T10:11:35+00:00","dateModified":"2026-03-13T10:11:35+00:00","breadcrumb":{"@id":"https:\/\/www.mastervape.fr\/index.php\/produit\/letters-c-100ml-letters-by-e-tasty\/#breadcrumb"},"inLanguage":"fr-FR","potentialAction":[{"@type":"ReadAction","target":["https:\/\/www.mastervape.fr\/index.php\/produit\/letters-c-100ml-letters-by-e-tasty\/"]}]},{"@type":"BreadcrumbList","@id":"https:\/\/www.mastervape.fr\/index.php\/produit\/letters-c-100ml-letters-by-e-tasty\/#breadcrumb","itemListElement":[{"@type":"ListItem","position":1,"name":"Home","item":"https:\/\/www.mastervape.fr\/"},{"@type":"ListItem","position":2,"name":"Boutique","item":"https:\/\/www.mastervape.fr\/index.php\/boutique-cigarette-electronique-elbeuf\/"},{"@type":"ListItem","position":3,"name":"Letters C 100ml &#8211; Letters by E.tasty"}]}]}},"_links":{"self":[{"href":"https:\/\/www.mastervape.fr\/index.php\/wp-json\/wp\/v2\/product\/9311"}],"collection":[{"href":"https:\/\/www.mastervape.fr\/index.php\/wp-json\/wp\/v2\/product"}],"about":[{"href":"https:\/\/www.mastervape.fr\/index.php\/wp-json\/wp\/v2\/types\/product"}],"wp:featuredmedia":[{"embeddable":true,"href":"https:\/\/www.mastervape.fr\/index.php\/wp-json\/wp\/v2\/media\/9314"}],"wp:attachment":[{"href":"https:\/\/www.mastervape.fr\/index.php\/wp-json\/wp\/v2\/media?parent=9311"}],"wp:term":[{"taxonomy":"product_cat","embeddable":true,"href":"https:\/\/www.mastervape.fr\/index.php\/wp-json\/wp\/v2\/product_cat?post=9311"},{"taxonomy":"product_tag","embeddable":true,"href":"https:\/\/www.mastervape.fr\/index.php\/wp-json\/wp\/v2\/product_tag?post=9311"}],"curies":[{"name":"wp","href":"https:\/\/api.w.org\/{rel}","templated":true}]}}