{"id":9341,"date":"2026-04-07T12:22:51","date_gmt":"2026-04-07T10:22:51","guid":{"rendered":"https:\/\/www.mastervape.fr\/?post_type=product&#038;p=9341"},"modified":"2026-04-07T12:22:51","modified_gmt":"2026-04-07T10:22:51","slug":"concentre-paloma-30ml-fighter-fuel-x-enfer-by-maison-fuel","status":"publish","type":"product","link":"https:\/\/www.mastervape.fr\/index.php\/produit\/concentre-paloma-30ml-fighter-fuel-x-enfer-by-maison-fuel\/","title":{"rendered":"Concentr\u00e9 Paloma 30ml &#8211; Fighter Fuel x ENFER by Maison Fuel"},"content":{"rendered":"<ul id=\"idTab2\" class=\"bullet\">\n<li>Marque\u00a0Maison Fuel<\/li>\n<li>Gamme\u00a0Fighter Fuel x ENFER<\/li>\n<li>Pays\u00a0France<\/li>\n<li>Saveur\u00a0Boisson<\/li>\n<li>Conditionnement\u00a0Flacon PE 30ml avec bouchon s\u00e9curit\u00e9 enfant<\/li>\n<li>Contenance\u00a030ml<\/li>\n<li>Temps de steep\u00a03 \u00e0 5 jours<\/li>\n<li>Dosage recommand\u00e9\u00a0~7%<\/li>\n<\/ul>\n","protected":false},"excerpt":{"rendered":"<p dir=\"ltr\">\n<p id=\"tw-target-text\" class=\"tw-data-text tw-text-large XcVN5d tw-ta\" dir=\"ltr\">Une\u00a0<strong>limonade<\/strong>\u00a0p\u00e9tillante associ\u00e9e \u00e0 la\u00a0<strong>framboise bleue<\/strong>\u00a0sucr\u00e9e, sublim\u00e9e par une\u00a0<strong>fra\u00eecheur<\/strong>\u00a0vive et rafra\u00eechissante.<\/p>\n","protected":false},"featured_media":9342,"template":"","meta":{"_monsterinsights_skip_tracking":false,"_monsterinsights_sitenote_active":false,"_monsterinsights_sitenote_note":"","_monsterinsights_sitenote_category":0,"spay_email":""},"product_cat":[152,74,125,39,328,119,115,123],"product_tag":[],"class_list":["post-9341","product","type-product","status-publish","has-post-thumbnail","hentry","product_cat-30mldiy","product_cat-arome","product_cat-boisson","product_cat-diy","product_cat-fighter","product_cat-fruitees-frais","product_cat-gout","product_cat-nouveaute"],"yoast_head":"<!-- This site is optimized with the Yoast SEO plugin v18.2 - https:\/\/yoast.com\/wordpress\/plugins\/seo\/ -->\n<title>Concentr\u00e9 Paloma 30ml - Fighter Fuel x ENFER by Maison Fuel - Boutique de cigarettes \u00e9lectroniques<\/title>\n<meta name=\"robots\" content=\"index, follow, max-snippet:-1, max-image-preview:large, max-video-preview:-1\" \/>\n<link rel=\"canonical\" href=\"https:\/\/www.mastervape.fr\/index.php\/produit\/concentre-paloma-30ml-fighter-fuel-x-enfer-by-maison-fuel\/\" \/>\n<meta property=\"og:locale\" content=\"fr_FR\" \/>\n<meta property=\"og:type\" content=\"article\" \/>\n<meta property=\"og:title\" content=\"Concentr\u00e9 Paloma 30ml - Fighter Fuel x ENFER by Maison Fuel - Boutique de cigarettes \u00e9lectroniques\" \/>\n<meta property=\"og:description\" content=\"Une\u00a0limonade\u00a0p\u00e9tillante associ\u00e9e \u00e0 la\u00a0framboise bleue\u00a0sucr\u00e9e, sublim\u00e9e par une\u00a0fra\u00eecheur\u00a0vive et rafra\u00eechissante.\" \/>\n<meta property=\"og:url\" content=\"https:\/\/www.mastervape.fr\/index.php\/produit\/concentre-paloma-30ml-fighter-fuel-x-enfer-by-maison-fuel\/\" \/>\n<meta property=\"og:site_name\" content=\"Boutique de cigarettes \u00e9lectroniques\" \/>\n<meta property=\"article:publisher\" content=\"https:\/\/www.facebook.com\/mastervapeelbeuf\" \/>\n<meta property=\"og:image\" content=\"https:\/\/www.mastervape.fr\/wp-content\/uploads\/2026\/04\/PALOMA-DIY.jpg\" \/>\n\t<meta property=\"og:image:width\" content=\"548\" \/>\n\t<meta property=\"og:image:height\" content=\"553\" \/>\n\t<meta property=\"og:image:type\" content=\"image\/jpeg\" \/>\n<meta name=\"twitter:card\" content=\"summary_large_image\" \/>\n<script type=\"application\/ld+json\" class=\"yoast-schema-graph\">{\"@context\":\"https:\/\/schema.org\",\"@graph\":[{\"@type\":\"Organization\",\"@id\":\"https:\/\/www.mastervape.fr\/#organization\",\"name\":\"Master vape\",\"url\":\"https:\/\/www.mastervape.fr\/\",\"sameAs\":[\"https:\/\/www.facebook.com\/mastervapeelbeuf\"],\"logo\":{\"@type\":\"ImageObject\",\"@id\":\"https:\/\/www.mastervape.fr\/#logo\",\"inLanguage\":\"fr-FR\",\"url\":\"https:\/\/mastervape.fr\/wp-content\/uploads\/2020\/04\/logoSite-2.png\",\"contentUrl\":\"https:\/\/mastervape.fr\/wp-content\/uploads\/2020\/04\/logoSite-2.png\",\"width\":512,\"height\":512,\"caption\":\"Master vape\"},\"image\":{\"@id\":\"https:\/\/www.mastervape.fr\/#logo\"}},{\"@type\":\"WebSite\",\"@id\":\"https:\/\/www.mastervape.fr\/#website\",\"url\":\"https:\/\/www.mastervape.fr\/\",\"name\":\"Master vape Elbeuf\",\"description\":\"la vape chez les sp\u00e9cialistes\",\"publisher\":{\"@id\":\"https:\/\/www.mastervape.fr\/#organization\"},\"potentialAction\":[{\"@type\":\"SearchAction\",\"target\":{\"@type\":\"EntryPoint\",\"urlTemplate\":\"https:\/\/www.mastervape.fr\/?s={search_term_string}\"},\"query-input\":\"required name=search_term_string\"}],\"inLanguage\":\"fr-FR\"},{\"@type\":\"ImageObject\",\"@id\":\"https:\/\/www.mastervape.fr\/index.php\/produit\/concentre-paloma-30ml-fighter-fuel-x-enfer-by-maison-fuel\/#primaryimage\",\"inLanguage\":\"fr-FR\",\"url\":\"https:\/\/www.mastervape.fr\/wp-content\/uploads\/2026\/04\/PALOMA-DIY.jpg\",\"contentUrl\":\"https:\/\/www.mastervape.fr\/wp-content\/uploads\/2026\/04\/PALOMA-DIY.jpg\",\"width\":548,\"height\":553},{\"@type\":\"WebPage\",\"@id\":\"https:\/\/www.mastervape.fr\/index.php\/produit\/concentre-paloma-30ml-fighter-fuel-x-enfer-by-maison-fuel\/#webpage\",\"url\":\"https:\/\/www.mastervape.fr\/index.php\/produit\/concentre-paloma-30ml-fighter-fuel-x-enfer-by-maison-fuel\/\",\"name\":\"Concentr\u00e9 Paloma 30ml - Fighter Fuel x ENFER by Maison Fuel - Boutique de cigarettes \u00e9lectroniques\",\"isPartOf\":{\"@id\":\"https:\/\/www.mastervape.fr\/#website\"},\"primaryImageOfPage\":{\"@id\":\"https:\/\/www.mastervape.fr\/index.php\/produit\/concentre-paloma-30ml-fighter-fuel-x-enfer-by-maison-fuel\/#primaryimage\"},\"datePublished\":\"2026-04-07T10:22:51+00:00\",\"dateModified\":\"2026-04-07T10:22:51+00:00\",\"breadcrumb\":{\"@id\":\"https:\/\/www.mastervape.fr\/index.php\/produit\/concentre-paloma-30ml-fighter-fuel-x-enfer-by-maison-fuel\/#breadcrumb\"},\"inLanguage\":\"fr-FR\",\"potentialAction\":[{\"@type\":\"ReadAction\",\"target\":[\"https:\/\/www.mastervape.fr\/index.php\/produit\/concentre-paloma-30ml-fighter-fuel-x-enfer-by-maison-fuel\/\"]}]},{\"@type\":\"BreadcrumbList\",\"@id\":\"https:\/\/www.mastervape.fr\/index.php\/produit\/concentre-paloma-30ml-fighter-fuel-x-enfer-by-maison-fuel\/#breadcrumb\",\"itemListElement\":[{\"@type\":\"ListItem\",\"position\":1,\"name\":\"Home\",\"item\":\"https:\/\/www.mastervape.fr\/\"},{\"@type\":\"ListItem\",\"position\":2,\"name\":\"Boutique\",\"item\":\"https:\/\/www.mastervape.fr\/index.php\/boutique-cigarette-electronique-elbeuf\/\"},{\"@type\":\"ListItem\",\"position\":3,\"name\":\"Concentr\u00e9 Paloma 30ml &#8211; Fighter Fuel x ENFER by Maison Fuel\"}]}]}<\/script>\n<!-- \/ Yoast SEO plugin. -->","yoast_head_json":{"title":"Concentr\u00e9 Paloma 30ml - Fighter Fuel x ENFER by Maison Fuel - Boutique de cigarettes \u00e9lectroniques","robots":{"index":"index","follow":"follow","max-snippet":"max-snippet:-1","max-image-preview":"max-image-preview:large","max-video-preview":"max-video-preview:-1"},"canonical":"https:\/\/www.mastervape.fr\/index.php\/produit\/concentre-paloma-30ml-fighter-fuel-x-enfer-by-maison-fuel\/","og_locale":"fr_FR","og_type":"article","og_title":"Concentr\u00e9 Paloma 30ml - Fighter Fuel x ENFER by Maison Fuel - Boutique de cigarettes \u00e9lectroniques","og_description":"Une\u00a0limonade\u00a0p\u00e9tillante associ\u00e9e \u00e0 la\u00a0framboise bleue\u00a0sucr\u00e9e, sublim\u00e9e par une\u00a0fra\u00eecheur\u00a0vive et rafra\u00eechissante.","og_url":"https:\/\/www.mastervape.fr\/index.php\/produit\/concentre-paloma-30ml-fighter-fuel-x-enfer-by-maison-fuel\/","og_site_name":"Boutique de cigarettes \u00e9lectroniques","article_publisher":"https:\/\/www.facebook.com\/mastervapeelbeuf","og_image":[{"width":548,"height":553,"url":"https:\/\/www.mastervape.fr\/wp-content\/uploads\/2026\/04\/PALOMA-DIY.jpg","type":"image\/jpeg"}],"twitter_card":"summary_large_image","schema":{"@context":"https:\/\/schema.org","@graph":[{"@type":"Organization","@id":"https:\/\/www.mastervape.fr\/#organization","name":"Master vape","url":"https:\/\/www.mastervape.fr\/","sameAs":["https:\/\/www.facebook.com\/mastervapeelbeuf"],"logo":{"@type":"ImageObject","@id":"https:\/\/www.mastervape.fr\/#logo","inLanguage":"fr-FR","url":"https:\/\/mastervape.fr\/wp-content\/uploads\/2020\/04\/logoSite-2.png","contentUrl":"https:\/\/mastervape.fr\/wp-content\/uploads\/2020\/04\/logoSite-2.png","width":512,"height":512,"caption":"Master vape"},"image":{"@id":"https:\/\/www.mastervape.fr\/#logo"}},{"@type":"WebSite","@id":"https:\/\/www.mastervape.fr\/#website","url":"https:\/\/www.mastervape.fr\/","name":"Master vape Elbeuf","description":"la vape chez les sp\u00e9cialistes","publisher":{"@id":"https:\/\/www.mastervape.fr\/#organization"},"potentialAction":[{"@type":"SearchAction","target":{"@type":"EntryPoint","urlTemplate":"https:\/\/www.mastervape.fr\/?s={search_term_string}"},"query-input":"required name=search_term_string"}],"inLanguage":"fr-FR"},{"@type":"ImageObject","@id":"https:\/\/www.mastervape.fr\/index.php\/produit\/concentre-paloma-30ml-fighter-fuel-x-enfer-by-maison-fuel\/#primaryimage","inLanguage":"fr-FR","url":"https:\/\/www.mastervape.fr\/wp-content\/uploads\/2026\/04\/PALOMA-DIY.jpg","contentUrl":"https:\/\/www.mastervape.fr\/wp-content\/uploads\/2026\/04\/PALOMA-DIY.jpg","width":548,"height":553},{"@type":"WebPage","@id":"https:\/\/www.mastervape.fr\/index.php\/produit\/concentre-paloma-30ml-fighter-fuel-x-enfer-by-maison-fuel\/#webpage","url":"https:\/\/www.mastervape.fr\/index.php\/produit\/concentre-paloma-30ml-fighter-fuel-x-enfer-by-maison-fuel\/","name":"Concentr\u00e9 Paloma 30ml - Fighter Fuel x ENFER by Maison Fuel - Boutique de cigarettes \u00e9lectroniques","isPartOf":{"@id":"https:\/\/www.mastervape.fr\/#website"},"primaryImageOfPage":{"@id":"https:\/\/www.mastervape.fr\/index.php\/produit\/concentre-paloma-30ml-fighter-fuel-x-enfer-by-maison-fuel\/#primaryimage"},"datePublished":"2026-04-07T10:22:51+00:00","dateModified":"2026-04-07T10:22:51+00:00","breadcrumb":{"@id":"https:\/\/www.mastervape.fr\/index.php\/produit\/concentre-paloma-30ml-fighter-fuel-x-enfer-by-maison-fuel\/#breadcrumb"},"inLanguage":"fr-FR","potentialAction":[{"@type":"ReadAction","target":["https:\/\/www.mastervape.fr\/index.php\/produit\/concentre-paloma-30ml-fighter-fuel-x-enfer-by-maison-fuel\/"]}]},{"@type":"BreadcrumbList","@id":"https:\/\/www.mastervape.fr\/index.php\/produit\/concentre-paloma-30ml-fighter-fuel-x-enfer-by-maison-fuel\/#breadcrumb","itemListElement":[{"@type":"ListItem","position":1,"name":"Home","item":"https:\/\/www.mastervape.fr\/"},{"@type":"ListItem","position":2,"name":"Boutique","item":"https:\/\/www.mastervape.fr\/index.php\/boutique-cigarette-electronique-elbeuf\/"},{"@type":"ListItem","position":3,"name":"Concentr\u00e9 Paloma 30ml &#8211; Fighter Fuel x ENFER by Maison Fuel"}]}]}},"_links":{"self":[{"href":"https:\/\/www.mastervape.fr\/index.php\/wp-json\/wp\/v2\/product\/9341"}],"collection":[{"href":"https:\/\/www.mastervape.fr\/index.php\/wp-json\/wp\/v2\/product"}],"about":[{"href":"https:\/\/www.mastervape.fr\/index.php\/wp-json\/wp\/v2\/types\/product"}],"wp:featuredmedia":[{"embeddable":true,"href":"https:\/\/www.mastervape.fr\/index.php\/wp-json\/wp\/v2\/media\/9342"}],"wp:attachment":[{"href":"https:\/\/www.mastervape.fr\/index.php\/wp-json\/wp\/v2\/media?parent=9341"}],"wp:term":[{"taxonomy":"product_cat","embeddable":true,"href":"https:\/\/www.mastervape.fr\/index.php\/wp-json\/wp\/v2\/product_cat?post=9341"},{"taxonomy":"product_tag","embeddable":true,"href":"https:\/\/www.mastervape.fr\/index.php\/wp-json\/wp\/v2\/product_tag?post=9341"}],"curies":[{"name":"wp","href":"https:\/\/api.w.org\/{rel}","templated":true}]}}