{"id":9343,"date":"2026-04-07T12:31:53","date_gmt":"2026-04-07T10:31:53","guid":{"rendered":"https:\/\/www.mastervape.fr\/?post_type=product&#038;p=9343"},"modified":"2026-04-07T12:31:54","modified_gmt":"2026-04-07T10:31:54","slug":"z-nano-3-5ml-28mm-geekvape","status":"publish","type":"product","link":"https:\/\/www.mastervape.fr\/index.php\/produit\/z-nano-3-5ml-28mm-geekvape\/","title":{"rendered":"Z Nano 3 5ml 28mm &#8211; Geekvape"},"content":{"rendered":"<p><strong>Livr\u00e9 avec<\/strong><\/p>\n<ul>\n<li>1 x Clearomiseur Z Nano 3<\/li>\n<li>1 x R\u00e9sistance\u00a0B Boost 0.2ohm<\/li>\n<li>1 x R\u00e9sistance B Boost 0.4ohm<\/li>\n<li>1 x Drip tip 510 wide bore<\/li>\n<li>1 x Pyrex de remplacement<\/li>\n<li>1 x Outil d&#8217;extraction des r\u00e9sistances<\/li>\n<li>1 x Manuel d&#8217;utilisation<\/li>\n<li>1 x Carte d&#8217;information<\/li>\n<\/ul>\n<p><strong>Caract\u00e9ristiques<\/strong><\/p>\n<ul>\n<li>Dimensions : 57.3 x\u00a0\u00d828.0mm<\/li>\n<li>Mat\u00e9riau : Acier inoxydable<\/li>\n<li>Capacit\u00e9 : 5ml<\/li>\n<li>Remplissage : Par le haut<\/li>\n<li>Airflow r\u00e9glable<\/li>\n<li>Tirage : RDL \u00e0 DL<\/li>\n<li>Drip tip 510<\/li>\n<\/ul>\n","protected":false},"excerpt":{"rendered":"<p>&nbsp;<\/p>\n<table width=\"699\" align=\"center\">\n<tbody>\n<tr>\n<td>\n<ul>\n<li>Superbe \u00e9volution d&#8217;un clearomiseur devenu mythique, le\u00a0<strong>Z Nano 3<\/strong>\u00a0de\u00a0<strong>Geekvape<\/strong>\u00a0ne fait pas dans la demi-mesure.<\/li>\n<li><strong>Capacit\u00e9 de 5ml<\/strong>\u00a0et\u00a0<strong>remplissage par le haut &#8220;push to fill&#8221;<\/strong>.<\/li>\n<li>Compatible avec les\u00a0<strong>r\u00e9sistances B Boost series<\/strong>.<\/li>\n<li>Syst\u00e8me de remplacement des r\u00e9sistances &#8220;<strong>plug and vape<\/strong>&#8220;.<\/li>\n<li><strong>Airflow r\u00e9glable<\/strong>\u00a0parfait pour un<strong>\u00a0tirage RDL \u00e0 DL<\/strong>.<\/li>\n<li><strong>Drip tip 510 wide bore<\/strong>\u00a0inclus.<\/li>\n<li>Construction robuste en\u00a0<strong>acier inoxydable<\/strong>.<\/li>\n<li>Affleurant avec les mods acceptants les atomiseurs d&#8217;un\u00a0<strong>diam\u00e8tre de 24mm<\/strong>\u00a0au maximum.<\/li>\n<\/ul>\n<\/td>\n<\/tr>\n<\/tbody>\n<\/table>\n","protected":false},"featured_media":9348,"template":"","meta":{"_monsterinsights_skip_tracking":false,"_monsterinsights_sitenote_active":false,"_monsterinsights_sitenote_note":"","_monsterinsights_sitenote_category":0,"spay_email":""},"product_cat":[40,222,223,123,366],"product_tag":[],"class_list":["post-9343","product","type-product","status-publish","has-post-thumbnail","hentry","product_cat-atomiseur","product_cat-debutant","product_cat-intermediaire","product_cat-nouveaute","product_cat-top-matos"],"yoast_head":"<!-- This site is optimized with the Yoast SEO plugin v18.2 - https:\/\/yoast.com\/wordpress\/plugins\/seo\/ -->\n<title>Z Nano 3 5ml 28mm - Geekvape - Boutique de cigarettes \u00e9lectroniques<\/title>\n<meta name=\"robots\" content=\"index, follow, max-snippet:-1, max-image-preview:large, max-video-preview:-1\" \/>\n<link rel=\"canonical\" href=\"https:\/\/www.mastervape.fr\/index.php\/produit\/z-nano-3-5ml-28mm-geekvape\/\" \/>\n<meta property=\"og:locale\" content=\"fr_FR\" \/>\n<meta property=\"og:type\" content=\"article\" \/>\n<meta property=\"og:title\" content=\"Z Nano 3 5ml 28mm - Geekvape - Boutique de cigarettes \u00e9lectroniques\" \/>\n<meta property=\"og:description\" content=\"&nbsp;       Superbe \u00e9volution d&#039;un clearomiseur devenu mythique, le\u00a0Z Nano 3\u00a0de\u00a0Geekvape\u00a0ne fait pas dans la demi-mesure.  Capacit\u00e9 de 5ml\u00a0et\u00a0remplissage par le haut &quot;push to fill&quot;.  Compatible avec les\u00a0r\u00e9sistances B Boost series.  Syst\u00e8me de remplacement des r\u00e9sistances &quot;plug and vape&quot;.  Airflow r\u00e9glable\u00a0parfait pour un\u00a0tirage RDL \u00e0 DL.  Drip tip 510 wide bore\u00a0inclus.  Construction robuste en\u00a0acier inoxydable.  Affleurant avec les mods acceptants les atomiseurs d&#039;un\u00a0diam\u00e8tre de 24mm\u00a0au maximum.\" \/>\n<meta property=\"og:url\" content=\"https:\/\/www.mastervape.fr\/index.php\/produit\/z-nano-3-5ml-28mm-geekvape\/\" \/>\n<meta property=\"og:site_name\" content=\"Boutique de cigarettes \u00e9lectroniques\" \/>\n<meta property=\"article:publisher\" content=\"https:\/\/www.facebook.com\/mastervapeelbeuf\" \/>\n<meta property=\"article:modified_time\" content=\"2026-04-07T10:31:54+00:00\" \/>\n<meta property=\"og:image\" content=\"https:\/\/www.mastervape.fr\/wp-content\/uploads\/2026\/04\/z-nano-3.jpg\" \/>\n\t<meta property=\"og:image:width\" content=\"545\" \/>\n\t<meta property=\"og:image:height\" content=\"556\" \/>\n\t<meta property=\"og:image:type\" content=\"image\/jpeg\" \/>\n<meta name=\"twitter:card\" content=\"summary_large_image\" \/>\n<script type=\"application\/ld+json\" class=\"yoast-schema-graph\">{\"@context\":\"https:\/\/schema.org\",\"@graph\":[{\"@type\":\"Organization\",\"@id\":\"https:\/\/www.mastervape.fr\/#organization\",\"name\":\"Master vape\",\"url\":\"https:\/\/www.mastervape.fr\/\",\"sameAs\":[\"https:\/\/www.facebook.com\/mastervapeelbeuf\"],\"logo\":{\"@type\":\"ImageObject\",\"@id\":\"https:\/\/www.mastervape.fr\/#logo\",\"inLanguage\":\"fr-FR\",\"url\":\"https:\/\/mastervape.fr\/wp-content\/uploads\/2020\/04\/logoSite-2.png\",\"contentUrl\":\"https:\/\/mastervape.fr\/wp-content\/uploads\/2020\/04\/logoSite-2.png\",\"width\":512,\"height\":512,\"caption\":\"Master vape\"},\"image\":{\"@id\":\"https:\/\/www.mastervape.fr\/#logo\"}},{\"@type\":\"WebSite\",\"@id\":\"https:\/\/www.mastervape.fr\/#website\",\"url\":\"https:\/\/www.mastervape.fr\/\",\"name\":\"Master vape Elbeuf\",\"description\":\"la vape chez les sp\u00e9cialistes\",\"publisher\":{\"@id\":\"https:\/\/www.mastervape.fr\/#organization\"},\"potentialAction\":[{\"@type\":\"SearchAction\",\"target\":{\"@type\":\"EntryPoint\",\"urlTemplate\":\"https:\/\/www.mastervape.fr\/?s={search_term_string}\"},\"query-input\":\"required name=search_term_string\"}],\"inLanguage\":\"fr-FR\"},{\"@type\":\"ImageObject\",\"@id\":\"https:\/\/www.mastervape.fr\/index.php\/produit\/z-nano-3-5ml-28mm-geekvape\/#primaryimage\",\"inLanguage\":\"fr-FR\",\"url\":\"https:\/\/www.mastervape.fr\/wp-content\/uploads\/2026\/04\/z-nano-3.jpg\",\"contentUrl\":\"https:\/\/www.mastervape.fr\/wp-content\/uploads\/2026\/04\/z-nano-3.jpg\",\"width\":545,\"height\":556},{\"@type\":\"WebPage\",\"@id\":\"https:\/\/www.mastervape.fr\/index.php\/produit\/z-nano-3-5ml-28mm-geekvape\/#webpage\",\"url\":\"https:\/\/www.mastervape.fr\/index.php\/produit\/z-nano-3-5ml-28mm-geekvape\/\",\"name\":\"Z Nano 3 5ml 28mm - Geekvape - Boutique de cigarettes \u00e9lectroniques\",\"isPartOf\":{\"@id\":\"https:\/\/www.mastervape.fr\/#website\"},\"primaryImageOfPage\":{\"@id\":\"https:\/\/www.mastervape.fr\/index.php\/produit\/z-nano-3-5ml-28mm-geekvape\/#primaryimage\"},\"datePublished\":\"2026-04-07T10:31:53+00:00\",\"dateModified\":\"2026-04-07T10:31:54+00:00\",\"breadcrumb\":{\"@id\":\"https:\/\/www.mastervape.fr\/index.php\/produit\/z-nano-3-5ml-28mm-geekvape\/#breadcrumb\"},\"inLanguage\":\"fr-FR\",\"potentialAction\":[{\"@type\":\"ReadAction\",\"target\":[\"https:\/\/www.mastervape.fr\/index.php\/produit\/z-nano-3-5ml-28mm-geekvape\/\"]}]},{\"@type\":\"BreadcrumbList\",\"@id\":\"https:\/\/www.mastervape.fr\/index.php\/produit\/z-nano-3-5ml-28mm-geekvape\/#breadcrumb\",\"itemListElement\":[{\"@type\":\"ListItem\",\"position\":1,\"name\":\"Home\",\"item\":\"https:\/\/www.mastervape.fr\/\"},{\"@type\":\"ListItem\",\"position\":2,\"name\":\"Boutique\",\"item\":\"https:\/\/www.mastervape.fr\/index.php\/boutique-cigarette-electronique-elbeuf\/\"},{\"@type\":\"ListItem\",\"position\":3,\"name\":\"Z Nano 3 5ml 28mm &#8211; Geekvape\"}]}]}<\/script>\n<!-- \/ Yoast SEO plugin. -->","yoast_head_json":{"title":"Z Nano 3 5ml 28mm - Geekvape - Boutique de cigarettes \u00e9lectroniques","robots":{"index":"index","follow":"follow","max-snippet":"max-snippet:-1","max-image-preview":"max-image-preview:large","max-video-preview":"max-video-preview:-1"},"canonical":"https:\/\/www.mastervape.fr\/index.php\/produit\/z-nano-3-5ml-28mm-geekvape\/","og_locale":"fr_FR","og_type":"article","og_title":"Z Nano 3 5ml 28mm - Geekvape - Boutique de cigarettes \u00e9lectroniques","og_description":"&nbsp;       Superbe \u00e9volution d'un clearomiseur devenu mythique, le\u00a0Z Nano 3\u00a0de\u00a0Geekvape\u00a0ne fait pas dans la demi-mesure.  Capacit\u00e9 de 5ml\u00a0et\u00a0remplissage par le haut \"push to fill\".  Compatible avec les\u00a0r\u00e9sistances B Boost series.  Syst\u00e8me de remplacement des r\u00e9sistances \"plug and vape\".  Airflow r\u00e9glable\u00a0parfait pour un\u00a0tirage RDL \u00e0 DL.  Drip tip 510 wide bore\u00a0inclus.  Construction robuste en\u00a0acier inoxydable.  Affleurant avec les mods acceptants les atomiseurs d'un\u00a0diam\u00e8tre de 24mm\u00a0au maximum.","og_url":"https:\/\/www.mastervape.fr\/index.php\/produit\/z-nano-3-5ml-28mm-geekvape\/","og_site_name":"Boutique de cigarettes \u00e9lectroniques","article_publisher":"https:\/\/www.facebook.com\/mastervapeelbeuf","article_modified_time":"2026-04-07T10:31:54+00:00","og_image":[{"width":545,"height":556,"url":"https:\/\/www.mastervape.fr\/wp-content\/uploads\/2026\/04\/z-nano-3.jpg","type":"image\/jpeg"}],"twitter_card":"summary_large_image","schema":{"@context":"https:\/\/schema.org","@graph":[{"@type":"Organization","@id":"https:\/\/www.mastervape.fr\/#organization","name":"Master vape","url":"https:\/\/www.mastervape.fr\/","sameAs":["https:\/\/www.facebook.com\/mastervapeelbeuf"],"logo":{"@type":"ImageObject","@id":"https:\/\/www.mastervape.fr\/#logo","inLanguage":"fr-FR","url":"https:\/\/mastervape.fr\/wp-content\/uploads\/2020\/04\/logoSite-2.png","contentUrl":"https:\/\/mastervape.fr\/wp-content\/uploads\/2020\/04\/logoSite-2.png","width":512,"height":512,"caption":"Master vape"},"image":{"@id":"https:\/\/www.mastervape.fr\/#logo"}},{"@type":"WebSite","@id":"https:\/\/www.mastervape.fr\/#website","url":"https:\/\/www.mastervape.fr\/","name":"Master vape Elbeuf","description":"la vape chez les sp\u00e9cialistes","publisher":{"@id":"https:\/\/www.mastervape.fr\/#organization"},"potentialAction":[{"@type":"SearchAction","target":{"@type":"EntryPoint","urlTemplate":"https:\/\/www.mastervape.fr\/?s={search_term_string}"},"query-input":"required name=search_term_string"}],"inLanguage":"fr-FR"},{"@type":"ImageObject","@id":"https:\/\/www.mastervape.fr\/index.php\/produit\/z-nano-3-5ml-28mm-geekvape\/#primaryimage","inLanguage":"fr-FR","url":"https:\/\/www.mastervape.fr\/wp-content\/uploads\/2026\/04\/z-nano-3.jpg","contentUrl":"https:\/\/www.mastervape.fr\/wp-content\/uploads\/2026\/04\/z-nano-3.jpg","width":545,"height":556},{"@type":"WebPage","@id":"https:\/\/www.mastervape.fr\/index.php\/produit\/z-nano-3-5ml-28mm-geekvape\/#webpage","url":"https:\/\/www.mastervape.fr\/index.php\/produit\/z-nano-3-5ml-28mm-geekvape\/","name":"Z Nano 3 5ml 28mm - Geekvape - Boutique de cigarettes \u00e9lectroniques","isPartOf":{"@id":"https:\/\/www.mastervape.fr\/#website"},"primaryImageOfPage":{"@id":"https:\/\/www.mastervape.fr\/index.php\/produit\/z-nano-3-5ml-28mm-geekvape\/#primaryimage"},"datePublished":"2026-04-07T10:31:53+00:00","dateModified":"2026-04-07T10:31:54+00:00","breadcrumb":{"@id":"https:\/\/www.mastervape.fr\/index.php\/produit\/z-nano-3-5ml-28mm-geekvape\/#breadcrumb"},"inLanguage":"fr-FR","potentialAction":[{"@type":"ReadAction","target":["https:\/\/www.mastervape.fr\/index.php\/produit\/z-nano-3-5ml-28mm-geekvape\/"]}]},{"@type":"BreadcrumbList","@id":"https:\/\/www.mastervape.fr\/index.php\/produit\/z-nano-3-5ml-28mm-geekvape\/#breadcrumb","itemListElement":[{"@type":"ListItem","position":1,"name":"Home","item":"https:\/\/www.mastervape.fr\/"},{"@type":"ListItem","position":2,"name":"Boutique","item":"https:\/\/www.mastervape.fr\/index.php\/boutique-cigarette-electronique-elbeuf\/"},{"@type":"ListItem","position":3,"name":"Z Nano 3 5ml 28mm &#8211; Geekvape"}]}]}},"_links":{"self":[{"href":"https:\/\/www.mastervape.fr\/index.php\/wp-json\/wp\/v2\/product\/9343"}],"collection":[{"href":"https:\/\/www.mastervape.fr\/index.php\/wp-json\/wp\/v2\/product"}],"about":[{"href":"https:\/\/www.mastervape.fr\/index.php\/wp-json\/wp\/v2\/types\/product"}],"wp:featuredmedia":[{"embeddable":true,"href":"https:\/\/www.mastervape.fr\/index.php\/wp-json\/wp\/v2\/media\/9348"}],"wp:attachment":[{"href":"https:\/\/www.mastervape.fr\/index.php\/wp-json\/wp\/v2\/media?parent=9343"}],"wp:term":[{"taxonomy":"product_cat","embeddable":true,"href":"https:\/\/www.mastervape.fr\/index.php\/wp-json\/wp\/v2\/product_cat?post=9343"},{"taxonomy":"product_tag","embeddable":true,"href":"https:\/\/www.mastervape.fr\/index.php\/wp-json\/wp\/v2\/product_tag?post=9343"}],"curies":[{"name":"wp","href":"https:\/\/api.w.org\/{rel}","templated":true}]}}