{"id":9380,"date":"2026-04-15T15:58:54","date_gmt":"2026-04-15T13:58:54","guid":{"rendered":"https:\/\/www.mastervape.fr\/?post_type=product&#038;p=9380"},"modified":"2026-04-15T15:58:55","modified_gmt":"2026-04-15T13:58:55","slug":"dragon-fraise-50ml-fruizee-max-by-fruizee","status":"publish","type":"product","link":"https:\/\/www.mastervape.fr\/index.php\/produit\/dragon-fraise-50ml-fruizee-max-by-fruizee\/","title":{"rendered":"Dragon Fraise 50ml &#8211; Fruizee Max by Fruizee"},"content":{"rendered":"","protected":false},"excerpt":{"rendered":"<p>Acteur majeur de la vape fran\u00e7aise, Eliquid France continue de s\u00e9duire les amateurs de saveurs fruit\u00e9es gr\u00e2ce \u00e0 sa gamme Fruizee. Pour ceux qui en veulent toujours plus, la marque pr\u00e9sente Fruizee Max !<\/p>\n<p>Cette gamme rassemble 12 recettes revisit\u00e9es avec une triple dose d\u2019ar\u00f4mes afin de garantir une explosion de saveurs fruit\u00e9es et fra\u00eeches \u00e0 chaque bouff\u00e9e.<\/p>\n<p>L&#8217;<strong>e-liquide<\/strong><strong>\u00a0Dragon Fraise 50ml Fruizee Max<\/strong>\u00a0vous plongera dans un monde exotique et savoureux. Le\u00a0<u>fruit du dragon<\/u>\u00a0est d\u00e9licat, la\u00a0<u>fraise<\/u>\u00a0est g\u00e9n\u00e9reuse et l&#8217;effet\u00a0<u>frais<\/u>\u00a0est \u00e9lectrisant !<\/p>\n<p>Cet e-liquide Fruizee Max est disponible \u00e0 l&#8217;achat dans un flacon de 70ml de capacit\u00e9, rempli de 50ml d&#8217;e-liquide.<\/p>\n<p>Votre fournisseur d&#8217;e-cigarettes vous indique un taux de PG\/VG en 50\/50 pour \u00eatre compatible avec max de clearomiseurs et cartouches pod.<\/p>\n","protected":false},"featured_media":9384,"template":"","meta":{"_monsterinsights_skip_tracking":false,"_monsterinsights_sitenote_active":false,"_monsterinsights_sitenote_note":"","_monsterinsights_sitenote_category":0,"spay_email":""},"product_cat":[163,119,84,123,107],"product_tag":[],"class_list":["post-9380","product","type-product","status-publish","has-post-thumbnail","hentry","product_cat-eliquid-france","product_cat-fruitees-frais","product_cat-fruizee","product_cat-nouveaute","product_cat-50ml"],"yoast_head":"<!-- This site is optimized with the Yoast SEO plugin v18.2 - https:\/\/yoast.com\/wordpress\/plugins\/seo\/ -->\n<title>Dragon Fraise 50ml - Fruizee Max by Fruizee - Boutique de cigarettes \u00e9lectroniques<\/title>\n<meta name=\"robots\" content=\"index, follow, max-snippet:-1, max-image-preview:large, max-video-preview:-1\" \/>\n<link rel=\"canonical\" href=\"https:\/\/www.mastervape.fr\/index.php\/produit\/dragon-fraise-50ml-fruizee-max-by-fruizee\/\" \/>\n<meta property=\"og:locale\" content=\"fr_FR\" \/>\n<meta property=\"og:type\" content=\"article\" \/>\n<meta property=\"og:title\" content=\"Dragon Fraise 50ml - Fruizee Max by Fruizee - Boutique de cigarettes \u00e9lectroniques\" \/>\n<meta property=\"og:description\" content=\"Acteur majeur de la vape fran\u00e7aise, Eliquid France continue de s\u00e9duire les amateurs de saveurs fruit\u00e9es gr\u00e2ce \u00e0 sa gamme Fruizee. Pour ceux qui en veulent toujours plus, la marque pr\u00e9sente Fruizee Max !  Cette gamme rassemble 12 recettes revisit\u00e9es avec une triple dose d\u2019ar\u00f4mes afin de garantir une explosion de saveurs fruit\u00e9es et fra\u00eeches \u00e0 chaque bouff\u00e9e.  L&#039;e-liquide\u00a0Dragon Fraise 50ml Fruizee Max\u00a0vous plongera dans un monde exotique et savoureux. Le\u00a0fruit du dragon\u00a0est d\u00e9licat, la\u00a0fraise\u00a0est g\u00e9n\u00e9reuse et l&#039;effet\u00a0frais\u00a0est \u00e9lectrisant !  Cet e-liquide Fruizee Max est disponible \u00e0 l&#039;achat dans un flacon de 70ml de capacit\u00e9, rempli de 50ml d&#039;e-liquide.  Votre fournisseur d&#039;e-cigarettes vous indique un taux de PG\/VG en 50\/50 pour \u00eatre compatible avec max de clearomiseurs et cartouches pod.\" \/>\n<meta property=\"og:url\" content=\"https:\/\/www.mastervape.fr\/index.php\/produit\/dragon-fraise-50ml-fruizee-max-by-fruizee\/\" \/>\n<meta property=\"og:site_name\" content=\"Boutique de cigarettes \u00e9lectroniques\" \/>\n<meta property=\"article:publisher\" content=\"https:\/\/www.facebook.com\/mastervapeelbeuf\" \/>\n<meta property=\"article:modified_time\" content=\"2026-04-15T13:58:55+00:00\" \/>\n<meta property=\"og:image\" content=\"https:\/\/www.mastervape.fr\/wp-content\/uploads\/2026\/04\/max-dragon-fraise.png\" \/>\n\t<meta property=\"og:image:width\" content=\"800\" \/>\n\t<meta property=\"og:image:height\" content=\"800\" \/>\n\t<meta property=\"og:image:type\" content=\"image\/png\" \/>\n<meta name=\"twitter:card\" content=\"summary_large_image\" \/>\n<script type=\"application\/ld+json\" class=\"yoast-schema-graph\">{\"@context\":\"https:\/\/schema.org\",\"@graph\":[{\"@type\":\"Organization\",\"@id\":\"https:\/\/www.mastervape.fr\/#organization\",\"name\":\"Master vape\",\"url\":\"https:\/\/www.mastervape.fr\/\",\"sameAs\":[\"https:\/\/www.facebook.com\/mastervapeelbeuf\"],\"logo\":{\"@type\":\"ImageObject\",\"@id\":\"https:\/\/www.mastervape.fr\/#logo\",\"inLanguage\":\"fr-FR\",\"url\":\"https:\/\/mastervape.fr\/wp-content\/uploads\/2020\/04\/logoSite-2.png\",\"contentUrl\":\"https:\/\/mastervape.fr\/wp-content\/uploads\/2020\/04\/logoSite-2.png\",\"width\":512,\"height\":512,\"caption\":\"Master vape\"},\"image\":{\"@id\":\"https:\/\/www.mastervape.fr\/#logo\"}},{\"@type\":\"WebSite\",\"@id\":\"https:\/\/www.mastervape.fr\/#website\",\"url\":\"https:\/\/www.mastervape.fr\/\",\"name\":\"Master vape Elbeuf\",\"description\":\"la vape chez les sp\u00e9cialistes\",\"publisher\":{\"@id\":\"https:\/\/www.mastervape.fr\/#organization\"},\"potentialAction\":[{\"@type\":\"SearchAction\",\"target\":{\"@type\":\"EntryPoint\",\"urlTemplate\":\"https:\/\/www.mastervape.fr\/?s={search_term_string}\"},\"query-input\":\"required name=search_term_string\"}],\"inLanguage\":\"fr-FR\"},{\"@type\":\"ImageObject\",\"@id\":\"https:\/\/www.mastervape.fr\/index.php\/produit\/dragon-fraise-50ml-fruizee-max-by-fruizee\/#primaryimage\",\"inLanguage\":\"fr-FR\",\"url\":\"https:\/\/www.mastervape.fr\/wp-content\/uploads\/2026\/04\/max-dragon-fraise.png\",\"contentUrl\":\"https:\/\/www.mastervape.fr\/wp-content\/uploads\/2026\/04\/max-dragon-fraise.png\",\"width\":800,\"height\":800},{\"@type\":\"WebPage\",\"@id\":\"https:\/\/www.mastervape.fr\/index.php\/produit\/dragon-fraise-50ml-fruizee-max-by-fruizee\/#webpage\",\"url\":\"https:\/\/www.mastervape.fr\/index.php\/produit\/dragon-fraise-50ml-fruizee-max-by-fruizee\/\",\"name\":\"Dragon Fraise 50ml - Fruizee Max by Fruizee - Boutique de cigarettes \u00e9lectroniques\",\"isPartOf\":{\"@id\":\"https:\/\/www.mastervape.fr\/#website\"},\"primaryImageOfPage\":{\"@id\":\"https:\/\/www.mastervape.fr\/index.php\/produit\/dragon-fraise-50ml-fruizee-max-by-fruizee\/#primaryimage\"},\"datePublished\":\"2026-04-15T13:58:54+00:00\",\"dateModified\":\"2026-04-15T13:58:55+00:00\",\"breadcrumb\":{\"@id\":\"https:\/\/www.mastervape.fr\/index.php\/produit\/dragon-fraise-50ml-fruizee-max-by-fruizee\/#breadcrumb\"},\"inLanguage\":\"fr-FR\",\"potentialAction\":[{\"@type\":\"ReadAction\",\"target\":[\"https:\/\/www.mastervape.fr\/index.php\/produit\/dragon-fraise-50ml-fruizee-max-by-fruizee\/\"]}]},{\"@type\":\"BreadcrumbList\",\"@id\":\"https:\/\/www.mastervape.fr\/index.php\/produit\/dragon-fraise-50ml-fruizee-max-by-fruizee\/#breadcrumb\",\"itemListElement\":[{\"@type\":\"ListItem\",\"position\":1,\"name\":\"Home\",\"item\":\"https:\/\/www.mastervape.fr\/\"},{\"@type\":\"ListItem\",\"position\":2,\"name\":\"Boutique\",\"item\":\"https:\/\/www.mastervape.fr\/index.php\/boutique-cigarette-electronique-elbeuf\/\"},{\"@type\":\"ListItem\",\"position\":3,\"name\":\"Dragon Fraise 50ml &#8211; Fruizee Max by Fruizee\"}]}]}<\/script>\n<!-- \/ Yoast SEO plugin. -->","yoast_head_json":{"title":"Dragon Fraise 50ml - Fruizee Max by Fruizee - Boutique de cigarettes \u00e9lectroniques","robots":{"index":"index","follow":"follow","max-snippet":"max-snippet:-1","max-image-preview":"max-image-preview:large","max-video-preview":"max-video-preview:-1"},"canonical":"https:\/\/www.mastervape.fr\/index.php\/produit\/dragon-fraise-50ml-fruizee-max-by-fruizee\/","og_locale":"fr_FR","og_type":"article","og_title":"Dragon Fraise 50ml - Fruizee Max by Fruizee - Boutique de cigarettes \u00e9lectroniques","og_description":"Acteur majeur de la vape fran\u00e7aise, Eliquid France continue de s\u00e9duire les amateurs de saveurs fruit\u00e9es gr\u00e2ce \u00e0 sa gamme Fruizee. Pour ceux qui en veulent toujours plus, la marque pr\u00e9sente Fruizee Max !  Cette gamme rassemble 12 recettes revisit\u00e9es avec une triple dose d\u2019ar\u00f4mes afin de garantir une explosion de saveurs fruit\u00e9es et fra\u00eeches \u00e0 chaque bouff\u00e9e.  L'e-liquide\u00a0Dragon Fraise 50ml Fruizee Max\u00a0vous plongera dans un monde exotique et savoureux. Le\u00a0fruit du dragon\u00a0est d\u00e9licat, la\u00a0fraise\u00a0est g\u00e9n\u00e9reuse et l'effet\u00a0frais\u00a0est \u00e9lectrisant !  Cet e-liquide Fruizee Max est disponible \u00e0 l'achat dans un flacon de 70ml de capacit\u00e9, rempli de 50ml d'e-liquide.  Votre fournisseur d'e-cigarettes vous indique un taux de PG\/VG en 50\/50 pour \u00eatre compatible avec max de clearomiseurs et cartouches pod.","og_url":"https:\/\/www.mastervape.fr\/index.php\/produit\/dragon-fraise-50ml-fruizee-max-by-fruizee\/","og_site_name":"Boutique de cigarettes \u00e9lectroniques","article_publisher":"https:\/\/www.facebook.com\/mastervapeelbeuf","article_modified_time":"2026-04-15T13:58:55+00:00","og_image":[{"width":800,"height":800,"url":"https:\/\/www.mastervape.fr\/wp-content\/uploads\/2026\/04\/max-dragon-fraise.png","type":"image\/png"}],"twitter_card":"summary_large_image","schema":{"@context":"https:\/\/schema.org","@graph":[{"@type":"Organization","@id":"https:\/\/www.mastervape.fr\/#organization","name":"Master vape","url":"https:\/\/www.mastervape.fr\/","sameAs":["https:\/\/www.facebook.com\/mastervapeelbeuf"],"logo":{"@type":"ImageObject","@id":"https:\/\/www.mastervape.fr\/#logo","inLanguage":"fr-FR","url":"https:\/\/mastervape.fr\/wp-content\/uploads\/2020\/04\/logoSite-2.png","contentUrl":"https:\/\/mastervape.fr\/wp-content\/uploads\/2020\/04\/logoSite-2.png","width":512,"height":512,"caption":"Master vape"},"image":{"@id":"https:\/\/www.mastervape.fr\/#logo"}},{"@type":"WebSite","@id":"https:\/\/www.mastervape.fr\/#website","url":"https:\/\/www.mastervape.fr\/","name":"Master vape Elbeuf","description":"la vape chez les sp\u00e9cialistes","publisher":{"@id":"https:\/\/www.mastervape.fr\/#organization"},"potentialAction":[{"@type":"SearchAction","target":{"@type":"EntryPoint","urlTemplate":"https:\/\/www.mastervape.fr\/?s={search_term_string}"},"query-input":"required name=search_term_string"}],"inLanguage":"fr-FR"},{"@type":"ImageObject","@id":"https:\/\/www.mastervape.fr\/index.php\/produit\/dragon-fraise-50ml-fruizee-max-by-fruizee\/#primaryimage","inLanguage":"fr-FR","url":"https:\/\/www.mastervape.fr\/wp-content\/uploads\/2026\/04\/max-dragon-fraise.png","contentUrl":"https:\/\/www.mastervape.fr\/wp-content\/uploads\/2026\/04\/max-dragon-fraise.png","width":800,"height":800},{"@type":"WebPage","@id":"https:\/\/www.mastervape.fr\/index.php\/produit\/dragon-fraise-50ml-fruizee-max-by-fruizee\/#webpage","url":"https:\/\/www.mastervape.fr\/index.php\/produit\/dragon-fraise-50ml-fruizee-max-by-fruizee\/","name":"Dragon Fraise 50ml - Fruizee Max by Fruizee - Boutique de cigarettes \u00e9lectroniques","isPartOf":{"@id":"https:\/\/www.mastervape.fr\/#website"},"primaryImageOfPage":{"@id":"https:\/\/www.mastervape.fr\/index.php\/produit\/dragon-fraise-50ml-fruizee-max-by-fruizee\/#primaryimage"},"datePublished":"2026-04-15T13:58:54+00:00","dateModified":"2026-04-15T13:58:55+00:00","breadcrumb":{"@id":"https:\/\/www.mastervape.fr\/index.php\/produit\/dragon-fraise-50ml-fruizee-max-by-fruizee\/#breadcrumb"},"inLanguage":"fr-FR","potentialAction":[{"@type":"ReadAction","target":["https:\/\/www.mastervape.fr\/index.php\/produit\/dragon-fraise-50ml-fruizee-max-by-fruizee\/"]}]},{"@type":"BreadcrumbList","@id":"https:\/\/www.mastervape.fr\/index.php\/produit\/dragon-fraise-50ml-fruizee-max-by-fruizee\/#breadcrumb","itemListElement":[{"@type":"ListItem","position":1,"name":"Home","item":"https:\/\/www.mastervape.fr\/"},{"@type":"ListItem","position":2,"name":"Boutique","item":"https:\/\/www.mastervape.fr\/index.php\/boutique-cigarette-electronique-elbeuf\/"},{"@type":"ListItem","position":3,"name":"Dragon Fraise 50ml &#8211; Fruizee Max by Fruizee"}]}]}},"_links":{"self":[{"href":"https:\/\/www.mastervape.fr\/index.php\/wp-json\/wp\/v2\/product\/9380"}],"collection":[{"href":"https:\/\/www.mastervape.fr\/index.php\/wp-json\/wp\/v2\/product"}],"about":[{"href":"https:\/\/www.mastervape.fr\/index.php\/wp-json\/wp\/v2\/types\/product"}],"wp:featuredmedia":[{"embeddable":true,"href":"https:\/\/www.mastervape.fr\/index.php\/wp-json\/wp\/v2\/media\/9384"}],"wp:attachment":[{"href":"https:\/\/www.mastervape.fr\/index.php\/wp-json\/wp\/v2\/media?parent=9380"}],"wp:term":[{"taxonomy":"product_cat","embeddable":true,"href":"https:\/\/www.mastervape.fr\/index.php\/wp-json\/wp\/v2\/product_cat?post=9380"},{"taxonomy":"product_tag","embeddable":true,"href":"https:\/\/www.mastervape.fr\/index.php\/wp-json\/wp\/v2\/product_tag?post=9380"}],"curies":[{"name":"wp","href":"https:\/\/api.w.org\/{rel}","templated":true}]}}