{"id":9390,"date":"2026-04-15T16:10:23","date_gmt":"2026-04-15T14:10:23","guid":{"rendered":"https:\/\/www.mastervape.fr\/?post_type=product&#038;p=9390"},"modified":"2026-04-15T16:10:23","modified_gmt":"2026-04-15T14:10:23","slug":"cola-pomme-50ml-fruizee-max-by-fruizee","status":"publish","type":"product","link":"https:\/\/www.mastervape.fr\/index.php\/produit\/cola-pomme-50ml-fruizee-max-by-fruizee\/","title":{"rendered":"Cola Pomme 50ml &#8211; Fruizee Max by Fruizee"},"content":{"rendered":"","protected":false},"excerpt":{"rendered":"<p>Avec sa gamme Fruizee, Eliquid France s\u2019est impos\u00e9e comme une marque phare dans l\u2019univers de la vape en France. Pour aller encore plus loin dans l\u2019intensit\u00e9 des saveurs, d\u00e9couvrez d\u00e9sormais Fruizee Max !<\/p>\n<p>Cette nouvelle s\u00e9rie propose 12 cr\u00e9ations aromatiques dot\u00e9es d\u2019une triple concentration pour d\u00e9cupler les sensations fruit\u00e9es et la fra\u00eecheur.<\/p>\n<p>L&#8217;<strong>e-liquide<\/strong><strong>\u00a0cola Pomme 50ml Fruizee Max<\/strong>\u00a0va vous plaire avec sa fraicheur p\u00e9tillante. Un\u00a0<u>cola<\/u>\u00a0d\u00e9salt\u00e9rant, une\u00a0<u>pomme<\/u>\u00a0croquante et une poign\u00e9e de\u00a0<u>gla\u00e7ons<\/u>\u00a0viendront vous faire frissonner de plaisir !<\/p>\n<p>Cet e-liquide Fruizee Max est disponible dans un flacon de 70ml de capacit\u00e9, rempli de 50ml d&#8217;e-liquide.<\/p>\n<p>Votre fournisseur d&#8217;e-cigarettes vous indique un taux de PG\/VG en 50\/50 pour \u00eatre compatible avec max de clearomiseurs et cartouches pod.<\/p>\n","protected":false},"featured_media":9394,"template":"","meta":{"_monsterinsights_skip_tracking":false,"_monsterinsights_sitenote_active":false,"_monsterinsights_sitenote_note":"","_monsterinsights_sitenote_category":0,"spay_email":""},"product_cat":[163,119,84,123,107],"product_tag":[],"class_list":["post-9390","product","type-product","status-publish","has-post-thumbnail","hentry","product_cat-eliquid-france","product_cat-fruitees-frais","product_cat-fruizee","product_cat-nouveaute","product_cat-50ml"],"yoast_head":"<!-- This site is optimized with the Yoast SEO plugin v18.2 - https:\/\/yoast.com\/wordpress\/plugins\/seo\/ -->\n<title>Cola Pomme 50ml - Fruizee Max by Fruizee - Boutique de cigarettes \u00e9lectroniques<\/title>\n<meta name=\"robots\" content=\"index, follow, max-snippet:-1, max-image-preview:large, max-video-preview:-1\" \/>\n<link rel=\"canonical\" href=\"https:\/\/www.mastervape.fr\/index.php\/produit\/cola-pomme-50ml-fruizee-max-by-fruizee\/\" \/>\n<meta property=\"og:locale\" content=\"fr_FR\" \/>\n<meta property=\"og:type\" content=\"article\" \/>\n<meta property=\"og:title\" content=\"Cola Pomme 50ml - Fruizee Max by Fruizee - Boutique de cigarettes \u00e9lectroniques\" \/>\n<meta property=\"og:description\" content=\"Avec sa gamme Fruizee, Eliquid France s\u2019est impos\u00e9e comme une marque phare dans l\u2019univers de la vape en France. Pour aller encore plus loin dans l\u2019intensit\u00e9 des saveurs, d\u00e9couvrez d\u00e9sormais Fruizee Max !  Cette nouvelle s\u00e9rie propose 12 cr\u00e9ations aromatiques dot\u00e9es d\u2019une triple concentration pour d\u00e9cupler les sensations fruit\u00e9es et la fra\u00eecheur.  L&#039;e-liquide\u00a0cola Pomme 50ml Fruizee Max\u00a0va vous plaire avec sa fraicheur p\u00e9tillante. Un\u00a0cola\u00a0d\u00e9salt\u00e9rant, une\u00a0pomme\u00a0croquante et une poign\u00e9e de\u00a0gla\u00e7ons\u00a0viendront vous faire frissonner de plaisir !  Cet e-liquide Fruizee Max est disponible dans un flacon de 70ml de capacit\u00e9, rempli de 50ml d&#039;e-liquide.  Votre fournisseur d&#039;e-cigarettes vous indique un taux de PG\/VG en 50\/50 pour \u00eatre compatible avec max de clearomiseurs et cartouches pod.\" \/>\n<meta property=\"og:url\" content=\"https:\/\/www.mastervape.fr\/index.php\/produit\/cola-pomme-50ml-fruizee-max-by-fruizee\/\" \/>\n<meta property=\"og:site_name\" content=\"Boutique de cigarettes \u00e9lectroniques\" \/>\n<meta property=\"article:publisher\" content=\"https:\/\/www.facebook.com\/mastervapeelbeuf\" \/>\n<meta property=\"og:image\" content=\"https:\/\/www.mastervape.fr\/wp-content\/uploads\/2026\/04\/max-cola-pomme.png\" \/>\n\t<meta property=\"og:image:width\" content=\"800\" \/>\n\t<meta property=\"og:image:height\" content=\"800\" \/>\n\t<meta property=\"og:image:type\" content=\"image\/png\" \/>\n<meta name=\"twitter:card\" content=\"summary_large_image\" \/>\n<script type=\"application\/ld+json\" class=\"yoast-schema-graph\">{\"@context\":\"https:\/\/schema.org\",\"@graph\":[{\"@type\":\"Organization\",\"@id\":\"https:\/\/www.mastervape.fr\/#organization\",\"name\":\"Master vape\",\"url\":\"https:\/\/www.mastervape.fr\/\",\"sameAs\":[\"https:\/\/www.facebook.com\/mastervapeelbeuf\"],\"logo\":{\"@type\":\"ImageObject\",\"@id\":\"https:\/\/www.mastervape.fr\/#logo\",\"inLanguage\":\"fr-FR\",\"url\":\"https:\/\/mastervape.fr\/wp-content\/uploads\/2020\/04\/logoSite-2.png\",\"contentUrl\":\"https:\/\/mastervape.fr\/wp-content\/uploads\/2020\/04\/logoSite-2.png\",\"width\":512,\"height\":512,\"caption\":\"Master vape\"},\"image\":{\"@id\":\"https:\/\/www.mastervape.fr\/#logo\"}},{\"@type\":\"WebSite\",\"@id\":\"https:\/\/www.mastervape.fr\/#website\",\"url\":\"https:\/\/www.mastervape.fr\/\",\"name\":\"Master vape Elbeuf\",\"description\":\"la vape chez les sp\u00e9cialistes\",\"publisher\":{\"@id\":\"https:\/\/www.mastervape.fr\/#organization\"},\"potentialAction\":[{\"@type\":\"SearchAction\",\"target\":{\"@type\":\"EntryPoint\",\"urlTemplate\":\"https:\/\/www.mastervape.fr\/?s={search_term_string}\"},\"query-input\":\"required name=search_term_string\"}],\"inLanguage\":\"fr-FR\"},{\"@type\":\"ImageObject\",\"@id\":\"https:\/\/www.mastervape.fr\/index.php\/produit\/cola-pomme-50ml-fruizee-max-by-fruizee\/#primaryimage\",\"inLanguage\":\"fr-FR\",\"url\":\"https:\/\/www.mastervape.fr\/wp-content\/uploads\/2026\/04\/max-cola-pomme.png\",\"contentUrl\":\"https:\/\/www.mastervape.fr\/wp-content\/uploads\/2026\/04\/max-cola-pomme.png\",\"width\":800,\"height\":800},{\"@type\":\"WebPage\",\"@id\":\"https:\/\/www.mastervape.fr\/index.php\/produit\/cola-pomme-50ml-fruizee-max-by-fruizee\/#webpage\",\"url\":\"https:\/\/www.mastervape.fr\/index.php\/produit\/cola-pomme-50ml-fruizee-max-by-fruizee\/\",\"name\":\"Cola Pomme 50ml - Fruizee Max by Fruizee - Boutique de cigarettes \u00e9lectroniques\",\"isPartOf\":{\"@id\":\"https:\/\/www.mastervape.fr\/#website\"},\"primaryImageOfPage\":{\"@id\":\"https:\/\/www.mastervape.fr\/index.php\/produit\/cola-pomme-50ml-fruizee-max-by-fruizee\/#primaryimage\"},\"datePublished\":\"2026-04-15T14:10:23+00:00\",\"dateModified\":\"2026-04-15T14:10:23+00:00\",\"breadcrumb\":{\"@id\":\"https:\/\/www.mastervape.fr\/index.php\/produit\/cola-pomme-50ml-fruizee-max-by-fruizee\/#breadcrumb\"},\"inLanguage\":\"fr-FR\",\"potentialAction\":[{\"@type\":\"ReadAction\",\"target\":[\"https:\/\/www.mastervape.fr\/index.php\/produit\/cola-pomme-50ml-fruizee-max-by-fruizee\/\"]}]},{\"@type\":\"BreadcrumbList\",\"@id\":\"https:\/\/www.mastervape.fr\/index.php\/produit\/cola-pomme-50ml-fruizee-max-by-fruizee\/#breadcrumb\",\"itemListElement\":[{\"@type\":\"ListItem\",\"position\":1,\"name\":\"Home\",\"item\":\"https:\/\/www.mastervape.fr\/\"},{\"@type\":\"ListItem\",\"position\":2,\"name\":\"Boutique\",\"item\":\"https:\/\/www.mastervape.fr\/index.php\/boutique-cigarette-electronique-elbeuf\/\"},{\"@type\":\"ListItem\",\"position\":3,\"name\":\"Cola Pomme 50ml &#8211; Fruizee Max by Fruizee\"}]}]}<\/script>\n<!-- \/ Yoast SEO plugin. -->","yoast_head_json":{"title":"Cola Pomme 50ml - Fruizee Max by Fruizee - Boutique de cigarettes \u00e9lectroniques","robots":{"index":"index","follow":"follow","max-snippet":"max-snippet:-1","max-image-preview":"max-image-preview:large","max-video-preview":"max-video-preview:-1"},"canonical":"https:\/\/www.mastervape.fr\/index.php\/produit\/cola-pomme-50ml-fruizee-max-by-fruizee\/","og_locale":"fr_FR","og_type":"article","og_title":"Cola Pomme 50ml - Fruizee Max by Fruizee - Boutique de cigarettes \u00e9lectroniques","og_description":"Avec sa gamme Fruizee, Eliquid France s\u2019est impos\u00e9e comme une marque phare dans l\u2019univers de la vape en France. Pour aller encore plus loin dans l\u2019intensit\u00e9 des saveurs, d\u00e9couvrez d\u00e9sormais Fruizee Max !  Cette nouvelle s\u00e9rie propose 12 cr\u00e9ations aromatiques dot\u00e9es d\u2019une triple concentration pour d\u00e9cupler les sensations fruit\u00e9es et la fra\u00eecheur.  L'e-liquide\u00a0cola Pomme 50ml Fruizee Max\u00a0va vous plaire avec sa fraicheur p\u00e9tillante. Un\u00a0cola\u00a0d\u00e9salt\u00e9rant, une\u00a0pomme\u00a0croquante et une poign\u00e9e de\u00a0gla\u00e7ons\u00a0viendront vous faire frissonner de plaisir !  Cet e-liquide Fruizee Max est disponible dans un flacon de 70ml de capacit\u00e9, rempli de 50ml d'e-liquide.  Votre fournisseur d'e-cigarettes vous indique un taux de PG\/VG en 50\/50 pour \u00eatre compatible avec max de clearomiseurs et cartouches pod.","og_url":"https:\/\/www.mastervape.fr\/index.php\/produit\/cola-pomme-50ml-fruizee-max-by-fruizee\/","og_site_name":"Boutique de cigarettes \u00e9lectroniques","article_publisher":"https:\/\/www.facebook.com\/mastervapeelbeuf","og_image":[{"width":800,"height":800,"url":"https:\/\/www.mastervape.fr\/wp-content\/uploads\/2026\/04\/max-cola-pomme.png","type":"image\/png"}],"twitter_card":"summary_large_image","schema":{"@context":"https:\/\/schema.org","@graph":[{"@type":"Organization","@id":"https:\/\/www.mastervape.fr\/#organization","name":"Master vape","url":"https:\/\/www.mastervape.fr\/","sameAs":["https:\/\/www.facebook.com\/mastervapeelbeuf"],"logo":{"@type":"ImageObject","@id":"https:\/\/www.mastervape.fr\/#logo","inLanguage":"fr-FR","url":"https:\/\/mastervape.fr\/wp-content\/uploads\/2020\/04\/logoSite-2.png","contentUrl":"https:\/\/mastervape.fr\/wp-content\/uploads\/2020\/04\/logoSite-2.png","width":512,"height":512,"caption":"Master vape"},"image":{"@id":"https:\/\/www.mastervape.fr\/#logo"}},{"@type":"WebSite","@id":"https:\/\/www.mastervape.fr\/#website","url":"https:\/\/www.mastervape.fr\/","name":"Master vape Elbeuf","description":"la vape chez les sp\u00e9cialistes","publisher":{"@id":"https:\/\/www.mastervape.fr\/#organization"},"potentialAction":[{"@type":"SearchAction","target":{"@type":"EntryPoint","urlTemplate":"https:\/\/www.mastervape.fr\/?s={search_term_string}"},"query-input":"required name=search_term_string"}],"inLanguage":"fr-FR"},{"@type":"ImageObject","@id":"https:\/\/www.mastervape.fr\/index.php\/produit\/cola-pomme-50ml-fruizee-max-by-fruizee\/#primaryimage","inLanguage":"fr-FR","url":"https:\/\/www.mastervape.fr\/wp-content\/uploads\/2026\/04\/max-cola-pomme.png","contentUrl":"https:\/\/www.mastervape.fr\/wp-content\/uploads\/2026\/04\/max-cola-pomme.png","width":800,"height":800},{"@type":"WebPage","@id":"https:\/\/www.mastervape.fr\/index.php\/produit\/cola-pomme-50ml-fruizee-max-by-fruizee\/#webpage","url":"https:\/\/www.mastervape.fr\/index.php\/produit\/cola-pomme-50ml-fruizee-max-by-fruizee\/","name":"Cola Pomme 50ml - Fruizee Max by Fruizee - Boutique de cigarettes \u00e9lectroniques","isPartOf":{"@id":"https:\/\/www.mastervape.fr\/#website"},"primaryImageOfPage":{"@id":"https:\/\/www.mastervape.fr\/index.php\/produit\/cola-pomme-50ml-fruizee-max-by-fruizee\/#primaryimage"},"datePublished":"2026-04-15T14:10:23+00:00","dateModified":"2026-04-15T14:10:23+00:00","breadcrumb":{"@id":"https:\/\/www.mastervape.fr\/index.php\/produit\/cola-pomme-50ml-fruizee-max-by-fruizee\/#breadcrumb"},"inLanguage":"fr-FR","potentialAction":[{"@type":"ReadAction","target":["https:\/\/www.mastervape.fr\/index.php\/produit\/cola-pomme-50ml-fruizee-max-by-fruizee\/"]}]},{"@type":"BreadcrumbList","@id":"https:\/\/www.mastervape.fr\/index.php\/produit\/cola-pomme-50ml-fruizee-max-by-fruizee\/#breadcrumb","itemListElement":[{"@type":"ListItem","position":1,"name":"Home","item":"https:\/\/www.mastervape.fr\/"},{"@type":"ListItem","position":2,"name":"Boutique","item":"https:\/\/www.mastervape.fr\/index.php\/boutique-cigarette-electronique-elbeuf\/"},{"@type":"ListItem","position":3,"name":"Cola Pomme 50ml &#8211; Fruizee Max by Fruizee"}]}]}},"_links":{"self":[{"href":"https:\/\/www.mastervape.fr\/index.php\/wp-json\/wp\/v2\/product\/9390"}],"collection":[{"href":"https:\/\/www.mastervape.fr\/index.php\/wp-json\/wp\/v2\/product"}],"about":[{"href":"https:\/\/www.mastervape.fr\/index.php\/wp-json\/wp\/v2\/types\/product"}],"wp:featuredmedia":[{"embeddable":true,"href":"https:\/\/www.mastervape.fr\/index.php\/wp-json\/wp\/v2\/media\/9394"}],"wp:attachment":[{"href":"https:\/\/www.mastervape.fr\/index.php\/wp-json\/wp\/v2\/media?parent=9390"}],"wp:term":[{"taxonomy":"product_cat","embeddable":true,"href":"https:\/\/www.mastervape.fr\/index.php\/wp-json\/wp\/v2\/product_cat?post=9390"},{"taxonomy":"product_tag","embeddable":true,"href":"https:\/\/www.mastervape.fr\/index.php\/wp-json\/wp\/v2\/product_tag?post=9390"}],"curies":[{"name":"wp","href":"https:\/\/api.w.org\/{rel}","templated":true}]}}